{"id":11544,"date":"2024-06-29T14:36:59","date_gmt":"2024-06-29T07:36:59","guid":{"rendered":"https:\/\/serverhot.vn\/product\/uncategorized\/tu-rack-hnr-10u-d1000-ma-san-pham-hnr-10ud1000\/"},"modified":"2024-06-29T14:37:00","modified_gmt":"2024-06-29T07:37:00","slug":"tu-rack-hnr-10u-d1000-ma-san-pham-hnr-10ud1000","status":"publish","type":"product","link":"https:\/\/serverhot.vn\/ru\/-product-\/tu-rack-hnr-10u-d1000-ma-san-pham-hnr-10ud1000\/","title":{"rendered":"T\u1ee7 Rack HNR 10U-D1000 M\u00e3 s\u1ea3n ph\u1ea9m: HNR-10UD1000"},"content":{"rendered":"<div class=\"showText tabs\" id=\"tab2\">\n<div class=\"box_right_pro_view\">\n<div class=\"thongso_pro a_technical\" style=\"max-height: fit-content\">\n<table class=\"MsoNormalTable\" border=\"1\" cellspacing=\"0\" cellpadding=\"0\">\n<tbody>\n<tr>\n<td valign=\"top\" width=\"179\">\n<p class=\"MsoNormal\" align=\"center\"><span>T\u00ean s\u1ea3n ph\u1ea9m<\/span><\/p>\n<\/td>\n<td valign=\"top\" width=\"132\">\n<p class=\"MsoNormal\" align=\"center\"><span>M\u00e3 s\u1ea3n ph\u1ea9m<\/span><\/p>\n<\/td>\n<td valign=\"top\" width=\"311\">\n<p class=\"MsoNormal\" align=\"center\"><span>Th\u00f4ng s\u1ed1 k\u1ef9 thu\u1eadt<\/span><\/p>\n<\/td>\n<\/tr>\n<tr>\n<td valign=\"top\" width=\"179\">\n<p class=\"MsoNormal\"><span>T\u1ee7 Rack HNR 10U-D1000<\/span><\/p>\n<p class=\"MsoNormal\" align=\"center\"><span>\u00a0<\/span><\/p>\n<\/td>\n<td valign=\"top\" width=\"132\">\n<p class=\"MsoNormal\" align=\"center\"><span>HNR-10UD1000<\/span><\/p>\n<p class=\"MsoNormal\" align=\"center\"><span>\u00a0<\/span><\/p>\n<\/td>\n<td valign=\"top\" width=\"311\">\n<h3><span>T\u1ee7 Rack HNR 10U-D1000<\/span><\/h3>\n<p class=\"MsoNormal\"><strong><span>&#8211;<\/span><\/strong><span>K\u00edch th\u01b0\u1edbc: Cao 600 x R\u1ed9ng 550 xS\u00e2u 1000 (mm)<\/span><\/p>\n<p class=\"MsoNormal\"><span>-K\u1ebft c\u1ea5u: D\u1ea1ng \u0111\u1ee9ng,h\u00e0n li\u1ec1n.C\u00f3 th\u1ec3 treo t\u01b0\u1eddng<\/span><\/p>\n<p class=\"MsoNormal\"><span>-M\u00e0u s\u1eafc: M\u00e0u \u0111en s\u1ea7n ho\u1eb7c Ghi s\u1ea7n<\/span><\/p>\n<p class=\"MsoNormal\"><span>-C\u00e1nh tr\u01b0\u1edbc: C\u1eeda \u0111\u1ed9t l\u1ed7 l\u01b0\u1edbi ho\u1eb7c d\u1ea1ng mica<\/span><\/p>\n<p class=\"MsoNormal\"><span>-T\u1ea3i tr\u1ecdng: 40kg<\/span><\/p>\n<p class=\"MsoNormal\"><span>-V\u1eadt li\u1ec7u: T\u00f4n m\u1ea1 k\u1ebdm d\u00e0y 1mm- 1,5mm<\/span><\/p>\n<p class=\"MsoNormal\"><span>-Di chuy\u1ec3n: 04 B\u00e1nh xe \u0111i\u1ec1u h\u01b0\u1edbng, xoay 360 \u0111\u1ed9<\/span><\/p>\n<p class=\"MsoNormal\"><span>-Ph\u1ee5 ki\u1ec7n: 01 Qu\u1ea1t h\u00fat gi\u00f3 c\u00f4ng su\u1ea5t 24W, \u1ed4 c\u1eafm ngu\u1ed3n 3 ch\u1ea5u \u0111a n\u0103ng<\/span><\/p>\n<p class=\"MsoNormal\"><span>-T\u01b0\u01a1ng th\u00edch c\u00e1c thi\u1ebft b\u1ecb ti\u00eau chu\u1ea9n 19&#8243;<\/span><\/p>\n<\/td>\n<\/tr>\n<\/tbody>\n<\/table>\n<p class=\"MsoNormal\" align=\"center\">\u00a0<\/p>\n<\/p><\/div>\n<p>                            <!--                            <\/p>\n<div class=\"xemthem_id_r\">--><br \/>\n                            <!--                                <a><!--\/show\/?token=--><br \/>\n                            <!--\"--><br \/>\n                            <!--                                   class=\"preview fancybox fancybox.ajax\" rel=\"nofollow\"&gt;Xem th&#234;m th&#244;ng s&#7889; k&#7929; thu&#7853;t<\/a>--><br \/>\n                            <!--                            <\/div>\n<p>-->\n                        <\/p><\/div>\n<\/p><\/div>","protected":false},"excerpt":{"rendered":"<ul>\n<div>\n<ul>\n<li><strong>K\u00edch th\u01b0\u1edbc\u00a0\u00a0<\/strong>: Cao 600* R\u1ed9ng 550 * S\u00e2u 1000 (mm)<\/li>\n<li><strong>K\u1ebft c\u1ea5u\u00a0\u00a0 \u00a0 \u00a0 \u00a0<\/strong>: D\u1ea1ng \u0111\u1ee9ng, c\u00f3 th\u1ec3 th\u00e1o r\u1eddi<\/li>\n<li><strong>M\u00e0u s\u1eafc\u00a0\u00a0 \u00a0 \u00a0\u00a0<\/strong>: M\u00e0u \u0111en s\u1ea7n ho\u1eb7c Ghi s\u1ea7n<\/li>\n<li><strong>C\u00e1nh tr\u01b0\u1edbc\u00a0\u00a0<\/strong>: C\u1eeda l\u01b0\u1edbi ho\u1eb7c Mika<\/li>\n<li><strong>T\u1ea3i tr\u1ecdng<\/strong>\u00a0 \u00a0 \u00a0 : 200kg<\/li>\n<li><strong>C\u00e1nh h\u00f4ng\u00a0\u00a0\u00a0<\/strong>: 02 C\u00e1nh h\u00f4ng b\u1eaft v\u00edt, d\u1ec5 d\u00e0ng th\u00e1o l\u1eafp<\/li>\n<li><strong>Di chuy\u1ec3n \u00a0 \u00a0\u00a0<\/strong>: 04 B\u00e1nh xe \u0111i\u1ec1u h\u01b0\u1edbng, xoay 360 \u0111\u1ed9. C\u1ed1 \u0111\u1ecbnh b\u1eb1ng 04 ch\u00e2n t\u0103ng c\u1ee9ng<\/li>\n<li><strong>Ph\u1ee5 ki\u1ec7n\u00a0\u00a0 \u00a0 \u00a0\u00a0<\/strong>: 02 Qu\u1ea1t h\u00fat gi\u00f3 c\u00f4ng su\u1ea5t 24W, \u1ed4 c\u1eafm ngu\u1ed3n 6 ch\u1ea5u \u0111a n\u0103ng<\/li>\n<\/ul>\n<\/div>\n<\/ul>","protected":false},"featured_media":11545,"comment_status":"closed","ping_status":"closed","template":"","meta":[],"pwb-brand":[],"product_cat":[2915],"product_tag":[],"class_list":{"0":"post-11544","1":"product","2":"type-product","3":"status-publish","4":"has-post-thumbnail","6":"product_cat-tu-rack","8":"first","9":"instock","10":"shipping-taxable","11":"product-type-simple"},"brands":[],"_links":{"self":[{"href":"https:\/\/serverhot.vn\/ru\/wp-json\/wp\/v2\/product\/11544","targetHints":{"allow":["GET"]}}],"collection":[{"href":"https:\/\/serverhot.vn\/ru\/wp-json\/wp\/v2\/product"}],"about":[{"href":"https:\/\/serverhot.vn\/ru\/wp-json\/wp\/v2\/types\/product"}],"replies":[{"embeddable":true,"href":"https:\/\/serverhot.vn\/ru\/wp-json\/wp\/v2\/comments?post=11544"}],"wp:featuredmedia":[{"embeddable":true,"href":"https:\/\/serverhot.vn\/ru\/wp-json\/wp\/v2\/media\/11545"}],"wp:attachment":[{"href":"https:\/\/serverhot.vn\/ru\/wp-json\/wp\/v2\/media?parent=11544"}],"wp:term":[{"taxonomy":"pwb-brand","embeddable":true,"href":"https:\/\/serverhot.vn\/ru\/wp-json\/wp\/v2\/pwb-brand?post=11544"},{"taxonomy":"product_cat","embeddable":true,"href":"https:\/\/serverhot.vn\/ru\/wp-json\/wp\/v2\/product_cat?post=11544"},{"taxonomy":"product_tag","embeddable":true,"href":"https:\/\/serverhot.vn\/ru\/wp-json\/wp\/v2\/product_tag?post=11544"}],"curies":[{"name":"wp","href":"https:\/\/api.w.org\/{rel}","templated":true}]}}