{"id":12048,"date":"2024-06-29T16:07:15","date_gmt":"2024-06-29T09:07:15","guid":{"rendered":"https:\/\/serverhot.vn\/product\/uncategorized\/bo-dam-icom-ic-v80-vhf-ma-san-pham-icomic-v80\/"},"modified":"2024-06-29T16:07:16","modified_gmt":"2024-06-29T09:07:16","slug":"bo-dam-icom-ic-v80-vhf-ma-san-pham-icomic-v80","status":"publish","type":"product","link":"https:\/\/serverhot.vn\/ru\/-product-\/bo-dam-icom-ic-v80-vhf-ma-san-pham-icomic-v80\/","title":{"rendered":"B\u1ed9 \u0110\u00e0m ICOM IC-V80 VHF M\u00e3 s\u1ea3n ph\u1ea9m: ICOMIC-V80"},"content":{"rendered":"<div class=\"showText tabs\" id=\"tab2\">\n                                    <\/div>","protected":false},"excerpt":{"rendered":"<ul>\n<p><span style=\"margin: 0px;padding: 0px;border: 0px;font-style: normal;font-weight: 400;line-height: inherit;font-family: opensans;font-size: 13px;vertical-align: baseline;color: #222222;letter-spacing: normal;text-align: left;text-indent: 0px;text-transform: none;background-color: #ffffff\">&#8211; D\u1ea3i t\u1ea7n s\u1ed1 VHF:\u00a0<span style=\"margin: 0px;padding: 0px;border: 0px;font-style: inherit;font-variant: inherit;font-weight: inherit;line-height: inherit;font-family: inherit;font-size: 13px;vertical-align: baseline\">136\u2013174MHz<\/span><\/span><br style=\"color: #222222;font-family: opensans;font-size: 13px;font-style: normal;font-weight: 400;letter-spacing: normal;text-align: left;text-indent: 0px;text-transform: none;background-color: #ffffff\"><span style=\"margin: 0px;padding: 0px;border: 0px;font-style: normal;font-weight: 400;line-height: inherit;font-family: opensans;font-size: 13px;vertical-align: baseline;color: #222222;letter-spacing: normal;text-align: left;text-indent: 0px;text-transform: none;background-color: #ffffff\">&#8211; C\u00f4ng su\u1ea5t cao t\u1ea7n: 5,5 watt<\/span><br style=\"color: #222222;font-family: opensans;font-size: 13px;font-style: normal;font-weight: 400;letter-spacing: normal;text-align: left;text-indent: 0px;text-transform: none;background-color: #ffffff\"><span style=\"margin: 0px;padding: 0px;border: 0px;font-style: normal;font-weight: 400;line-height: inherit;font-family: opensans;font-size: 13px;vertical-align: baseline;color: #222222;letter-spacing: normal;text-align: left;text-indent: 0px;text-transform: none;background-color: #ffffff\">&#8211; C\u00f4ng su\u1ea5t \u00e2m thanh: <span style=\"margin: 0px;padding: 0px;border: 0px;font-style: inherit;font-variant: inherit;font-weight: inherit;line-height: inherit;font-family: inherit;font-size: 13px;vertical-align: baseline\">750mW<br \/>&#8211; S\u1ed1 k\u00eanh: 207 CH<br \/>&#8211; Kho\u1ea3ng c\u00e1ch li\u00ean l\u1ea1c: &lt;5km<\/span><\/span><\/p>\n<\/ul>","protected":false},"featured_media":12049,"comment_status":"closed","ping_status":"closed","template":"","meta":[],"pwb-brand":[],"product_cat":[2910],"product_tag":[],"class_list":{"0":"post-12048","1":"product","2":"type-product","3":"status-publish","4":"has-post-thumbnail","6":"product_cat-thiet-bi-van-phong","8":"first","9":"instock","10":"shipping-taxable","11":"product-type-simple"},"brands":[],"_links":{"self":[{"href":"https:\/\/serverhot.vn\/ru\/wp-json\/wp\/v2\/product\/12048","targetHints":{"allow":["GET"]}}],"collection":[{"href":"https:\/\/serverhot.vn\/ru\/wp-json\/wp\/v2\/product"}],"about":[{"href":"https:\/\/serverhot.vn\/ru\/wp-json\/wp\/v2\/types\/product"}],"replies":[{"embeddable":true,"href":"https:\/\/serverhot.vn\/ru\/wp-json\/wp\/v2\/comments?post=12048"}],"wp:featuredmedia":[{"embeddable":true,"href":"https:\/\/serverhot.vn\/ru\/wp-json\/wp\/v2\/media\/12049"}],"wp:attachment":[{"href":"https:\/\/serverhot.vn\/ru\/wp-json\/wp\/v2\/media?parent=12048"}],"wp:term":[{"taxonomy":"pwb-brand","embeddable":true,"href":"https:\/\/serverhot.vn\/ru\/wp-json\/wp\/v2\/pwb-brand?post=12048"},{"taxonomy":"product_cat","embeddable":true,"href":"https:\/\/serverhot.vn\/ru\/wp-json\/wp\/v2\/product_cat?post=12048"},{"taxonomy":"product_tag","embeddable":true,"href":"https:\/\/serverhot.vn\/ru\/wp-json\/wp\/v2\/product_tag?post=12048"}],"curies":[{"name":"wp","href":"https:\/\/api.w.org\/{rel}","templated":true}]}}