{"id":12118,"date":"2024-06-29T16:21:52","date_gmt":"2024-06-29T09:21:52","guid":{"rendered":"https:\/\/serverhot.vn\/product\/uncategorized\/linksys-ac4400-intelligent-mesh-wifi-system-whw0302-2ps-ma-san-pham-whw0302\/"},"modified":"2024-06-29T16:21:53","modified_gmt":"2024-06-29T09:21:53","slug":"linksys-ac4400-intelligent-mesh-wifi-system-whw0302-2ps-ma-san-pham-whw0302","status":"publish","type":"product","link":"https:\/\/serverhot.vn\/ru\/-product-\/linksys-ac4400-intelligent-mesh-wifi-system-whw0302-2ps-ma-san-pham-whw0302\/","title":{"rendered":"LINKSYS AC4400 Intelligent Mesh WiFi System WHW0302 (2Ps) M\u00e3 s\u1ea3n ph\u1ea9m: WHW0302"},"content":{"rendered":"<div class=\"showText tabs\" id=\"tab2\">\n                                    <\/div>","protected":false},"excerpt":{"rendered":"<ul>\n<p>&#8211; H\u1ec7 th\u1ed1ng MESH g\u1ed3m 02 thi\u1ebft b\u1ecb k\u1ebft n\u1ed1i.\u00a0<\/p>\n<p>&#8211; Chu\u00e2\u0309n Wifi th\u00ea\u0301 h\u00ea\u0323 m\u01a1\u0301i nh\u00e2\u0301t (801.11ac Wave2) v\u01a1\u0301i c\u00f4ng ngh\u00ea\u0323 \u0111\u00f4\u0323t pha\u0301 MU-MIMO.\u00a0<\/p>\n<p>&#8211; T\u00f4\u0301c \u0111\u00f4\u0323 l\u00ean t\u01a1\u0301i 4400Mbps 2x (N400Mbps + AC867Mbps + AC 867Mbps).<\/p>\n<p>&#8211; C\u00e2\u0301u hi\u0300nh ma\u0323nh me\u0303 CPU lo\u0303i t\u01b0\u0301 716Mhz, RAM 512Mb, Flash 4Gb.<\/p>\n<p>&#8211; 2 c\u00f4\u0309ng Giagabit Ethernet t\u01b0\u0323 \u0111\u00f4\u0323ng k\u00ea\u0301t n\u00f4\u0301i WAN va\u0300 LAN.<\/p>\n<p>&#8211; H\u1ed7 tr\u1ee3 c\u00e1c chu\u1ea9n kh\u00f4ng d\u00e2y IEEE 802.11a\/b\/g\/n\/ac.<\/p>\n<p>&#8211; Hi\u1ec7u su\u1ea5t cao v\u1edbi 3 b\u0103ng t\u1ea7n ph\u00e1t s\u00f3ng c\u00f9ng l\u00fac (2.4Ghz + 5Ghz + 5Ghz).\u00a0<\/p>\n<p>&#8211; 6 \u0102ng-ten c\u00f4ng su\u00e2\u0301t cao m\u01a1\u0309 r\u00f4\u0323ng vu\u0300ng phu\u0301 so\u0301ng l\u00ean t\u01a1\u0301i 370m\u00b2.<\/p>\n<p>&#8211; C\u00f4ng ngh\u1ec7 Beamforming ph\u00e1t s\u00f3ng t\u1eadp trung \u0111\u1ebfn c\u00e1c thi\u1ebft b\u1ecb k\u1ebft n\u1ed1i, c\u00f4ng ngh\u1ec7 Seamless Roaming cho phe\u0301p chuy\u00ea\u0309n vu\u0300ng kh\u00f4ng gia\u0301n \u0111oa\u0323n<\/p>\n<p>&#8211; Thi\u1ebft k\u1ebf th\u00e2n thi\u1ec7n va\u0300 d\u00ea\u0303 da\u0300ng l\u0103\u0301p \u0111\u0103\u0323t v\u1edbi t\u1ea5t c\u1ea3 c\u00e1c ki\u00ea\u0309u da\u0301ng nha\u0300, c\u0103n h\u00f4\u0323. Phu\u0300 h\u01a1\u0323p cho c\u0103n h\u1ed9 cao c\u1ea5p, bi\u1ec7t th\u1ef1.<\/p>\n<p>&#8211; T\u01b0\u0323 \u0111\u00f4\u0323ng t\u00f4\u0301i \u01b0u ho\u0301a k\u00eanh pha\u0301t so\u0301ng. Qu\u1ea3n l\u00fd l\u01b0u l\u01b0\u1ee3ng ch\u1ea5t l\u01b0\u1ee3ng d\u1ecbch v\u1ee5 QoS.<\/p>\n<p>&#8211; Chu\u1ea9n m\u00e3 ho\u00e1 WEP\/WPA\/WPA2 m\u1ea1nh nh\u1ea5t v\u00e0 t\u01b0\u1eddng l\u1eeda SPI ch\u1ee7 \u0111\u1ed9ng ng\u0103n ng\u1eeba t\u1ea5n c\u00f4ng DoS.<\/p>\n<p>&#8211; D\u1ec5 d\u00e0ng n\u00e2ng c\u1ea5p l\u00ean th\u00e0nh h\u1ec7 th\u1ed1ng MESH 3 thi\u1ebft b\u1ecb.<\/p>\n<\/ul>","protected":false},"featured_media":12119,"comment_status":"closed","ping_status":"closed","template":"","meta":[],"pwb-brand":[],"product_cat":[2907],"product_tag":[55],"class_list":{"0":"post-12118","1":"product","2":"type-product","3":"status-publish","4":"has-post-thumbnail","6":"product_cat-linksys","7":"product_tag-run","9":"first","10":"instock","11":"shipping-taxable","12":"product-type-simple"},"brands":[],"_links":{"self":[{"href":"https:\/\/serverhot.vn\/ru\/wp-json\/wp\/v2\/product\/12118","targetHints":{"allow":["GET"]}}],"collection":[{"href":"https:\/\/serverhot.vn\/ru\/wp-json\/wp\/v2\/product"}],"about":[{"href":"https:\/\/serverhot.vn\/ru\/wp-json\/wp\/v2\/types\/product"}],"replies":[{"embeddable":true,"href":"https:\/\/serverhot.vn\/ru\/wp-json\/wp\/v2\/comments?post=12118"}],"wp:featuredmedia":[{"embeddable":true,"href":"https:\/\/serverhot.vn\/ru\/wp-json\/wp\/v2\/media\/12119"}],"wp:attachment":[{"href":"https:\/\/serverhot.vn\/ru\/wp-json\/wp\/v2\/media?parent=12118"}],"wp:term":[{"taxonomy":"pwb-brand","embeddable":true,"href":"https:\/\/serverhot.vn\/ru\/wp-json\/wp\/v2\/pwb-brand?post=12118"},{"taxonomy":"product_cat","embeddable":true,"href":"https:\/\/serverhot.vn\/ru\/wp-json\/wp\/v2\/product_cat?post=12118"},{"taxonomy":"product_tag","embeddable":true,"href":"https:\/\/serverhot.vn\/ru\/wp-json\/wp\/v2\/product_tag?post=12118"}],"curies":[{"name":"wp","href":"https:\/\/api.w.org\/{rel}","templated":true}]}}