{"id":12364,"date":"2024-06-29T17:14:08","date_gmt":"2024-06-29T10:14:08","guid":{"rendered":"https:\/\/serverhot.vn\/product\/uncategorized\/thiet-bi-mang-switch-cisco-48-ports-10-100-1000-ethernet-4-port-1g-sfp-uplink-c1000-48t-4g-l-ma-san-pham-c1000-48t-4g-l\/"},"modified":"2024-06-29T17:14:09","modified_gmt":"2024-06-29T10:14:09","slug":"thiet-bi-mang-switch-cisco-48-ports-10-100-1000-ethernet-4-port-1g-sfp-uplink-c1000-48t-4g-l-ma-san-pham-c1000-48t-4g-l","status":"publish","type":"product","link":"https:\/\/serverhot.vn\/ru\/-product-\/thiet-bi-mang-switch-cisco-48-ports-10-100-1000-ethernet-4-port-1g-sfp-uplink-c1000-48t-4g-l-ma-san-pham-c1000-48t-4g-l\/","title":{"rendered":"Thi\u1ebft B\u1ecb M\u1ea1ng Switch Cisco 48-Ports 10\/100\/1000 Ethernet + 4-port 1G SFP Uplink C1000-48T-4G-L M\u00e3 s\u1ea3n ph\u1ea9m: C1000-48T-4G-L"},"content":{"rendered":"<div class=\"showText tabs\" id=\"tab2\">\n<div class=\"box_right_pro_view\">\n<div class=\"thongso_pro a_technical\" style=\"max-height: fit-content\">\n<table border=\"1\">\n<tbody>\n<tr>\n<td>M\u00e3 s\u1ea3n ph\u1ea9m<\/td>\n<td><span>C1000-48T-4G-L<\/span><\/td>\n<\/tr>\n<tr>\n<td>S\u1ef1 mi\u00eau t\u1ea3<\/td>\n<td>C\u1ed5ng Ethernet 48x 10\/100\/1000, li\u00ean k\u1ebft l\u00ean 4x 1G SFP<\/td>\n<\/tr>\n<tr>\n<td>C\u1ed5ng Gigabit Ethernet<\/td>\n<td>48<\/td>\n<\/tr>\n<tr>\n<td>Giao di\u1ec7n \u0111\u01b0\u1eddng l\u00ean<\/td>\n<td>4 SFP<\/td>\n<\/tr>\n<tr>\n<td>Ng\u00e2n s\u00e1ch ngu\u1ed3n PoE +<\/td>\n<td>\u00a0<\/td>\n<\/tr>\n<tr>\n<td>Kh\u00f4ng qu\u1ea1t<\/td>\n<td>N<\/td>\n<\/tr>\n<tr>\n<td>K\u00edch th\u01b0\u1edbc (WxDxH t\u00ednh b\u1eb1ng inch)<\/td>\n<td>17,5 x 10,73 x 1,73<\/td>\n<\/tr>\n<tr>\n<td>CPU<\/td>\n<td>ARM v7 800 MHz<\/td>\n<\/tr>\n<tr>\n<td>DRAM<\/td>\n<td>512 MB<\/td>\n<\/tr>\n<tr>\n<td>B\u1ed9 nh\u1edb flash<\/td>\n<td>256 MB<\/td>\n<\/tr>\n<tr>\n<td>B\u0103ng th\u00f4ng chuy\u1ec3n ti\u1ebfp<\/td>\n<td>52 Gb \/ gi\u00e2y<\/td>\n<\/tr>\n<tr>\n<td>Chuy\u1ec3n \u0111\u1ed5i b\u0103ng th\u00f4ng<\/td>\n<td>104 Gb \/ gi\u00e2y<\/td>\n<\/tr>\n<tr>\n<td>T\u1ef7 l\u1ec7 chuy\u1ec3n ti\u1ebfp (64 &#8211; byte L3 g\u00f3i)<\/td>\n<td>77,38 Mpps<\/td>\n<\/tr>\n<\/tbody>\n<\/table><\/div>\n<p>                            <!--                            <\/p>\n<div class=\"xemthem_id_r\">--><br \/>\n                            <!--                                <a><!--\/show\/?token=--><br \/>\n                            <!--\"--><br \/>\n                            <!--                                   class=\"preview fancybox fancybox.ajax\" rel=\"nofollow\"&gt;Xem th&#234;m th&#244;ng s&#7889; k&#7929; thu&#7853;t<\/a>--><br \/>\n                            <!--                            <\/div>\n<p>-->\n                        <\/p><\/div>\n<\/p><\/div>","protected":false},"excerpt":{"rendered":"<ul>\n<ul>\n<li><span style=\"font-family: 'Open Sans', 'Lucida Grande', 'Lucida Sans Unicode', Arial, Helvetica, Verdana, sans-serif;font-size: 12px;background-color: #ffffff\">Switch Cisco C1000-48T-4G-L v\u1edbi 48 c\u1ed5ng t\u1ed1c \u0111\u1ed9 10\/100\/1000 mbps v\u00e0 4 c\u1ed5ng SFP uplink d\u00f2ng s\u1ea3n ph\u1ea9m s\u1eed d\u1ee5ng cho doanh nghi\u1ec7p v\u1eeba v\u00e0 nh\u1ecf v\u1edbi gi\u00e1 th\u00e0nh r\u1ebb. <\/span><\/li>\n<li><span style=\"font-family: 'Open Sans', 'Lucida Grande', 'Lucida Sans Unicode', Arial, Helvetica, Verdana, sans-serif;font-size: 12px;background-color: #ffffff\">Thi\u1ebft k\u1ebf c\u1ee7a Cisco C1000-48T-4G-L tinh t\u1ebf v\u00e0 t\u1ed1i \u01b0u cho c\u00e1c v\u0103n ph\u00f2ng v\u1eeba v\u00e0 nh\u1ecf.<\/span><\/li>\n<\/ul>\n<\/ul>","protected":false},"featured_media":12365,"comment_status":"closed","ping_status":"closed","template":"","meta":[],"pwb-brand":[],"product_cat":[2893],"product_tag":[2847,2849],"class_list":{"0":"post-12364","1":"product","2":"type-product","3":"status-publish","4":"has-post-thumbnail","6":"product_cat-cisco","7":"product_tag-cisco","8":"product_tag-switch","10":"first","11":"instock","12":"shipping-taxable","13":"product-type-simple"},"brands":[],"_links":{"self":[{"href":"https:\/\/serverhot.vn\/ru\/wp-json\/wp\/v2\/product\/12364","targetHints":{"allow":["GET"]}}],"collection":[{"href":"https:\/\/serverhot.vn\/ru\/wp-json\/wp\/v2\/product"}],"about":[{"href":"https:\/\/serverhot.vn\/ru\/wp-json\/wp\/v2\/types\/product"}],"replies":[{"embeddable":true,"href":"https:\/\/serverhot.vn\/ru\/wp-json\/wp\/v2\/comments?post=12364"}],"wp:featuredmedia":[{"embeddable":true,"href":"https:\/\/serverhot.vn\/ru\/wp-json\/wp\/v2\/media\/12365"}],"wp:attachment":[{"href":"https:\/\/serverhot.vn\/ru\/wp-json\/wp\/v2\/media?parent=12364"}],"wp:term":[{"taxonomy":"pwb-brand","embeddable":true,"href":"https:\/\/serverhot.vn\/ru\/wp-json\/wp\/v2\/pwb-brand?post=12364"},{"taxonomy":"product_cat","embeddable":true,"href":"https:\/\/serverhot.vn\/ru\/wp-json\/wp\/v2\/product_cat?post=12364"},{"taxonomy":"product_tag","embeddable":true,"href":"https:\/\/serverhot.vn\/ru\/wp-json\/wp\/v2\/product_tag?post=12364"}],"curies":[{"name":"wp","href":"https:\/\/api.w.org\/{rel}","templated":true}]}}