{"id":12971,"date":"2024-06-29T18:56:01","date_gmt":"2024-06-29T11:56:01","guid":{"rendered":"https:\/\/serverhot.vn\/product\/uncategorized\/microsoft-power-apps-per-app-plan-ma-san-pham-ms-powerapps-p1\/"},"modified":"2024-06-29T18:56:05","modified_gmt":"2024-06-29T11:56:05","slug":"microsoft-power-apps-per-app-plan-ma-san-pham-ms-powerapps-p1","status":"publish","type":"product","link":"https:\/\/serverhot.vn\/ru\/-product-\/microsoft-power-apps-per-app-plan-ma-san-pham-ms-powerapps-p1\/","title":{"rendered":"Microsoft Power Apps Per App Plan M\u00e3 s\u1ea3n ph\u1ea9m: MS-POWERAPPS-P1"},"content":{"rendered":"<div class=\"showText tabs\" id=\"tab2\">\n                                    <\/div>","protected":false},"excerpt":{"rendered":"<ul>\n<p><span style=\"font-size: 14px\">Microsoft Power Apps Per App Plan cho ph\u00e9p ng\u01b0\u1eddi d\u00f9ng c\u00e1 nh\u00e2n ch\u1ea1y m\u1ed9t \u1ee9ng d\u1ee5ng ho\u1eb7c m\u1ed9t c\u1ed5ng th\u00f4ng tin cho m\u1ed9t k\u1ecbch b\u1ea3n kinh doanh c\u1ee5 th\u1ec3 trong m\u1ed9t m\u00f4i tr\u01b0\u1eddng c\u1ee5 th\u1ec3 d\u1ef1a tr\u00ean c\u00e1c kh\u1ea3 n\u0103ng \u0111\u1ea7y \u0111\u1ee7 c\u1ee7a Power Apps. K\u1ebf ho\u1ea1ch n\u00e0y cung c\u1ea5p m\u1ed9t c\u00e1ch d\u1ec5 d\u00e0ng \u0111\u1ec3 ng\u01b0\u1eddi d\u00f9ng b\u1eaft \u0111\u1ea7u v\u1edbi Power Apps tr\u01b0\u1edbc khi tri\u1ec3n khai quy m\u00f4 l\u1edbn h\u01a1n.<\/span><\/p>\n<\/ul>","protected":false},"featured_media":12972,"comment_status":"closed","ping_status":"closed","template":"","meta":[],"pwb-brand":[],"product_cat":[2917],"product_tag":[],"class_list":{"0":"post-12971","1":"product","2":"type-product","3":"status-publish","4":"has-post-thumbnail","6":"product_cat-microsoft","8":"first","9":"instock","10":"shipping-taxable","11":"product-type-simple"},"brands":[],"_links":{"self":[{"href":"https:\/\/serverhot.vn\/ru\/wp-json\/wp\/v2\/product\/12971","targetHints":{"allow":["GET"]}}],"collection":[{"href":"https:\/\/serverhot.vn\/ru\/wp-json\/wp\/v2\/product"}],"about":[{"href":"https:\/\/serverhot.vn\/ru\/wp-json\/wp\/v2\/types\/product"}],"replies":[{"embeddable":true,"href":"https:\/\/serverhot.vn\/ru\/wp-json\/wp\/v2\/comments?post=12971"}],"wp:featuredmedia":[{"embeddable":true,"href":"https:\/\/serverhot.vn\/ru\/wp-json\/wp\/v2\/media\/12972"}],"wp:attachment":[{"href":"https:\/\/serverhot.vn\/ru\/wp-json\/wp\/v2\/media?parent=12971"}],"wp:term":[{"taxonomy":"pwb-brand","embeddable":true,"href":"https:\/\/serverhot.vn\/ru\/wp-json\/wp\/v2\/pwb-brand?post=12971"},{"taxonomy":"product_cat","embeddable":true,"href":"https:\/\/serverhot.vn\/ru\/wp-json\/wp\/v2\/product_cat?post=12971"},{"taxonomy":"product_tag","embeddable":true,"href":"https:\/\/serverhot.vn\/ru\/wp-json\/wp\/v2\/product_tag?post=12971"}],"curies":[{"name":"wp","href":"https:\/\/api.w.org\/{rel}","templated":true}]}}