{"id":13149,"date":"2024-06-29T19:18:10","date_gmt":"2024-06-29T12:18:10","guid":{"rendered":"https:\/\/serverhot.vn\/product\/uncategorized\/man-hinh-di-dong-asus-zenscreen-mb166c-portable-monitor-ma-san-pham-mb166c\/"},"modified":"2024-06-29T19:18:12","modified_gmt":"2024-06-29T12:18:12","slug":"man-hinh-di-dong-asus-zenscreen-mb166c-portable-monitor-ma-san-pham-mb166c","status":"publish","type":"product","link":"https:\/\/serverhot.vn\/ru\/-product-\/man-hinh-di-dong-asus-zenscreen-mb166c-portable-monitor-ma-san-pham-mb166c\/","title":{"rendered":"M\u00e0n h\u00ecnh di \u0111\u1ed9ng ASUS ZenScreen MB166C Portable Monitor M\u00e3 s\u1ea3n ph\u1ea9m: MB166C"},"content":{"rendered":"<div class=\"showText tabs\" id=\"tab2\">\n                                    <\/div>","protected":false},"excerpt":{"rendered":"<ul>\n                                                    <\/ul>","protected":false},"featured_media":13150,"comment_status":"closed","ping_status":"closed","template":"","meta":[],"pwb-brand":[],"product_cat":[2909],"product_tag":[],"class_list":{"0":"post-13149","1":"product","2":"type-product","3":"status-publish","4":"has-post-thumbnail","6":"product_cat-man-hinh-may-tinh","8":"first","9":"instock","10":"shipping-taxable","11":"product-type-simple"},"brands":[],"_links":{"self":[{"href":"https:\/\/serverhot.vn\/ru\/wp-json\/wp\/v2\/product\/13149","targetHints":{"allow":["GET"]}}],"collection":[{"href":"https:\/\/serverhot.vn\/ru\/wp-json\/wp\/v2\/product"}],"about":[{"href":"https:\/\/serverhot.vn\/ru\/wp-json\/wp\/v2\/types\/product"}],"replies":[{"embeddable":true,"href":"https:\/\/serverhot.vn\/ru\/wp-json\/wp\/v2\/comments?post=13149"}],"wp:featuredmedia":[{"embeddable":true,"href":"https:\/\/serverhot.vn\/ru\/wp-json\/wp\/v2\/media\/13150"}],"wp:attachment":[{"href":"https:\/\/serverhot.vn\/ru\/wp-json\/wp\/v2\/media?parent=13149"}],"wp:term":[{"taxonomy":"pwb-brand","embeddable":true,"href":"https:\/\/serverhot.vn\/ru\/wp-json\/wp\/v2\/pwb-brand?post=13149"},{"taxonomy":"product_cat","embeddable":true,"href":"https:\/\/serverhot.vn\/ru\/wp-json\/wp\/v2\/product_cat?post=13149"},{"taxonomy":"product_tag","embeddable":true,"href":"https:\/\/serverhot.vn\/ru\/wp-json\/wp\/v2\/product_tag?post=13149"}],"curies":[{"name":"wp","href":"https:\/\/api.w.org\/{rel}","templated":true}]}}