{"id":13247,"date":"2024-06-29T19:30:14","date_gmt":"2024-06-29T12:30:14","guid":{"rendered":"https:\/\/serverhot.vn\/product\/uncategorized\/cap-dau-noi-dintek-cat-6-3-0m-2-dau-duc-rj45-1201-04xxx-ma-san-pham-1201-04xxx\/"},"modified":"2024-06-29T19:30:16","modified_gmt":"2024-06-29T12:30:16","slug":"cap-dau-noi-dintek-cat-6-3-0m-2-dau-duc-rj45-1201-04xxx-ma-san-pham-1201-04xxx","status":"publish","type":"product","link":"https:\/\/serverhot.vn\/ru\/-product-\/cap-dau-noi-dintek-cat-6-3-0m-2-dau-duc-rj45-1201-04xxx-ma-san-pham-1201-04xxx\/","title":{"rendered":"C\u00e1p \u0110\u1ea5u N\u1ed1i DINTEK Cat.6 3.0m 2 \u0110\u1ea7u \u0110\u00fac RJ45 1201-04XXX M\u00e3 s\u1ea3n ph\u1ea9m: 1201-04XXX"},"content":{"rendered":"<div class=\"showText tabs\" id=\"tab2\">\n                                    <\/div>","protected":false},"excerpt":{"rendered":"<ul>\n<ul>\n<li>V\u1edbi thi\u1ebft k\u1ebf \u0111\u1ea7u RJ45 \u0111\u00fac \u0111\u1eb7c, gi\u00fap \u0111\u1ea3m b\u1ea3o k\u1ebft n\u1ed1i, \u0111\u1ed9 b\u1ec1n cao, kh\u1ea3 n\u0103ng truy\u1ec1n t\u00edn hi\u1ec7u t\u1ed1t.<\/li>\n<li>M\u00e0u s\u1eafc s\u1eb7c s\u1ee1 gi\u00fap vi\u1ec7c qu\u1ea3n l\u00fd d\u00e2y d\u1ec5 d\u00e0ng.<\/li>\n<li>Chi\u1ec1u d\u00e0i ti\u00eau chu\u1ea9n: 3m.<\/li>\n<\/ul>\n<\/ul>","protected":false},"featured_media":13248,"comment_status":"closed","ping_status":"closed","template":"","meta":[],"pwb-brand":[],"product_cat":[2915],"product_tag":[],"class_list":{"0":"post-13247","1":"product","2":"type-product","3":"status-publish","4":"has-post-thumbnail","6":"product_cat-tu-rack","8":"first","9":"instock","10":"shipping-taxable","11":"product-type-simple"},"brands":[],"_links":{"self":[{"href":"https:\/\/serverhot.vn\/ru\/wp-json\/wp\/v2\/product\/13247","targetHints":{"allow":["GET"]}}],"collection":[{"href":"https:\/\/serverhot.vn\/ru\/wp-json\/wp\/v2\/product"}],"about":[{"href":"https:\/\/serverhot.vn\/ru\/wp-json\/wp\/v2\/types\/product"}],"replies":[{"embeddable":true,"href":"https:\/\/serverhot.vn\/ru\/wp-json\/wp\/v2\/comments?post=13247"}],"wp:featuredmedia":[{"embeddable":true,"href":"https:\/\/serverhot.vn\/ru\/wp-json\/wp\/v2\/media\/13248"}],"wp:attachment":[{"href":"https:\/\/serverhot.vn\/ru\/wp-json\/wp\/v2\/media?parent=13247"}],"wp:term":[{"taxonomy":"pwb-brand","embeddable":true,"href":"https:\/\/serverhot.vn\/ru\/wp-json\/wp\/v2\/pwb-brand?post=13247"},{"taxonomy":"product_cat","embeddable":true,"href":"https:\/\/serverhot.vn\/ru\/wp-json\/wp\/v2\/product_cat?post=13247"},{"taxonomy":"product_tag","embeddable":true,"href":"https:\/\/serverhot.vn\/ru\/wp-json\/wp\/v2\/product_tag?post=13247"}],"curies":[{"name":"wp","href":"https:\/\/api.w.org\/{rel}","templated":true}]}}