{"id":13269,"date":"2024-06-29T19:33:03","date_gmt":"2024-06-29T12:33:03","guid":{"rendered":"https:\/\/serverhot.vn\/product\/uncategorized\/man-hinh-lcd-cong-chuyen-do-hoa-asus-proart-pa32uc-k-32-4k-ips-hdr-100-srgb-ma-san-pham-pa32uc-k\/"},"modified":"2024-06-29T19:33:05","modified_gmt":"2024-06-29T12:33:05","slug":"man-hinh-lcd-cong-chuyen-do-hoa-asus-proart-pa32uc-k-32-4k-ips-hdr-100-srgb-ma-san-pham-pa32uc-k","status":"publish","type":"product","link":"https:\/\/serverhot.vn\/ru\/-product-\/man-hinh-lcd-cong-chuyen-do-hoa-asus-proart-pa32uc-k-32-4k-ips-hdr-100-srgb-ma-san-pham-pa32uc-k\/","title":{"rendered":"M\u00e0n H\u00ecnh LCD Cong Chuy\u00ean \u0110\u1ed3 H\u1ecda ASUS ProArt PA32UC-K 32&#8243; 4K IPS HDR 100% sRGB M\u00e3 s\u1ea3n ph\u1ea9m: PA32UC-K"},"content":{"rendered":"<div class=\"showText tabs\" id=\"tab2\">\n                                    <\/div>","protected":false},"excerpt":{"rendered":"<ul>\n<h1 class=\"product-slogan\" style=\"text-align: justify\"><span style=\"font-size: medium\">ASUS ProArt Display PA32UC-K 4K HDR Professional Monitor &#8211; 32 inch, 4K, HDR-10, HLG, direct-LED, 384 Zones Local Dimming, Rec.2020, 95% DCI-P3, Hardware Calibration, Thunderbolt\u2122 3, Ultra HD Premium\u2122, X-rite i1 Display Pro included\u200b<\/span><\/h1>\n<div class=\"product-intro\">\n<ul>\n<li style=\"text-align: justify\">32-inch 4K IPS monitor with an astonishing 100,000,000:1 contrast ratio (ASCR) and a wide, 178\u00b0 viewing angle<\/li>\n<li>384-zone direct-lit LED backlight matrix with a brightness of 1,000 nits and ASUS LED Driving technology for stunning HDR performance<\/li>\n<li>Support multiple HDR formats, including HDR-10 and HLG for lifelike visuals<\/li>\n<li>Wide color gamut technology provides 85% Rec. 2020, 99.5% Adobe RGB, 95% DCI-P3 and 100% sRGB color space for exceptional color fidelity<\/li>\n<li>Thunderbolt<span>\u2122<\/span>\u00a03 supports data transfers at up to 40 Gbps, and USB-C with Power Delivery provides up to 60W of power to external devices<\/li>\n<li>ASUS ProArt Calibration technology offers advanced adjustments, including a 14-bit lookup table for color accuracy and 5 x 5 grid uniformity testing<\/li>\n<\/ul>\n<\/div>\n<p><label class=\"checkbox add-to-list\"><\/label><\/p>\n<\/ul>","protected":false},"featured_media":13270,"comment_status":"closed","ping_status":"closed","template":"","meta":[],"pwb-brand":[],"product_cat":[2909],"product_tag":[25],"class_list":{"0":"post-13269","1":"product","2":"type-product","3":"status-publish","4":"has-post-thumbnail","6":"product_cat-man-hinh-may-tinh","7":"product_tag-man","9":"first","10":"instock","11":"shipping-taxable","12":"product-type-simple"},"brands":[],"_links":{"self":[{"href":"https:\/\/serverhot.vn\/ru\/wp-json\/wp\/v2\/product\/13269","targetHints":{"allow":["GET"]}}],"collection":[{"href":"https:\/\/serverhot.vn\/ru\/wp-json\/wp\/v2\/product"}],"about":[{"href":"https:\/\/serverhot.vn\/ru\/wp-json\/wp\/v2\/types\/product"}],"replies":[{"embeddable":true,"href":"https:\/\/serverhot.vn\/ru\/wp-json\/wp\/v2\/comments?post=13269"}],"wp:featuredmedia":[{"embeddable":true,"href":"https:\/\/serverhot.vn\/ru\/wp-json\/wp\/v2\/media\/13270"}],"wp:attachment":[{"href":"https:\/\/serverhot.vn\/ru\/wp-json\/wp\/v2\/media?parent=13269"}],"wp:term":[{"taxonomy":"pwb-brand","embeddable":true,"href":"https:\/\/serverhot.vn\/ru\/wp-json\/wp\/v2\/pwb-brand?post=13269"},{"taxonomy":"product_cat","embeddable":true,"href":"https:\/\/serverhot.vn\/ru\/wp-json\/wp\/v2\/product_cat?post=13269"},{"taxonomy":"product_tag","embeddable":true,"href":"https:\/\/serverhot.vn\/ru\/wp-json\/wp\/v2\/product_tag?post=13269"}],"curies":[{"name":"wp","href":"https:\/\/api.w.org\/{rel}","templated":true}]}}