{"id":13295,"date":"2024-06-29T19:36:09","date_gmt":"2024-06-29T12:36:09","guid":{"rendered":"https:\/\/serverhot.vn\/product\/uncategorized\/man-hinh-viewsonic-vp2458-24inch-ips-chuyen-do-hoa-ma-san-pham-vp2458\/"},"modified":"2024-06-29T19:36:10","modified_gmt":"2024-06-29T12:36:10","slug":"man-hinh-viewsonic-vp2458-24inch-ips-chuyen-do-hoa-ma-san-pham-vp2458","status":"publish","type":"product","link":"https:\/\/serverhot.vn\/ru\/-product-\/man-hinh-viewsonic-vp2458-24inch-ips-chuyen-do-hoa-ma-san-pham-vp2458\/","title":{"rendered":"M\u00e0n h\u00ecnh ViewSonic VP2458 24inch IPS chuy\u00ean \u0111\u1ed3 h\u1ecda M\u00e3 s\u1ea3n ph\u1ea9m: VP2458"},"content":{"rendered":"<div class=\"showText tabs\" id=\"tab2\">\n                                    <\/div>","protected":false},"excerpt":{"rendered":"<ul>\n<ul>\n<li>C\u00f4ng ngh\u1ec7 t\u1ea5m n\u1ec1n SuperClear\u00ae IPS<\/li>\n<li>\u0110\u1ed9 ch\u00ednh x\u00e1c m\u00e0u Delta E &lt; 2<\/li>\n<li>Hi\u1ec7u ch\u1ec9nh m\u00e0u ph\u1ea7n c\u1ee9ng<\/li>\n<li>Thi\u1ebft k\u1ebf c\u00f4ng th\u00e1i h\u1ecdc, ch\u1ee9c n\u0103ng t\u1ef1 xoay h\u00ecnh<\/li>\n<li>Thi\u1ebft k\u1ebf vi\u1ec1n si\u00eau m\u1ecfng<\/li>\n<li>D\u1ec5 d\u00e0ng th\u00e1o l\u1eafp<\/li>\n<li>M\u00e0n h\u00ecnh th\u01b0\u01a1ng hi\u1ec7u M<\/li>\n<\/ul>\n<\/ul>","protected":false},"featured_media":13296,"comment_status":"closed","ping_status":"closed","template":"","meta":[],"pwb-brand":[],"product_cat":[2909],"product_tag":[],"class_list":{"0":"post-13295","1":"product","2":"type-product","3":"status-publish","4":"has-post-thumbnail","6":"product_cat-man-hinh-may-tinh","8":"first","9":"instock","10":"shipping-taxable","11":"product-type-simple"},"brands":[],"_links":{"self":[{"href":"https:\/\/serverhot.vn\/ru\/wp-json\/wp\/v2\/product\/13295","targetHints":{"allow":["GET"]}}],"collection":[{"href":"https:\/\/serverhot.vn\/ru\/wp-json\/wp\/v2\/product"}],"about":[{"href":"https:\/\/serverhot.vn\/ru\/wp-json\/wp\/v2\/types\/product"}],"replies":[{"embeddable":true,"href":"https:\/\/serverhot.vn\/ru\/wp-json\/wp\/v2\/comments?post=13295"}],"wp:featuredmedia":[{"embeddable":true,"href":"https:\/\/serverhot.vn\/ru\/wp-json\/wp\/v2\/media\/13296"}],"wp:attachment":[{"href":"https:\/\/serverhot.vn\/ru\/wp-json\/wp\/v2\/media?parent=13295"}],"wp:term":[{"taxonomy":"pwb-brand","embeddable":true,"href":"https:\/\/serverhot.vn\/ru\/wp-json\/wp\/v2\/pwb-brand?post=13295"},{"taxonomy":"product_cat","embeddable":true,"href":"https:\/\/serverhot.vn\/ru\/wp-json\/wp\/v2\/product_cat?post=13295"},{"taxonomy":"product_tag","embeddable":true,"href":"https:\/\/serverhot.vn\/ru\/wp-json\/wp\/v2\/product_tag?post=13295"}],"curies":[{"name":"wp","href":"https:\/\/api.w.org\/{rel}","templated":true}]}}