{"id":13507,"date":"2024-07-06T12:45:06","date_gmt":"2024-07-06T05:45:06","guid":{"rendered":"https:\/\/serverhot.vn\/-product-\/camera-ip-hikvision-2mp-ds-2cd2t21g1-i-ma-san-pham-ds-2cd2t21g1-i\/"},"modified":"2024-07-06T12:45:12","modified_gmt":"2024-07-06T05:45:12","slug":"camera-ip-hikvision-2mp-ds-2cd2t21g1-i-ma-san-pham-ds-2cd2t21g1-i","status":"publish","type":"product","link":"https:\/\/serverhot.vn\/ru\/-product-\/camera-ip-hikvision-2mp-ds-2cd2t21g1-i-ma-san-pham-ds-2cd2t21g1-i\/","title":{"rendered":"Camera IP Hikvision 2MP DS-2CD2T21G1-I M\u00e3 s\u1ea3n ph\u1ea9m: DS-2CD2T21G1-I"},"content":{"rendered":"<div class=\"showText tabs\" id=\"tab2\">\n<div class=\"box_right_pro_view\">\n<div class=\"thongso_pro a_technical\" style=\"max-height: fit-content\">\n<table border=\"1\">\n<tbody>\n<tr>\n<td colspan=\"2\" width=\"497\"><strong>Camera<\/strong><\/td>\n<\/tr>\n<tr>\n<td width=\"183\">C\u1ea3m bi\u1ebfn \u1ea3nh<\/td>\n<td width=\"314\">CMOS qu\u00e9t li\u00ean t\u1ee5c 1 \/ 2.8 \u2033<\/td>\n<\/tr>\n<tr>\n<td width=\"183\">Min.\u00a0S\u1ef1 chi\u1ebfu s\u00e1ng<\/td>\n<td width=\"314\">M\u00e0u: 0,01 Lux @ (F1.2, AGC ON), 0,028 Lux @ (F2.0, AGC ON), 0 Lux v\u1edbi IR<\/td>\n<\/tr>\n<tr>\n<td width=\"183\">T\u1ed1c \u0111\u1ed9 m\u00e0n tr\u1eadp<\/td>\n<td width=\"314\">1\/3 gi\u00e2y \u0111\u1ebfn 1 \/ 100.000 gi\u00e2y<\/td>\n<\/tr>\n<tr>\n<td width=\"183\">M\u00e0n tr\u1eadp ch\u1eadm<\/td>\n<td width=\"314\">\u0111\u00fang<\/td>\n<\/tr>\n<tr>\n<td width=\"183\">T\u1ef1 \u0111\u1ed9ng Iris<\/td>\n<td width=\"314\">Kh\u00f4ng<\/td>\n<\/tr>\n<tr>\n<td width=\"183\">Ng\u00e0y \u0111\u00eam<\/td>\n<td width=\"314\">B\u1ed9 l\u1ecdc c\u1eaft IR<\/td>\n<\/tr>\n<tr>\n<td width=\"183\">Gi\u1ea3m nhi\u1ec5u k\u1ef9 thu\u1eadt s\u1ed1<\/td>\n<td width=\"314\">3D DNR<\/td>\n<\/tr>\n<tr>\n<td width=\"183\">WDR<\/td>\n<td width=\"314\">DWDR<\/td>\n<\/tr>\n<tr>\n<td width=\"183\">\u0110i\u1ec1u ch\u1ec9nh 3 tr\u1ee5c<\/td>\n<td width=\"314\">Xoay: 0 \u00b0 \u0111\u1ebfn 360 \u00b0, nghi\u00eang: 0 \u00b0 \u0111\u1ebfn 100 \u00b0, xoay: 0 \u00b0 \u0111\u1ebfn 360 \u00b0<\/td>\n<\/tr>\n<tr>\n<td colspan=\"2\" width=\"497\"><strong>\u1ed0ng k\u00ednh<\/strong><\/td>\n<\/tr>\n<tr>\n<td width=\"183\">Ti\u00eau c\u1ef1<\/td>\n<td width=\"314\">2,8 \/ 4\/6 mm<\/td>\n<\/tr>\n<tr>\n<td width=\"183\">Mi\u1ec7ng v\u1ecf<\/td>\n<td width=\"314\">F2.0<\/td>\n<\/tr>\n<tr>\n<td width=\"183\">Ti\u00eau \u0111i\u1ec3m<\/td>\n<td width=\"314\">Th\u1ee7 c\u00f4ng<\/td>\n<\/tr>\n<tr>\n<td rowspan=\"2\" width=\"183\">FOV<\/td>\n<td width=\"314\">4 mm: FOV ngang: 86 \u00b0, FOV d\u1ecdc: 46 \u00b0, FOV ch\u00e9o: 102 \u00b0<\/td>\n<\/tr>\n<tr>\n<td width=\"314\">6 mm: FOV ngang: 54 \u00b0, FOV d\u1ecdc: 30 \u00b0, FOV ch\u00e9o: 62 \u00b0<\/td>\n<\/tr>\n<tr>\n<td width=\"183\">G\u1eafn \u1ed1ng k\u00ednh<\/td>\n<td width=\"314\">M12<\/td>\n<\/tr>\n<tr>\n<td width=\"183\"><strong>IR<\/strong><\/td>\n<td width=\"314\">\u00a0<\/td>\n<\/tr>\n<tr>\n<td width=\"183\">D\u1ea3i h\u1ed3ng ngo\u1ea1i<\/td>\n<td width=\"314\">30 m<\/td>\n<\/tr>\n<tr>\n<td width=\"183\">B\u01b0\u1edbc s\u00f3ng<\/td>\n<td width=\"314\">850nm<\/td>\n<\/tr>\n<tr>\n<td colspan=\"2\" width=\"497\"><strong>Ti\u00eau chu\u1ea9n n\u00e9n<\/strong><\/td>\n<\/tr>\n<tr>\n<td rowspan=\"2\" width=\"183\">N\u00e9n video<\/td>\n<td width=\"314\">Lu\u1ed3ng ch\u00ednh: H.265 \/ H.264<\/td>\n<\/tr>\n<tr>\n<td width=\"314\">Lu\u1ed3ng ph\u1ee5: H.265 \/ H.264 \/ MJPEG<\/td>\n<\/tr>\n<tr>\n<td width=\"183\">Lo\u1ea1i H.264<\/td>\n<td width=\"314\">C\u1ea5u h\u00ecnh ch\u00ednh \/ C\u1ea5u h\u00ecnh cao<\/td>\n<\/tr>\n<tr>\n<td width=\"183\">H.264+<\/td>\n<td width=\"314\">H\u1ed7 tr\u1ee3 lu\u1ed3ng ch\u00ednh v\u00e0 lu\u1ed3ng ph\u1ee5<\/td>\n<\/tr>\n<tr>\n<td width=\"183\">Lo\u1ea1i H.265<\/td>\n<td width=\"314\">Ti\u1ec3u s\u1eed ch\u00ednh<\/td>\n<\/tr>\n<tr>\n<td width=\"183\">H.265+<\/td>\n<td width=\"314\">H\u1ed7 tr\u1ee3 lu\u1ed3ng ch\u00ednh v\u00e0 lu\u1ed3ng ph\u1ee5<\/td>\n<\/tr>\n<tr>\n<td width=\"183\">T\u1ed1c \u0111\u1ed9 bit video<\/td>\n<td width=\"314\">32 Kb \/ gi\u00e2y \u0111\u1ebfn 16 Mbps<\/td>\n<\/tr>\n<tr>\n<td width=\"183\"><strong>B\u1ed9 t\u00ednh n\u0103ng th\u00f4ng minh<\/strong><\/td>\n<td width=\"314\">\u00a0<\/td>\n<\/tr>\n<tr>\n<td width=\"183\">Ph\u00e2n t\u00edch h\u00e0nh vi<\/td>\n<td width=\"314\">Ph\u00e1t hi\u1ec7n qua \u0111\u01b0\u1eddng, ph\u00e1t hi\u1ec7n x\u00e2m nh\u1eadp<\/td>\n<\/tr>\n<tr>\n<td width=\"183\">Khu v\u1ef1c quan t\u00e2m<\/td>\n<td width=\"314\">1 v\u00f9ng c\u1ed1 \u0111\u1ecbnh cho lu\u1ed3ng ch\u00ednh v\u00e0 lu\u1ed3ng ph\u1ee5<\/td>\n<\/tr>\n<tr>\n<td colspan=\"2\" width=\"497\"><strong>H\u00ecnh \u1ea3nh<\/strong><\/td>\n<\/tr>\n<tr>\n<td width=\"183\">T\u1ed1i \u0111a\u00a0Ngh\u1ecb quy\u1ebft<\/td>\n<td width=\"314\">1920 \u00d7 1080<\/td>\n<\/tr>\n<tr>\n<td rowspan=\"2\" width=\"183\">Xu h\u01b0\u1edbng<\/td>\n<td width=\"314\">50Hz: 25 khung h\u00ecnh \/ gi\u00e2y (1920 \u00d7 1080, 1280 \u00d7 960, 1280 \u00d7 720)<\/td>\n<\/tr>\n<tr>\n<td width=\"314\">60Hz: 30 khung h\u00ecnh \/ gi\u00e2y (1920 \u00d7 1080, 1280 \u00d7 960, 1280 \u00d7 720)<\/td>\n<\/tr>\n<tr>\n<td rowspan=\"2\" width=\"183\">Lu\u1ed3ng ph\u1ee5<\/td>\n<td width=\"314\">50Hz: 25 khung h\u00ecnh \/ gi\u00e2y (640 \u00d7 480, 640 \u00d7 360, 320 \u00d7 240)<\/td>\n<\/tr>\n<tr>\n<td width=\"314\">60Hz: 30 khung h\u00ecnh \/ gi\u00e2y (640 \u00d7 480, 640 \u00d7 360, 320 \u00d7 240)<\/td>\n<\/tr>\n<tr>\n<td width=\"183\">N\u00e2ng cao h\u00ecnh \u1ea3nh<\/td>\n<td width=\"314\">BLC \/ 3D DNR<\/td>\n<\/tr>\n<tr>\n<td width=\"183\">C\u00e0i \u0111\u1eb7t h\u00ecnh \u1ea3nh<\/td>\n<td width=\"314\">Ch\u1ebf \u0111\u1ed9 xoay, \u0111\u1ed9 b\u00e3o h\u00f2a, \u0111\u1ed9 s\u00e1ng, \u0111\u1ed9 t\u01b0\u01a1ng ph\u1ea3n, \u0111\u1ed9 s\u1eafc n\u00e9t c\u00f3 th\u1ec3 \u0111i\u1ec1u ch\u1ec9nh b\u1eb1ng ph\u1ea7n m\u1ec1m m\u00e1y kh\u00e1ch ho\u1eb7c tr\u00ecnh duy\u1ec7t web<\/td>\n<\/tr>\n<tr>\n<td width=\"183\">C\u1eaft x\u00e9n m\u1ee5c ti\u00eau<\/td>\n<td width=\"314\">Kh\u00f4ng<\/td>\n<\/tr>\n<tr>\n<td width=\"183\">Chuy\u1ec3n \u0111\u1ed5i ng\u00e0y \/ \u0111\u00eam<\/td>\n<td width=\"314\">T\u1ef1 \u0111\u1ed9ng \/ L\u00ean l\u1ecbch<\/td>\n<\/tr>\n<tr>\n<td colspan=\"2\" width=\"497\"><strong>M\u1ea1ng<\/strong><\/td>\n<\/tr>\n<tr>\n<td width=\"183\">L\u01b0u tr\u1eef m\u1ea1ng<\/td>\n<td width=\"314\">H\u1ed7 tr\u1ee3 th\u1ebb Micro SD \/ SDHC \/ SDXC (128G), b\u1ed9 nh\u1edb c\u1ee5c b\u1ed9 v\u00e0 NAS (NFS, SMB \/ CIFS), ANR<\/td>\n<\/tr>\n<tr>\n<td width=\"183\">K\u00edch ho\u1ea1t b\u00e1o \u0111\u1ed9ng<\/td>\n<td width=\"314\">Ph\u00e1t hi\u1ec7n chuy\u1ec3n \u0111\u1ed9ng, gi\u1ea3 m\u1ea1o video, ng\u1eaft k\u1ebft n\u1ed1i m\u1ea1ng, xung \u0111\u1ed9t \u0111\u1ecba ch\u1ec9 IP, \u0111\u0103ng nh\u1eadp b\u1ea5t h\u1ee3p ph\u00e1p, \u0111\u1ea7y HDD, l\u1ed7i HDD<\/td>\n<\/tr>\n<tr>\n<td width=\"183\">C\u00e1c giao th\u1ee9c<\/td>\n<td width=\"314\">TCP \/ IP, ICMP, HTTP, HTTPS, FTP, DHCP, DNS, DDNS, RTP, RTSP, RTCP, PPPoE, NTP, UPnP \u2122, SMTP, SNMP, IGMP, 802.1X, QoS, IPv6, Bonjour<\/td>\n<\/tr>\n<tr>\n<td width=\"183\">Ch\u1ee9c n\u0103ng chung<\/td>\n<td width=\"314\">\u0110\u1eb7t l\u1ea1i m\u1ed9t ph\u00edm, ch\u1ed1ng nh\u1ea5p nh\u00e1y, ba lu\u1ed3ng, nh\u1ecbp tim, nh\u00e2n b\u1ea3n, b\u1ea3o v\u1ec7 b\u1eb1ng m\u1eadt kh\u1ea9u, m\u1eb7t n\u1ea1 b\u1ea3o m\u1eadt, h\u00ecnh m\u1edd, b\u1ed9 l\u1ecdc \u0111\u1ecba ch\u1ec9 IP<\/td>\n<\/tr>\n<tr>\n<td width=\"183\">CH\u00c1Y<\/td>\n<td width=\"314\">ONVIF (PROFILE S, PROFILE G), ISAPI<\/td>\n<\/tr>\n<tr>\n<td width=\"183\">Xem tr\u1ef1c ti\u1ebfp \u0111\u1ed3ng th\u1eddi<\/td>\n<td width=\"314\">L\u00ean \u0111\u1ebfn 6 k\u00eanh<\/td>\n<\/tr>\n<tr>\n<td rowspan=\"2\" width=\"183\">Ng\u01b0\u1eddi d\u00f9ng \/ M\u00e1y ch\u1ee7<\/td>\n<td width=\"314\">L\u00ean \u0111\u1ebfn 32 ng\u01b0\u1eddi d\u00f9ng<\/td>\n<\/tr>\n<tr>\n<td width=\"314\">3 c\u1ea5p \u0111\u1ed9: Ng\u01b0\u1eddi qu\u1ea3n tr\u1ecb, Ng\u01b0\u1eddi \u0111i\u1ec1u h\u00e0nh v\u00e0 Ng\u01b0\u1eddi d\u00f9ng<\/td>\n<\/tr>\n<tr>\n<td width=\"183\">Kh\u00e1ch h\u00e0ng<\/td>\n<td width=\"314\">iVMS-4200, Hik-Connect, iVMS-5200<\/td>\n<\/tr>\n<tr>\n<td width=\"183\">Tr\u00ecnh duy\u1ec7t web<\/td>\n<td width=\"314\">IE8 +, Chrome 31.0-44, Firefox 30.0-51, Safari 8.0+<\/td>\n<\/tr>\n<tr>\n<td colspan=\"2\" width=\"497\"><strong>Giao di\u1ec7n<\/strong><\/td>\n<\/tr>\n<tr>\n<td width=\"183\">Ph\u01b0\u01a1ng th\u1ee9c giao ti\u1ebfp<\/td>\n<td width=\"314\">1 c\u1ed5ng Ethernet t\u1ef1 th\u00edch \u1ee9ng RJ45 10M \/ 100M<\/td>\n<\/tr>\n<tr>\n<td width=\"183\">\u0110\u1ea7u ra video<\/td>\n<td width=\"314\">Kh\u00f4ng<\/td>\n<\/tr>\n<tr>\n<td width=\"183\">L\u01b0u tr\u1eef tr\u00ean t\u00e0u<\/td>\n<td width=\"314\">T\u00edch h\u1ee3p khe c\u1eafm Micro SD \/ SDHC \/ SDXC, l\u00ean \u0111\u1ebfn 128 GB<\/td>\n<\/tr>\n<tr>\n<td colspan=\"2\" width=\"497\"><strong>T\u1ed5ng quan<\/strong><\/td>\n<\/tr>\n<tr>\n<td width=\"183\">\u0110i\u1ec1u ki\u1ec7n ho\u1ea1t \u0111\u1ed9ng<\/td>\n<td width=\"314\">-30 \u00b0 C \u0111\u1ebfn +60 \u00b0 C (-22 \u00b0 F \u0111\u1ebfn +140 \u00b0 F), \u0110\u1ed9 \u1ea9m 95% tr\u1edf xu\u1ed1ng (kh\u00f4ng ng\u01b0ng t\u1ee5)<\/td>\n<\/tr>\n<tr>\n<td rowspan=\"2\" width=\"183\">Ngu\u1ed3n c\u1ea5p<\/td>\n<td width=\"314\">12 VDC \u00b1 25%, ph\u00edch c\u1eafm \u0111i\u1ec7n \u0111\u1ed3ng tr\u1ee5c \u03a6 5,5 mm<\/td>\n<\/tr>\n<tr>\n<td width=\"314\">PoE (802.3af, l\u1edbp 3)<\/td>\n<\/tr>\n<tr>\n<td rowspan=\"2\" width=\"183\">M\u1ee9c ti\u00eau th\u1ee5 \u0111i\u1ec7n v\u00e0 d\u00f2ng \u0111i\u1ec7n<\/td>\n<td width=\"314\">12 VDC, 0,6A, t\u1ed1i \u0111a.\u00a05.5W<\/td>\n<\/tr>\n<tr>\n<td width=\"314\">PoE (802.3af, 37V \u0111\u1ebfn 57V), 0,2A \u0111\u1ebfn 0,1A, t\u1ed1i \u0111a.\u00a08W<\/td>\n<\/tr>\n<tr>\n<td rowspan=\"2\" width=\"183\">M\u1ee9c \u0111\u1ed9 b\u1ea3o v\u1ec7<\/td>\n<td width=\"314\">IP67<\/td>\n<\/tr>\n<tr>\n<td width=\"314\">TVS 2000V ch\u1ed1ng s\u00e9t, ch\u1ed1ng s\u00e9t v\u00e0 b\u1ea3o v\u1ec7 \u0111i\u1ec7n \u00e1p qu\u00e1 \u0111\u1ed9<\/td>\n<\/tr>\n<tr>\n<td width=\"183\">V\u1eadt li\u1ec7u<\/td>\n<td width=\"314\">Kim lo\u1ea1i &amp; nh\u1ef1a<\/td>\n<\/tr>\n<tr>\n<td width=\"183\">K\u00edch th\u01b0\u1edbc<\/td>\n<td width=\"314\">M\u00e1y \u1ea3nh: 93,85 \u00d7 89,52 \u00d7 194,04 mm<\/td>\n<\/tr>\n<tr>\n<td width=\"183\">C\u00e2n n\u1eb7ng<\/td>\n<td width=\"314\">M\u00e1y \u1ea3nh: X\u1ea5p x\u1ec9.\u00a0750g<\/td>\n<\/tr>\n<\/tbody>\n<\/table><\/div>\n<p>                            <!--                            <\/p>\n<div class=\"xemthem_id_r\">--><br \/>\n                            <!--                                <a><!--\/show\/?token=--><br \/>\n                            <!--\"--><br \/>\n                            <!--                                   class=\"preview fancybox fancybox.ajax\" rel=\"nofollow\"&gt;Xem th&#234;m th&#244;ng s&#7889; k&#7929; thu&#7853;t<\/a>--><br \/>\n                            <!--                            <\/div>\n<p>-->\n                        <\/p><\/div>\n<\/p><\/div>","protected":false},"excerpt":{"rendered":"<ul>\n<ul>\n<li><!--[endif]--><span style=\"font-family: 'Times New Roman',serif\">C\u1ea3m bi\u1ebfn 1\/2.8&#8243; Progressive Scan CMOS<\/span><\/li>\n<li><span style=\"font-family: 'Times New Roman',serif\">Chu\u1ea9n n\u00e9n H.265+, H.265, H.264+, H.264<\/span><\/li>\n<li><!-- [if !supportLists]--><span style=\"font-family: 'Times New Roman',serif\">\u0110\u1ed9 nh\u1ea1y s\u00e1ng Color: 0.028 Lux @ (F2.0, AGC ON), 0 Lux with IR.<\/span><\/li>\n<li><span style=\"font-family: 'Times New Roman',serif\">\u0110\u1ed9 ph\u00e2n gi\u1ea3i t\u1ed1i \u0111a 1920 \u00d7 1080@30\/25fps<\/span><\/li>\n<li><span style=\"font-family: 'Times New Roman',serif\">\u00d4ng kinh 4\/6mm<\/span><\/li>\n<li><!-- [if !supportLists]--><span style=\"font-family: 'Times New Roman',serif\">T\u00ednh n\u0103ng DWDR, 3D DNR, ICR, BLC,<\/span><\/li>\n<li><!-- [if !supportLists]--><span style=\"font-family: 'Times New Roman',serif\">Ngu\u1ed3n DC12V &amp; h\u1ed7 tr\u1ee3 PoE,<\/span><\/li>\n<li><!-- [if !supportLists]--><span style=\"font-family: 'Times New Roman',serif\">Ti\u00eau chu\u1ea9n IP67<\/span><\/li>\n<li><!-- [if !supportLists]--><span style=\"font-family: 'Times New Roman',serif\">T\u1ea7m xa h\u1ed3ng ngo\u1ea1i IR : l\u00ean t\u1edbi 50m,<\/span><\/li>\n<li><!-- [if !supportLists]--><span style=\"font-family: 'Times New Roman',serif\">H\u1ed7 tr\u1ee3 d\u1ecbch v\u1ee5 Hik-Connect, H\u1ed7 tr\u1ee3 t\u00ean mi\u1ec1n Cameraddns.<\/span><\/li>\n<li><!-- [if !supportLists]--><span style=\"font-family: 'Times New Roman',serif\">T\u00ednh n\u0103ng Ph\u00e1t hi\u1ec7n chuy\u1ec3n \u0111\u1ed9ng , ph\u00e1t hi\u1ec7n video gi\u1ea3 m\u1ea1o.<\/span><\/li>\n<\/ul>\n<\/ul>","protected":false},"featured_media":13508,"comment_status":"closed","ping_status":"closed","template":"","meta":[],"pwb-brand":[],"product_cat":[2911],"product_tag":[2841],"class_list":{"0":"post-13507","1":"product","2":"type-product","3":"status-publish","4":"has-post-thumbnail","6":"product_cat-thiet-bi-camera","7":"product_tag-hdd","9":"first","10":"instock","11":"shipping-taxable","12":"product-type-simple"},"brands":[],"_links":{"self":[{"href":"https:\/\/serverhot.vn\/ru\/wp-json\/wp\/v2\/product\/13507","targetHints":{"allow":["GET"]}}],"collection":[{"href":"https:\/\/serverhot.vn\/ru\/wp-json\/wp\/v2\/product"}],"about":[{"href":"https:\/\/serverhot.vn\/ru\/wp-json\/wp\/v2\/types\/product"}],"replies":[{"embeddable":true,"href":"https:\/\/serverhot.vn\/ru\/wp-json\/wp\/v2\/comments?post=13507"}],"wp:featuredmedia":[{"embeddable":true,"href":"https:\/\/serverhot.vn\/ru\/wp-json\/wp\/v2\/media\/13508"}],"wp:attachment":[{"href":"https:\/\/serverhot.vn\/ru\/wp-json\/wp\/v2\/media?parent=13507"}],"wp:term":[{"taxonomy":"pwb-brand","embeddable":true,"href":"https:\/\/serverhot.vn\/ru\/wp-json\/wp\/v2\/pwb-brand?post=13507"},{"taxonomy":"product_cat","embeddable":true,"href":"https:\/\/serverhot.vn\/ru\/wp-json\/wp\/v2\/product_cat?post=13507"},{"taxonomy":"product_tag","embeddable":true,"href":"https:\/\/serverhot.vn\/ru\/wp-json\/wp\/v2\/product_tag?post=13507"}],"curies":[{"name":"wp","href":"https:\/\/api.w.org\/{rel}","templated":true}]}}