{"id":13551,"date":"2024-07-13T05:15:14","date_gmt":"2024-07-12T22:15:14","guid":{"rendered":"https:\/\/serverhot.vn\/-product-\/thiet-bi-luu-tru-nas-qnap-ts-h2490fu-7232p-64g-ma-san-pham-ts-h2490fu-7232p-64g\/"},"modified":"2024-07-13T05:15:34","modified_gmt":"2024-07-12T22:15:34","slug":"thiet-bi-luu-tru-nas-qnap-ts-h2490fu-7232p-64g-ma-san-pham-ts-h2490fu-7232p-64g","status":"publish","type":"product","link":"https:\/\/serverhot.vn\/ru\/-product-\/thiet-bi-luu-tru-nas-qnap-ts-h2490fu-7232p-64g-ma-san-pham-ts-h2490fu-7232p-64g\/","title":{"rendered":"Thi\u1ebft b\u1ecb l\u01b0u tr\u1eef NAS QNAP TS-h2490FU-7232P-64G M\u00e3 s\u1ea3n ph\u1ea9m: TS-H2490FU-7232P-64G"},"content":{"rendered":"<div class=\"showText tabs\" id=\"tab2\">\n                                    <\/div>","protected":false},"excerpt":{"rendered":"<ul>\n<p>S\u1ed1 khay \u0111\u1ef1ng \u1ed5 c\u1ee9ng: 24 khay<\/p>\n<p>\u00d4\u0309 c\u01b0\u0301ng: Kh\u00f4ng \u0111i k\u00e8m<\/p>\n<p>B\u00f4\u0323 vi x\u1eed l\u00fd: AMD EPYC\u2122 7232P\/7252 8-core\/16-thread processor, up to 3.2 GHz<\/p>\n<p>CPU Architecture 64-bit x86<\/p>\n<p>B\u00f4\u0323 nh\u01a1\u0301 RAM: 64 GB RDIMM DDR4 ECC (8 x 8 GB)<\/p>\n<p>T\u1ed1i \u0111a: 4 TB (16 x 256 GB)<\/p>\n<p>H\u1ed7 tr\u1ee3 Raid: JBOD, Single, RAID 0, 1, 5, 6, 10, 50, 60<\/p>\n<p>Chu\u1ea9n \u1ed5 c\u1ee9ng<span> <\/span>: 2.5&#8243; U.2 NVMe Gen 3&#215;4<\/p>\n<p>C\u1ed5ng giao ti\u1ebfp<span> <\/span>: 02 x 2.5 Gigabit Ethernet Port<\/p>\n<p>02 x 25GbE SFP 28 SmartNIC Port<\/p>\n<p>05 x PCIe Slot<\/p>\n<p>02 x USB 3.2 Gen 1 port<\/p>\n<\/ul>","protected":false},"featured_media":13552,"comment_status":"closed","ping_status":"closed","template":"","meta":[],"pwb-brand":[],"product_cat":[2884],"product_tag":[],"class_list":{"0":"post-13551","1":"product","2":"type-product","3":"status-publish","4":"has-post-thumbnail","6":"product_cat-qnap","8":"first","9":"instock","10":"shipping-taxable","11":"product-type-simple"},"brands":[],"_links":{"self":[{"href":"https:\/\/serverhot.vn\/ru\/wp-json\/wp\/v2\/product\/13551","targetHints":{"allow":["GET"]}}],"collection":[{"href":"https:\/\/serverhot.vn\/ru\/wp-json\/wp\/v2\/product"}],"about":[{"href":"https:\/\/serverhot.vn\/ru\/wp-json\/wp\/v2\/types\/product"}],"replies":[{"embeddable":true,"href":"https:\/\/serverhot.vn\/ru\/wp-json\/wp\/v2\/comments?post=13551"}],"wp:featuredmedia":[{"embeddable":true,"href":"https:\/\/serverhot.vn\/ru\/wp-json\/wp\/v2\/media\/13552"}],"wp:attachment":[{"href":"https:\/\/serverhot.vn\/ru\/wp-json\/wp\/v2\/media?parent=13551"}],"wp:term":[{"taxonomy":"pwb-brand","embeddable":true,"href":"https:\/\/serverhot.vn\/ru\/wp-json\/wp\/v2\/pwb-brand?post=13551"},{"taxonomy":"product_cat","embeddable":true,"href":"https:\/\/serverhot.vn\/ru\/wp-json\/wp\/v2\/product_cat?post=13551"},{"taxonomy":"product_tag","embeddable":true,"href":"https:\/\/serverhot.vn\/ru\/wp-json\/wp\/v2\/product_tag?post=13551"}],"curies":[{"name":"wp","href":"https:\/\/api.w.org\/{rel}","templated":true}]}}