{"id":13557,"date":"2024-07-18T19:30:17","date_gmt":"2024-07-18T12:30:17","guid":{"rendered":"https:\/\/serverhot.vn\/-product-\/module-quang-sfp-cisco-glc-lh-smd-transceiver-1000blx-lh-ma-san-pham-glc-lh-smd\/"},"modified":"2024-07-18T19:30:50","modified_gmt":"2024-07-18T12:30:50","slug":"module-quang-sfp-cisco-glc-lh-smd-transceiver-1000blx-lh-ma-san-pham-glc-lh-smd","status":"publish","type":"product","link":"https:\/\/serverhot.vn\/ru\/-product-\/module-quang-sfp-cisco-glc-lh-smd-transceiver-1000blx-lh-ma-san-pham-glc-lh-smd\/","title":{"rendered":"Module Quang SFP Cisco GLC-LH-SMD Transceiver 1000BLX\/LH M\u00e3 s\u1ea3n ph\u1ea9m: GLC-LH-SMD"},"content":{"rendered":"<div class=\"showText tabs\" id=\"tab2\">\n                                    <\/div>","protected":false},"excerpt":{"rendered":"<ul>\n<p><span>Module Cisco GLC-LH-SMD\u200b l\u00e0 d\u00f2ng SFP ch\u1ea1y tr\u00ean b\u01b0\u1edbc s\u00f3ng 1310nm kho\u1ea3ng c\u00e1ch xa t\u1edbi 10KM v\u1edbi c\u00e1p quang singlemode chu\u1ea9n k\u1ebft n\u1ed1i LC\/LC (\u0111\u1ea7u nh\u1ecf), Module quang SFP Cisco GLC-LH-SMD c\u00f3 c\u01a1 ch\u1ebf c\u1eafm n\u00f3ng t\u1ee9c l\u00e0 khi thi\u1ebft b\u1ecb \u0111ang ho\u1ea1t \u0111\u1ed9ng b\u1ea1n c\u00f3 th\u1ec3 thay th\u1ebf ngay c\u1eafm Module quang n\u00e0y v\u00e0o c\u00e1c thi\u1ebft b\u1ecb nh\u01b0 Switch), Router c\u1ee7a cisco m\u00e0 kh\u00f4ng c\u1ea7n ph\u1ea3i t\u1eaft thi\u1ebft b\u1ecb ho\u1eb7c kh\u1edfi \u0111\u1ed9ng l\u1ea1i m\u00e0 thi\u1ebft b\u1ecb t\u1ef1 nh\u1eadn v\u00e0 active \u0111\u1ec3 ho\u1ea1t \u0111\u1ed9ng lu\u00f4n khi Module SFP Cisco GLC-LH-SMD n\u00e0y \u0111\u01b0\u1ee3c c\u1eafm v\u00e0o.<\/span><\/p>\n<\/ul>","protected":false},"featured_media":13558,"comment_status":"closed","ping_status":"closed","template":"","meta":[],"pwb-brand":[],"product_cat":[2893],"product_tag":[2847,2849],"class_list":{"0":"post-13557","1":"product","2":"type-product","3":"status-publish","4":"has-post-thumbnail","6":"product_cat-cisco","7":"product_tag-cisco","8":"product_tag-switch","10":"first","11":"instock","12":"shipping-taxable","13":"product-type-simple"},"brands":[],"_links":{"self":[{"href":"https:\/\/serverhot.vn\/ru\/wp-json\/wp\/v2\/product\/13557","targetHints":{"allow":["GET"]}}],"collection":[{"href":"https:\/\/serverhot.vn\/ru\/wp-json\/wp\/v2\/product"}],"about":[{"href":"https:\/\/serverhot.vn\/ru\/wp-json\/wp\/v2\/types\/product"}],"replies":[{"embeddable":true,"href":"https:\/\/serverhot.vn\/ru\/wp-json\/wp\/v2\/comments?post=13557"}],"wp:featuredmedia":[{"embeddable":true,"href":"https:\/\/serverhot.vn\/ru\/wp-json\/wp\/v2\/media\/13558"}],"wp:attachment":[{"href":"https:\/\/serverhot.vn\/ru\/wp-json\/wp\/v2\/media?parent=13557"}],"wp:term":[{"taxonomy":"pwb-brand","embeddable":true,"href":"https:\/\/serverhot.vn\/ru\/wp-json\/wp\/v2\/pwb-brand?post=13557"},{"taxonomy":"product_cat","embeddable":true,"href":"https:\/\/serverhot.vn\/ru\/wp-json\/wp\/v2\/product_cat?post=13557"},{"taxonomy":"product_tag","embeddable":true,"href":"https:\/\/serverhot.vn\/ru\/wp-json\/wp\/v2\/product_tag?post=13557"}],"curies":[{"name":"wp","href":"https:\/\/api.w.org\/{rel}","templated":true}]}}