{"id":13728,"date":"2024-08-28T20:00:13","date_gmt":"2024-08-28T13:00:13","guid":{"rendered":"https:\/\/serverhot.vn\/-product-\/thiet-bi-mang-bo-dinh-tuyen-tp-link-archer-ax12-ax1500-wi-fi-6-router-ma-san-pham-archerax12\/"},"modified":"2024-08-28T20:00:16","modified_gmt":"2024-08-28T13:00:16","slug":"thiet-bi-mang-bo-dinh-tuyen-tp-link-archer-ax12-ax1500-wi-fi-6-router-ma-san-pham-archerax12","status":"publish","type":"product","link":"https:\/\/serverhot.vn\/ru\/-product-\/thiet-bi-mang-bo-dinh-tuyen-tp-link-archer-ax12-ax1500-wi-fi-6-router-ma-san-pham-archerax12\/","title":{"rendered":"Thi\u1ebft B\u1ecb M\u1ea1ng B\u1ed9 \u0110\u1ecbnh Tuy\u1ebfn TP-Link Archer AX12 AX1500 Wi-Fi 6 Router M\u00e3 s\u1ea3n ph\u1ea9m: ARCHERAX12"},"content":{"rendered":"<div class=\"showText tabs\" id=\"tab2\">\n<div class=\"box_right_pro_view\">\n<div class=\"thongso_pro a_technical\" style=\"max-height: fit-content\">\n<p>T\u1ed1c \u0111\u1ed9 WIFI<span> <\/span>AX1500<\/p>\n<p>5 GHz: 1201 Mbps (802.11ax)<\/p>\n<p>2.4 GHz: 300 Mbps (802.11n)<\/p>\n<p>Chu\u1ea9n k\u1ebft n\u1ed1i<span> <\/span>Chu\u1ea9n AX (Wifi 6)<\/p>\n<p>Angten<span> <\/span>4 \u0102ng-ten ngo\u00e0i<\/p>\n<p>C\u1ed5ng k\u1ebft n\u1ed1i<span> <\/span>1\u00d7 Gigabit WAN Port<\/p>\n<p>3\u00d7 Gigabit LAN Ports<\/p>\n<p>T\u1ed1c \u0111\u1ed9 LAN<span> <\/span>10\/100\/1000Mbps<\/p>\n<p>C\u00f4ng ngh\u1ec7 Mesh<span> <\/span>C\u00f3<\/p>\n<p>Nhu c\u1ea7u s\u1eed d\u1ee5ng<span> <\/span>Gia \u0111\u00ecnh, Nh\u00e0 h\u00e0ng<\/p>\n<p>S\u1ed1 thi\u1ebft b\u1ecb truy c\u1eadp<span> <\/span>30-40 User<\/p>\n<p>L\u1eafp \u0111\u1eb7t<span> <\/span>\u0110\u1ec3 b\u00e0n<\/p>\n<p>M\u00f4 t\u1ea3 kh\u00e1c<span> <\/span>C\u00f4ng ngh\u1ec7 Wi-Fi 6 truy\u1ec1n nhi\u1ec1u d\u1eef li\u1ec7u h\u01a1n \u0111\u1ebfn nhi\u1ec1u thi\u1ebft b\u1ecb h\u01a1n b\u1eb1ng c\u00e1ch s\u1eed d\u1ee5ng c\u00f4ng ngh\u1ec7 OFDMA v\u00e0 MU-MIMO mang t\u00ednh c\u00e1ch m\u1ea1ng \u0111\u1ed3ng th\u1eddi gi\u00fap gi\u1ea3m \u0111\u1ed9 tr\u1ec5.<\/p>\n<p>V\u00f9ng ph\u1ee7 s\u00f3ng t\u1ed1t h\u01a1n: \u0110\u1ea1t \u0111\u01b0\u1ee3c v\u00f9ng ph\u1ee7 s\u00f3ng WiFi m\u1ea1nh nh\u1ea5t, \u0111\u00e1ng tin c\u1eady nh\u1ea5t v\u1edbi Archer AX12 v\u00ec n\u00f3 t\u1eadp trung c\u01b0\u1eddng \u0111\u1ed9 t\u00edn hi\u1ec7u cho c\u00e1c thi\u1ebft b\u1ecb c\u1ee7a b\u1ea1n b\u1eb1ng c\u00f4ng ngh\u1ec7 Beamforming v\u00e0 b\u1ed1n \u0103ng-ten ngo\u00e0i m\u1ea1nh m\u1ebd.<\/p>\n<p>T\u0103ng th\u1eddi l\u01b0\u1ee3ng pin: C\u00f4ng ngh\u1ec7 Target Wake Time gi\u00fap gi\u1ea3m m\u1ee9c ti\u00eau th\u1ee5 n\u0103ng l\u01b0\u1ee3ng c\u1ee7a thi\u1ebft b\u1ecb \u0111\u1ec5 k\u00e9o d\u00e0i th\u1eddi l\u01b0\u1ee3ng s\u1eed d\u1ee5ng pin.3<\/p>\n<\/p><\/div>\n<p>                            <!--                            <\/p>\n<div class=\"xemthem_id_r\">--><br \/>\n                            <!--                                <a><!--\/show\/?token=--><br \/>\n                            <!--\"--><br \/>\n                            <!--                                   class=\"preview fancybox fancybox.ajax\" rel=\"nofollow\"&gt;Xem th&#234;m th&#244;ng s&#7889; k&#7929; thu&#7853;t<\/a>--><br \/>\n                            <!--                            <\/div>\n<p>-->\n                        <\/p><\/div>\n<\/p><\/div>","protected":false},"excerpt":{"rendered":"<ul>\n<p><strong>Archer AX12 AX1500 Wi-Fi 6 Router<\/strong><\/p>\n<p><strong>C\u00f4ng ngh\u1ec7 WiFi 6:<\/strong> Archer AX12 \u0111\u01b0\u1ee3c trang b\u1ecb c\u00f4ng ngh\u1ec7 kh\u00f4ng d\u00e2y m\u1edbi nh\u1ea5t, Wi-Fi 6, \u0111\u1ec3 c\u00f3 t\u1ed1c \u0111\u1ed9 nhanh h\u01a1n, ch\u1ecbu t\u1ea3i l\u1edbn h\u01a1n v\u00e0 gi\u1ea3m t\u1eafc ngh\u1ebdn m\u1ea1ng.<\/p>\n<p><strong>T\u1ed1c \u0111\u1ed9 kh\u00f4ng d\u00e2y 1.5 Gbps:<\/strong> Router b\u0103ng t\u1ea7n k\u00e9p Archer AX12 \u0111\u1ea1t t\u1ed1c \u0111\u1ed9 kh\u00f4ng d\u00e2y l\u00ean \u0111\u1ebfn 1.5 Gbps (1201 Mbps tr\u00ean b\u0103ng t\u1ea7n 5 GHz v\u00e0 300 Mbps tr\u00eanb\u0103ng t\u1ea7n 2.4 GHz band)15<\/p>\n<p><strong>K\u1ebft n\u1ed1i nhi\u1ec1u thi\u1ebft b\u1ecb h\u01a1n: <\/strong>C\u00f4ng ngh\u1ec7 Wi-Fi 6 truy\u1ec1n nhi\u1ec1u d\u1eef li\u1ec7u h\u01a1n \u0111\u1ebfn nhi\u1ec1u thi\u1ebft b\u1ecb h\u01a1n b\u1eb1ng c\u00e1ch s\u1eed d\u1ee5ng c\u00f4ng ngh\u1ec7 OFDMA v\u00e0 MU-MIMO mang t\u00ednh c\u00e1ch m\u1ea1ng \u0111\u1ed3ng th\u1eddi gi\u00fap gi\u1ea3m \u0111\u1ed9 tr\u1ec5.24<\/p>\n<p><strong>V\u00f9ng ph\u1ee7 s\u00f3ng t\u1ed1t h\u01a1n:\u00a0<\/strong> \u0110\u1ea1t \u0111\u01b0\u1ee3c v\u00f9ng ph\u1ee7 s\u00f3ng WiFi m\u1ea1nh nh\u1ea5t, \u0111\u00e1ng tin c\u1eady nh\u1ea5t v\u1edbi Archer AX12 v\u00ec n\u00f3 t\u1eadp trung c\u01b0\u1eddng \u0111\u1ed9 t\u00edn hi\u1ec7u cho c\u00e1c thi\u1ebft b\u1ecb c\u1ee7a b\u1ea1n b\u1eb1ng c\u00f4ng ngh\u1ec7 Beamforming v\u00e0 b\u1ed1n \u0103ng-ten ngo\u00e0i m\u1ea1nh m\u1ebd.<\/p>\n<p><strong>T\u0103ng th\u1eddi l\u01b0\u1ee3ng pin<\/strong>: C\u00f4ng ngh\u1ec7 Target Wake Time gi\u00fap gi\u1ea3m m\u1ee9c ti\u00eau th\u1ee5 n\u0103ng l\u01b0\u1ee3ng c\u1ee7a thi\u1ebft b\u1ecb \u0111\u1ec5 k\u00e9o d\u00e0i th\u1eddi l\u01b0\u1ee3ng s\u1eed d\u1ee5ng pin.3<\/p>\n<p><strong>D\u1ec5 c\u00e0i \u0111\u1eb7t: <\/strong>Thi\u1ebft l\u1eadp b\u1ed9 \u0111\u1ecbnh tuy\u1ebfn c\u1ee7a b\u1ea1n trong v\u00e0i ph\u00fat v\u1edbi \u1ee8ng d\u1ee5ng TP-Link Tether m\u1ea1nh m\u1ebd.<\/p>\n<p><strong>T\u01b0\u01a1ng th\u00edch m\u1ecdi th\u1ee9:<\/strong> Archer AX12 h\u1ed7 tr\u1ee3 t\u1ea5t c\u1ea3 chu\u1ea9n WiFi c\u0169 h\u01a1n gi\u00fap m\u1ecdi thi\u1ebft b\u1ecb \u0111\u1ec1u c\u00f3 th\u1ec3 k\u1ebft n\u1ed1i.<\/p>\n<\/ul>","protected":false},"featured_media":13729,"comment_status":"closed","ping_status":"closed","template":"","meta":[],"pwb-brand":[],"product_cat":[2901],"product_tag":[25,55],"class_list":{"0":"post-13728","1":"product","2":"type-product","3":"status-publish","4":"has-post-thumbnail","6":"product_cat-ubiquiti","7":"product_tag-man","8":"product_tag-run","10":"first","11":"instock","12":"shipping-taxable","13":"product-type-simple"},"brands":[],"_links":{"self":[{"href":"https:\/\/serverhot.vn\/ru\/wp-json\/wp\/v2\/product\/13728","targetHints":{"allow":["GET"]}}],"collection":[{"href":"https:\/\/serverhot.vn\/ru\/wp-json\/wp\/v2\/product"}],"about":[{"href":"https:\/\/serverhot.vn\/ru\/wp-json\/wp\/v2\/types\/product"}],"replies":[{"embeddable":true,"href":"https:\/\/serverhot.vn\/ru\/wp-json\/wp\/v2\/comments?post=13728"}],"wp:featuredmedia":[{"embeddable":true,"href":"https:\/\/serverhot.vn\/ru\/wp-json\/wp\/v2\/media\/13729"}],"wp:attachment":[{"href":"https:\/\/serverhot.vn\/ru\/wp-json\/wp\/v2\/media?parent=13728"}],"wp:term":[{"taxonomy":"pwb-brand","embeddable":true,"href":"https:\/\/serverhot.vn\/ru\/wp-json\/wp\/v2\/pwb-brand?post=13728"},{"taxonomy":"product_cat","embeddable":true,"href":"https:\/\/serverhot.vn\/ru\/wp-json\/wp\/v2\/product_cat?post=13728"},{"taxonomy":"product_tag","embeddable":true,"href":"https:\/\/serverhot.vn\/ru\/wp-json\/wp\/v2\/product_tag?post=13728"}],"curies":[{"name":"wp","href":"https:\/\/api.w.org\/{rel}","templated":true}]}}