{"id":13780,"date":"2024-09-28T20:30:16","date_gmt":"2024-09-28T13:30:16","guid":{"rendered":"https:\/\/serverhot.vn\/-product-\/switch-mang-4-cong-poe-hikvision-ds-3e0106p-e-m-ma-san-pham-ds-3e1106p-ei-m\/"},"modified":"2024-09-28T20:30:18","modified_gmt":"2024-09-28T13:30:18","slug":"switch-mang-4-cong-poe-hikvision-ds-3e0106p-e-m-ma-san-pham-ds-3e1106p-ei-m","status":"publish","type":"product","link":"https:\/\/serverhot.vn\/ru\/-product-\/switch-mang-4-cong-poe-hikvision-ds-3e0106p-e-m-ma-san-pham-ds-3e1106p-ei-m\/","title":{"rendered":"Switch m\u1ea1ng 4 c\u1ed5ng POE HIKVISION DS-3E0106P-E\/M M\u00e3 s\u1ea3n ph\u1ea9m: DS-3E1106P-EI\/M"},"content":{"rendered":"<div class=\"showText tabs\" id=\"tab2\">\n<div class=\"box_right_pro_view\">\n<div class=\"thongso_pro a_technical\" style=\"max-height: fit-content\">\n<p>hell<\/p>\n<p>Metal material<\/p>\n<p>Net Weight<\/p>\n<p>0.27 kg (0.6 lb)<\/p>\n<p>Gross Weight<\/p>\n<p>0.77 kg (1.7 lb)<\/p>\n<p>Dimensions (W \u00d7 H \u00d7 D)<\/p>\n<p>121.1 mm \u00d7 27.6 mm \u00d7 83.1 mm (4.77&#8221; \u00d7 1.09&#8221; \u00d7 3.27&#8221;)<\/p>\n<p>Operating Temperature<\/p>\n<p>0 \u00b0C to 40 \u00b0C (32 \u00b0F to 104 \u00b0F)<\/p>\n<p>Storage Temperature<\/p>\n<p>-40 \u00b0C to 85 \u00b0C (-40 \u00b0F to 185 \u00b0F)<\/p>\n<p>Operating Humidity<\/p>\n<p>5% to 95% (no condensation)<\/p>\n<p>Relative Humidity<\/p>\n<p>5% to 95% (no condensation)<\/p>\n<p>Power Supply<\/p>\n<p>54VDC, 0.92A<\/p>\n<p>Installation Mode<\/p>\n<p>Desk-Mounted,Wall-Mounted<\/p>\n<p>Max. Power Consumption<\/p>\n<p>50 W<\/p>\n<p>Power Consumption in Idle<\/p>\n<p>1.8 W<\/p>\n<p>Surge Protection<\/p>\n<p>6 KV<\/p>\n<p>Network Parameters<\/p>\n<p>C\u00e1c c\u1ed5ng<\/p>\n<p>4 \u00d7 10\/100 Mbps PoE port,2 \u00d7 10\/100 Mbps RJ45 port<\/p>\n<p>MAC Address Table<\/p>\n<p>2 K<\/p>\n<p>Switching Capacity<\/p>\n<p>14 Gbps<\/p>\n<p>Packet Forwarding Rate<\/p>\n<p>10.42 Mpps<\/p>\n<p>Internal Cache<\/p>\n<p>1 Mbits<\/p>\n<p>PoE Power Supply<\/p>\n<p>PoE Standard<\/p>\n<p>IEEE 802.3af,IEEE 802.3at<\/p>\n<p>PoE Power Pin<\/p>\n<p>End-span: 1\/2(-), 3\/6(+)<\/p>\n<p>PoE Port<\/p>\n<p>PoE: Ports 1 to 4<\/p>\n<p>Max. Port Power<\/p>\n<p>30 W<\/p>\n<p>PoE Power Budget<\/p>\n<p>45 W<\/p>\n<p>Software Function<\/p>\n<p>Long Range<\/p>\n<p>Ports 1 to 4: up to 300 m.<\/p>\n<p>\u00a0<\/p>\n<p>Long range performance may vary depend on camera model or cable condition.<\/p>\n<p>\u00a0<\/p>\n<p>VIP Port<\/p>\n<p>Ports 1 to 2: data on VIP ports is preferentially forwarded when bandwidth resources are insufficient.<\/p>\n<p>Port Isolation<\/p>\n<p>Ports 1 to 4: port isolation mode to improve network security<\/p>\n<p>\u00a0<\/p>\n<p>Ports in an isolation group cannot communicate with each other, but they can communicate with ports outside the isolation group.<\/p>\n<p>\u00a0<\/p>\n<p>PoE Watchdog<\/p>\n<p>Ports 1 to 4: auto detect and restart the cameras that do not respond.<\/p>\n<p>Link Aggregation<\/p>\n<p>Link aggregation is used to aggregate multiple physical ports to form a logical port for load balancing, bandwidth expansion, and port protection.<\/p>\n<p>\u00a0<\/p>\n<p>Support static link aggregation.<\/p>\n<p>\u00a0<\/p>\n<p>Support 2 aggregation groups.<\/p>\n<p>\u00a0<\/p>\n<p>Loop Prevention<\/p>\n<p>Loop prevention is used to prevent the switching network from forming loops, which will seriously affect network communication. Disabled by default.<\/p>\n<p>\u00a0<\/p>\n<p>Support 802.1D STP.<\/p>\n<p>\u00a0<\/p>\n<p>Suppport 802.1w RSTP.<\/p>\n<p>\u00a0<\/p>\n<p>VLAN<\/p>\n<p>VLAN is used for network scale planning and network health improvement.<\/p>\n<p>\u00a0<\/p>\n<p>Support 802.1Q.<\/p>\n<p>\u00a0<\/p>\n<p>Configurable VLAN ID from 1-4094.<\/p>\n<p>\u00a0<\/p>\n<p>Support Trunk, Access port mode.<\/p>\n<p>\u00a0<\/p>\n<p>Support Max. 32 VLAN.<\/p>\n<p>\u00a0<\/p>\n<p>HPP<\/p>\n<p>Support one-click activation and remote management via Hik-Partner Pro. Functions supported:<\/p>\n<p>\u00a0<\/p>\n<p>1. Display the port rate.<\/p>\n<p>\u00a0<\/p>\n<p>2. Display the port bandwidth utilization rate.<\/p>\n<p>\u00a0<\/p>\n<p>3. Display the PoE power usage.<\/p>\n<p>\u00a0<\/p>\n<p>4. Display topology information.<\/p>\n<p>\u00a0<\/p>\n<p>5. Display the alarm status.<\/p>\n<p>\u00a0<\/p>\n<p>6. Restart ports and devices.<\/p>\n<p>\u00a0<\/p>\n<p>7. Enable port long-rage mode.<\/p>\n<p>\u00a0<\/p>\n<p>8. Remotely upgrade the device.<\/p>\n<p>\u00a0<\/p>\n<p>System Maintenance<\/p>\n<p>Support device management via web.<\/p>\n<p>\u00a0<\/p>\n<p>Support DHCP Client. Enabled by default for dynamic assignment of management IP addresses.<\/p>\n<p>\u00a0<\/p>\n<p>Support Super IP, which is a fixed IP address (10.180.190.200) for direct access.<\/p>\n<p>\u00a0<\/p>\n<p>Support management via Hik-Central Pro.<\/p>\n<p>\u00a0<\/p>\n<p>Support remote management via Hik-Partner Pro.<\/p>\n<p>\u00a0<\/p>\n<p>Support cable detection. Abnormal open circuits and short circuits as well as network cable length can be detected.<\/p>\n<p>\u00a0<\/p>\n<p>Supports 802.1ab LLDP for peer device discovery.<\/p>\n<p>\u00a0<\/p>\n<p>Support port mirroring for fault locating.<\/p>\n<p>\u00a0<\/p>\n<p>Approval<\/p>\n<p>EMC<\/p>\n<p>CE-EMC (EN 55032: 2015+A11: 2020, EN IEC 61000-3-2: 2019, EN 61000-3-3: 2013+A1: 2019, EN 50130-4: 2011+A1: 2014, EN 55035: 2017+A11: 2020)<\/p>\n<p>Safety<\/p>\n<p>CB (AMD1:2009, AMD2:2013, IEC 62368-1: 2014 (Second Edition), CE-LVD (EN 62368-1: 2014+A11: 2017)<\/p>\n<p>Chemistry<\/p>\n<p>Reach (Regulation (EC) No.1907\/2006),WEEE (2012\/19\/EU),CE-RoHS (2011\/65\/EU)<\/p>\n<\/p><\/div>\n<p>                            <!--                            <\/p>\n<div class=\"xemthem_id_r\">--><br \/>\n                            <!--                                <a><!--\/show\/?token=--><br \/>\n                            <!--\"--><br \/>\n                            <!--                                   class=\"preview fancybox fancybox.ajax\" rel=\"nofollow\"&gt;Xem th&#234;m th&#244;ng s&#7889; k&#7929; thu&#7853;t<\/a>--><br \/>\n                            <!--                            <\/div>\n<p>-->\n                        <\/p><\/div>\n<\/p><\/div>","protected":false},"excerpt":{"rendered":"<ul>\n<p>4 \u00d7 10\/100 Mbps PoE port,2 \u00d7 10\/100 Mbps RJ45 port<\/p>\n<p>Total PoE Power Budget 45W<\/p>\n<p>Support 802.1Q VLAN<\/p>\n<p>Support PoE watchdog to detect and restart the cameras that do not respond<\/p>\n<p>Support STP\/RSTP Loop prevention<\/p>\n<p>Support cable detection to locate failure<\/p>\n<p>Up to 300 m Long Range PoE Transmission<\/p>\n<p>6KV Surge Protection<\/p>\n<\/ul>","protected":false},"featured_media":13781,"comment_status":"closed","ping_status":"closed","template":"","meta":[],"pwb-brand":[],"product_cat":[2902],"product_tag":[25,55,2849],"class_list":{"0":"post-13780","1":"product","2":"type-product","3":"status-publish","4":"has-post-thumbnail","6":"product_cat-hikvison","7":"product_tag-man","8":"product_tag-run","9":"product_tag-switch","11":"first","12":"instock","13":"shipping-taxable","14":"product-type-simple"},"brands":[],"_links":{"self":[{"href":"https:\/\/serverhot.vn\/ru\/wp-json\/wp\/v2\/product\/13780","targetHints":{"allow":["GET"]}}],"collection":[{"href":"https:\/\/serverhot.vn\/ru\/wp-json\/wp\/v2\/product"}],"about":[{"href":"https:\/\/serverhot.vn\/ru\/wp-json\/wp\/v2\/types\/product"}],"replies":[{"embeddable":true,"href":"https:\/\/serverhot.vn\/ru\/wp-json\/wp\/v2\/comments?post=13780"}],"wp:featuredmedia":[{"embeddable":true,"href":"https:\/\/serverhot.vn\/ru\/wp-json\/wp\/v2\/media\/13781"}],"wp:attachment":[{"href":"https:\/\/serverhot.vn\/ru\/wp-json\/wp\/v2\/media?parent=13780"}],"wp:term":[{"taxonomy":"pwb-brand","embeddable":true,"href":"https:\/\/serverhot.vn\/ru\/wp-json\/wp\/v2\/pwb-brand?post=13780"},{"taxonomy":"product_cat","embeddable":true,"href":"https:\/\/serverhot.vn\/ru\/wp-json\/wp\/v2\/product_cat?post=13780"},{"taxonomy":"product_tag","embeddable":true,"href":"https:\/\/serverhot.vn\/ru\/wp-json\/wp\/v2\/product_tag?post=13780"}],"curies":[{"name":"wp","href":"https:\/\/api.w.org\/{rel}","templated":true}]}}