{"id":13804,"date":"2024-10-01T05:45:09","date_gmt":"2024-09-30T22:45:09","guid":{"rendered":"https:\/\/serverhot.vn\/-product-\/may-chieu-gan-panasonic-pt-tx370-ma-san-pham-pt-tx370\/"},"modified":"2024-10-01T05:45:11","modified_gmt":"2024-09-30T22:45:11","slug":"may-chieu-gan-panasonic-pt-tx370-ma-san-pham-pt-tx370","status":"publish","type":"product","link":"https:\/\/serverhot.vn\/ru\/-product-\/may-chieu-gan-panasonic-pt-tx370-ma-san-pham-pt-tx370\/","title":{"rendered":"Ma\u0301y Chi\u1ebfu G\u1ea7n Panasonic PT-TX370 M\u00e3 s\u1ea3n ph\u1ea9m: PT-TX370"},"content":{"rendered":"<div class=\"showText tabs\" id=\"tab2\">\n<div class=\"box_right_pro_view\">\n<div class=\"thongso_pro a_technical\" style=\"max-height: fit-content\">\n<table border=\"1\" width=\"519pt\" cellpadding=\"0px\">\n<tbody>\n<tr>\n<td width=\"177\">S\u1ea3n ph\u1ea9m<\/td>\n<td width=\"514\">Ma\u0301y chi\u00ea\u0301u<\/td>\n<\/tr>\n<tr>\n<td>H\u00e3ng s\u1ea3n xu\u1ea5t<\/td>\n<td>\u041f\u0430\u043d\u0430\u0441\u043e\u043d\u0438\u043a<\/td>\n<\/tr>\n<tr>\n<td>Model<\/td>\n<td>PT-TX370<\/td>\n<\/tr>\n<tr>\n<td>C\u00f4ng ngh\u00ea\u0323<\/td>\n<td>LCD<\/td>\n<\/tr>\n<tr>\n<td>\u0110\u00f4\u0323 thu pho\u0301ng<\/td>\n<td>K\u00edch th\u01b0\u01a1\u0301c ph\u00f3ng to m\u00e0n hi\u0300nh 50-100\u201d<\/td>\n<\/tr>\n<tr>\n<td>\u0110\u00f4\u0323 t\u01b0\u01a1ng pha\u0309n<\/td>\n<td>16000:1<\/td>\n<\/tr>\n<tr>\n<td>\u0110\u00f4\u0323 sa\u0301ng<\/td>\n<td>3300 Ansi Lumens<\/td>\n<\/tr>\n<tr>\n<td>\u0110\u00f4\u0323 ph\u00e2n gia\u0309i<\/td>\n<td>WXGA (1280&#215;800)<\/td>\n<\/tr>\n<tr>\n<td>Tu\u00f4\u0309i tho\u0323 \u0111e\u0300n<\/td>\n<td>B\u00f3ng \u0111\u00e8n 230W UHM, Tu\u00f4\u0309i tho\u0323 b\u00f3ng \u0111\u00e8n t\u00f4\u0301i \u0111a 20000 gi\u01a1\u0300 (Eco)<\/td>\n<\/tr>\n<tr>\n<td>Loa<\/td>\n<td>10W<\/td>\n<\/tr>\n<tr>\n<td>C\u00f4\u0309ng giao ti\u00ea\u0301p<\/td>\n<td>HDMI IN, COMPUTER 1 IN, COMPUTER 2 IN\/MONITOR OUT, VIDEO IN, AUDIO 1 IN, AUDIO 2 IN, AUDIO OUT, LAN, SERIAL IN, USB A&amp;B (memory \/ Wireless Module ET-WML100 (cho\u0323n mua th\u00eam) &amp; display)<\/td>\n<\/tr>\n<tr>\n<td>Ki\u0301ch th\u01b0\u01a1\u0301c<\/td>\n<td>K\u00edch th\u01b0\u01a1\u0301c : 335&#215;134,1x329mm<\/td>\n<\/tr>\n<tr>\n<td>Tro\u0323ng l\u01b0\u01a1\u0323ng<\/td>\n<td>3.9 Kg<\/td>\n<\/tr>\n<tr>\n<td>M\u00f4 ta\u0309 kha\u0301c<\/td>\n<td>\u0110i\u00ea\u0300u chi\u0309nh g\u00f3c nghi\u00eang v\u00e0 chi\u0309nh vu\u00f4ng hi\u0300nh, T\u01b0\u0323 \u0111\u00f4\u0323ng do\u0300 ti\u0300m t\u00edn hi\u00ea\u0323u \u0111\u00e2\u0300u v\u00e0o.Tri\u0300nh chi\u00ea\u0301u hi\u0300nh a\u0309nh t\u01b0\u0300\u00a0 USB, \u0110i\u00ea\u0300u khi\u00ean m\u00e1y chi\u00ea\u0301u qua ma\u0323ng LAN. Direct Power Off, C\u00f4ng su\u00e2\u0301t 300W, Loa g\u0103\u0301n trong : 10W<\/td>\n<\/tr>\n<\/tbody>\n<\/table><\/div>\n<p>                            <!--                            <\/p>\n<div class=\"xemthem_id_r\">--><br \/>\n                            <!--                                <a><!--\/show\/?token=--><br \/>\n                            <!--\"--><br \/>\n                            <!--                                   class=\"preview fancybox fancybox.ajax\" rel=\"nofollow\"&gt;Xem th&#234;m th&#244;ng s&#7889; k&#7929; thu&#7853;t<\/a>--><br \/>\n                            <!--                            <\/div>\n<p>-->\n                        <\/p><\/div>\n<\/p><\/div>","protected":false},"excerpt":{"rendered":"<ul>\n<p>\u00a0<\/p>\n<ul>\n<li style=\"font-family: arial, verdana, sans-serif;font-size: 13px;line-height: 1.45;font-weight: normal\">\u0110\u00f4\u0323 sa\u0301ng: 3300 Ansi Lumens<\/li>\n<li style=\"font-family: arial, verdana, sans-serif;font-size: 13px;line-height: 1.45;font-weight: normal\">\u0110\u00f4\u0323 t\u01b0\u01a1ng pha\u0309n: 16000:1<\/li>\n<li style=\"font-family: arial, verdana, sans-serif;font-size: 13px;line-height: 1.45;font-weight: normal\">\u0110\u00f4\u0323 ph\u00e2n gia\u0309i: WXGA (1280&#215;800)<\/li>\n<li style=\"font-family: arial, verdana, sans-serif;font-size: 13px;line-height: 1.45;font-weight: normal\">Tu\u00f4\u0309i tho\u0323 \u0111e\u0300n: B\u00f3ng \u0111\u00e8n 230W UHM, Tu\u00f4\u0309i tho\u0323 b\u00f3ng \u0111\u00e8n t\u00f4\u0301i \u0111a 20000 gi\u01a1\u0300 (Eco)<\/li>\n<li style=\"font-family: arial, verdana, sans-serif;font-size: 13px;line-height: 1.45;font-weight: normal\">C\u00e2n n\u0103\u0323ng: 3.9 Kg<\/li>\n<\/ul>\n<p>\u00a0<\/p>\n<\/ul>","protected":false},"featured_media":13805,"comment_status":"closed","ping_status":"closed","template":"","meta":[],"pwb-brand":[],"product_cat":[2910],"product_tag":[2852],"class_list":{"0":"post-13804","1":"product","2":"type-product","3":"status-publish","4":"has-post-thumbnail","6":"product_cat-thiet-bi-van-phong","7":"product_tag-wireless","9":"first","10":"instock","11":"shipping-taxable","12":"product-type-simple"},"brands":[],"_links":{"self":[{"href":"https:\/\/serverhot.vn\/ru\/wp-json\/wp\/v2\/product\/13804","targetHints":{"allow":["GET"]}}],"collection":[{"href":"https:\/\/serverhot.vn\/ru\/wp-json\/wp\/v2\/product"}],"about":[{"href":"https:\/\/serverhot.vn\/ru\/wp-json\/wp\/v2\/types\/product"}],"replies":[{"embeddable":true,"href":"https:\/\/serverhot.vn\/ru\/wp-json\/wp\/v2\/comments?post=13804"}],"wp:featuredmedia":[{"embeddable":true,"href":"https:\/\/serverhot.vn\/ru\/wp-json\/wp\/v2\/media\/13805"}],"wp:attachment":[{"href":"https:\/\/serverhot.vn\/ru\/wp-json\/wp\/v2\/media?parent=13804"}],"wp:term":[{"taxonomy":"pwb-brand","embeddable":true,"href":"https:\/\/serverhot.vn\/ru\/wp-json\/wp\/v2\/pwb-brand?post=13804"},{"taxonomy":"product_cat","embeddable":true,"href":"https:\/\/serverhot.vn\/ru\/wp-json\/wp\/v2\/product_cat?post=13804"},{"taxonomy":"product_tag","embeddable":true,"href":"https:\/\/serverhot.vn\/ru\/wp-json\/wp\/v2\/product_tag?post=13804"}],"curies":[{"name":"wp","href":"https:\/\/api.w.org\/{rel}","templated":true}]}}