{"id":14332,"date":"2024-10-28T15:15:11","date_gmt":"2024-10-28T08:15:11","guid":{"rendered":"https:\/\/serverhot.vn\/-product-\/bo-phat-wifi-6-router-mesh-wi-fi-atlas-6-bang-tan-kep-ax3000-linksys-mx2003-ah-ma-san-pham-mx2003-ah\/"},"modified":"2024-10-28T15:15:14","modified_gmt":"2024-10-28T08:15:14","slug":"bo-phat-wifi-6-router-mesh-wi-fi-atlas-6-bang-tan-kep-ax3000-linksys-mx2003-ah-ma-san-pham-mx2003-ah","status":"publish","type":"product","link":"https:\/\/serverhot.vn\/ru\/-product-\/bo-phat-wifi-6-router-mesh-wi-fi-atlas-6-bang-tan-kep-ax3000-linksys-mx2003-ah-ma-san-pham-mx2003-ah\/","title":{"rendered":"B\u1ed9 ph\u00e1t wifi 6 Router Mesh Wi-Fi Atlas 6 B\u0103ng t\u1ea7n k\u00e9p AX3000 Linksys MX2003-AH M\u00e3 s\u1ea3n ph\u1ea9m: MX2003-AH"},"content":{"rendered":"<div class=\"showText tabs\" id=\"tab2\">\n                                    <\/div>","protected":false},"excerpt":{"rendered":"<ul>\n<ul style=\"list-style-type: square\">\n<li>Chu\u00e2\u0309n Wi-Fi: 6 AX3000 (MU-MIMO, OFDMA, Intelligent Mesh\u2122)<\/li>\n<li>T\u00f4\u0301c \u0111\u00f4\u0323: 3000Mbps (574 + 2402 Mbps)<\/li>\n<li>Ph\u1ea1m vi ph\u1ee7 s\u00f3ng: 185m\u00b2, h\u1ed7 tr\u1ee3 75+ thi\u1ebft b\u1ecb<\/li>\n<li>CPU: L\u00f5i k\u00e9p Qualcomm 1GHz Immersive Home 214<\/li>\n<li>B\u1ed9 nh\u1edb: 256 MB Flash, 512 MB RAM<\/li>\n<li>C\u1ed5ng Ethernet: 1 WAN, 3 LAN Gigabit<\/li>\n<li>B\u0103ng t\u1ea7n k\u00e9p: 2.4 GHz + 5 GHz v\u1edbi 160MHz<\/li>\n<li>Chuy\u1ec3n v\u00f9ng kh\u00f4ng gi\u00e1n \u0111o\u1ea1n: Seamless Roaming<\/li>\n<li>\u0102ng-ten: 5 \u0102ng-ten ng\u1ea7m c\u00f4ng su\u00e2\u0301t cao, ph\u1ee7 s\u00f3ng \u0111\u1ebfn 250m\u00b2<\/li>\n<li>C\u00e0i \u0111\u1eb7t: D\u1ec5 d\u00e0ng v\u1edbi Linksys App tr\u00ean IOS &amp; Android, t\u1ef1 \u0111\u1ed9ng c\u1eadp nh\u1eadt<\/li>\n<\/ul>\n<\/ul>","protected":false},"featured_media":14333,"comment_status":"closed","ping_status":"closed","template":"","meta":[],"pwb-brand":[],"product_cat":[2907],"product_tag":[],"class_list":{"0":"post-14332","1":"product","2":"type-product","3":"status-publish","4":"has-post-thumbnail","6":"product_cat-linksys","8":"first","9":"instock","10":"shipping-taxable","11":"product-type-simple"},"brands":[],"_links":{"self":[{"href":"https:\/\/serverhot.vn\/ru\/wp-json\/wp\/v2\/product\/14332","targetHints":{"allow":["GET"]}}],"collection":[{"href":"https:\/\/serverhot.vn\/ru\/wp-json\/wp\/v2\/product"}],"about":[{"href":"https:\/\/serverhot.vn\/ru\/wp-json\/wp\/v2\/types\/product"}],"replies":[{"embeddable":true,"href":"https:\/\/serverhot.vn\/ru\/wp-json\/wp\/v2\/comments?post=14332"}],"wp:featuredmedia":[{"embeddable":true,"href":"https:\/\/serverhot.vn\/ru\/wp-json\/wp\/v2\/media\/14333"}],"wp:attachment":[{"href":"https:\/\/serverhot.vn\/ru\/wp-json\/wp\/v2\/media?parent=14332"}],"wp:term":[{"taxonomy":"pwb-brand","embeddable":true,"href":"https:\/\/serverhot.vn\/ru\/wp-json\/wp\/v2\/pwb-brand?post=14332"},{"taxonomy":"product_cat","embeddable":true,"href":"https:\/\/serverhot.vn\/ru\/wp-json\/wp\/v2\/product_cat?post=14332"},{"taxonomy":"product_tag","embeddable":true,"href":"https:\/\/serverhot.vn\/ru\/wp-json\/wp\/v2\/product_tag?post=14332"}],"curies":[{"name":"wp","href":"https:\/\/api.w.org\/{rel}","templated":true}]}}