{"id":14747,"date":"2025-03-08T17:45:10","date_gmt":"2025-03-08T10:45:10","guid":{"rendered":"https:\/\/serverhot.vn\/-product-\/nguon-may-tinh-corsair-cx550-550w-80-plus-bronze-cp-9020277-na-ma-san-pham-cp-9020277-na\/"},"modified":"2025-03-08T17:45:13","modified_gmt":"2025-03-08T10:45:13","slug":"nguon-may-tinh-corsair-cx550-550w-80-plus-bronze-cp-9020277-na-ma-san-pham-cp-9020277-na","status":"publish","type":"product","link":"https:\/\/serverhot.vn\/ru\/-product-\/nguon-may-tinh-corsair-cx550-550w-80-plus-bronze-cp-9020277-na-ma-san-pham-cp-9020277-na\/","title":{"rendered":"Ngu\u1ed3n M\u00e1y T\u00ednh Corsair CX550 550W 80 Plus Bronze CP-9020277-NA M\u00e3 s\u1ea3n ph\u1ea9m: CP-9020277-NA"},"content":{"rendered":"<div class=\"showText tabs\" id=\"tab2\">\n                                    <\/div>","protected":false},"excerpt":{"rendered":"<ul>\n<ul>\n<li>ATX Connector: 1<\/li>\n<li>ATX12V Version: v2.31<\/li>\n<li>Cable Type: Type 4<\/li>\n<li>Continuous Power W: 550 Watts<\/li>\n<li>EPS Connector: 1<\/li>\n<li>Fan Bearing Technology: Sleeve<\/li>\n<li>Fan Size MM: 120mm<\/li>\n<li>SATA Connector: 3<\/li>\n<\/ul>\n<\/ul>","protected":false},"featured_media":14748,"comment_status":"closed","ping_status":"closed","template":"","meta":[],"pwb-brand":[],"product_cat":[2916],"product_tag":[44],"class_list":{"0":"post-14747","1":"product","2":"type-product","3":"status-publish","4":"has-post-thumbnail","6":"product_cat-linh-kien-may-chu","7":"product_tag-lee","9":"first","10":"instock","11":"shipping-taxable","12":"product-type-simple"},"brands":[],"_links":{"self":[{"href":"https:\/\/serverhot.vn\/ru\/wp-json\/wp\/v2\/product\/14747","targetHints":{"allow":["GET"]}}],"collection":[{"href":"https:\/\/serverhot.vn\/ru\/wp-json\/wp\/v2\/product"}],"about":[{"href":"https:\/\/serverhot.vn\/ru\/wp-json\/wp\/v2\/types\/product"}],"replies":[{"embeddable":true,"href":"https:\/\/serverhot.vn\/ru\/wp-json\/wp\/v2\/comments?post=14747"}],"wp:featuredmedia":[{"embeddable":true,"href":"https:\/\/serverhot.vn\/ru\/wp-json\/wp\/v2\/media\/14748"}],"wp:attachment":[{"href":"https:\/\/serverhot.vn\/ru\/wp-json\/wp\/v2\/media?parent=14747"}],"wp:term":[{"taxonomy":"pwb-brand","embeddable":true,"href":"https:\/\/serverhot.vn\/ru\/wp-json\/wp\/v2\/pwb-brand?post=14747"},{"taxonomy":"product_cat","embeddable":true,"href":"https:\/\/serverhot.vn\/ru\/wp-json\/wp\/v2\/product_cat?post=14747"},{"taxonomy":"product_tag","embeddable":true,"href":"https:\/\/serverhot.vn\/ru\/wp-json\/wp\/v2\/product_tag?post=14747"}],"curies":[{"name":"wp","href":"https:\/\/api.w.org\/{rel}","templated":true}]}}