{"id":14943,"date":"2025-05-20T02:00:40","date_gmt":"2025-05-19T19:00:40","guid":{"rendered":"https:\/\/serverhot.vn\/-product-\/pc-hp-280-pro-tower-g9-pci-b91lvat-i3-13100-8gb-ram-256gb-ssd-wlbt-km-win11-ma-san-pham-b91lvat\/"},"modified":"2025-05-20T02:00:40","modified_gmt":"2025-05-19T19:00:40","slug":"pc-hp-280-pro-tower-g9-pci-b91lvat-i3-13100-8gb-ram-256gb-ssd-wlbt-km-win11-ma-san-pham-b91lvat","status":"publish","type":"product","link":"https:\/\/serverhot.vn\/ru\/-product-\/pc-hp-280-pro-tower-g9-pci-b91lvat-i3-13100-8gb-ram-256gb-ssd-wlbt-km-win11-ma-san-pham-b91lvat\/","title":{"rendered":"PC HP 280 Pro Tower G9 PCI (B91LVAT) (i3 13100\/8GB RAM\/256GB SSD\/WL+BT\/K+M\/Win11) M\u00e3 s\u1ea3n ph\u1ea9m: B91LVAT"},"content":{"rendered":"<div class=\"showText tabs\" id=\"tab2\">\n<div class=\"box_right_pro_view\">\n<div class=\"thongso_pro a_technical\" style=\"max-height: fit-content\">\n<p>D\u00f2ng CPU<span> <\/span>Core i3<\/p>\n<p>M\u00e3 CPU<span> <\/span>13100<\/p>\n<p>T\u1ed1c \u0111\u1ed9 CPU<span> <\/span>3.4 GHz<\/p>\n<p>T\u1ea7n s\u1ed1 turbo t\u1ed1i \u0111a<span> <\/span>Up to 4.5 GHz<\/p>\n<p>S\u1ed1 l\u00f5i CPU<span> <\/span>4 Cores<\/p>\n<p>S\u1ed1 lu\u1ed3ng<span> <\/span>8 Threads<\/p>\n<p>B\u1ed9 nh\u1edb \u0111\u1ec7m<span> <\/span>12Mb<\/p>\n<p>B\u1ed9 nh\u1edb RAM<\/p>\n<p>Dung l\u01b0\u1ee3ng RAM<span> <\/span>8Gb<\/p>\n<p>Lo\u1ea1i RAM<span> <\/span>DDR4<\/p>\n<p>H\u1ed7 tr\u1ee3 RAM t\u1ed1i \u0111a<span> <\/span>\u0110ang c\u1eadp nh\u1eadt<\/p>\n<p>Khe c\u1eafm RAM<span> <\/span>2 khe ram<\/p>\n<p>\u1ed4 c\u1ee9ng<\/p>\n<p>Dung l\u01b0\u1ee3ng \u1ed5 c\u1ee9ng<span> <\/span>256GB<\/p>\n<p>Lo\u1ea1i \u1ed5 c\u1ee9ng<span> <\/span>SSD<\/p>\n<p>Chu\u1ea9n \u1ed5 c\u1ee9ng<span> <\/span>PCIe NVMe M.2 SSD<\/p>\n<p>Card \u0111\u1ed3 h\u1ecda<span> <\/span>Intel UHD Graphics 730<\/p>\n<p>Card t\u00edch h\u1ee3p<span> <\/span>VGA onboard<\/p>\n<p>K\u1ebft n\u1ed1i<\/p>\n<p>K\u1ebft n\u1ed1i kh\u00f4ng d\u00e2y<span> <\/span>Wi-Fi + Bluetooth\u00a0<\/p>\n<p>Th\u00f4ng s\u1ed1 (Lan\/Wireless)<span> <\/span>Realtek Wi-Fi 6 RTL8852BE (2&#215;2) and Bluetooth\u00ae 5.3 wireless card<\/p>\n<p>C\u1ed5ng giao ti\u1ebfp tr\u01b0\u1edbc<span> <\/span>4x USB Type-A 5Gbps signaling rate<\/p>\n<p>1x headphone\/microphone combo<\/p>\n<p>C\u1ed5ng giao ti\u1ebfp sau<span> <\/span>2x USB 2.0 Type-A<\/p>\n<p>1x HDMI<\/p>\n<p>1x DisplayPort\u2122<\/p>\n<p>1x RJ-45,<\/p>\n<p>1x \u0111\u1ea7u n\u1ed1i ngu\u1ed3n<\/p>\n<p>1x c\u1ed5ng n\u1ed1i ti\u1ebfp,<\/p>\n<p>1x line in,<\/p>\n<p>1x line out<\/p>\n<p>(systems with 13th Generation Intel\u00ae Core\u2122 processors)<\/p>\n<p>Khe c\u1eafm m\u1edf r\u1ed9ng<span> <\/span> 1 khe c\u1eafm M.2 cho WLAN v\u00e0 1 khe c\u1eafm M.2 2242\/2280 cho l\u01b0u tr\u1eef<\/p>\n<p>\u041f\u0440\u043e\u0433\u0440\u0430\u043c\u043c\u043d\u043e\u0435 \u043e\u0431\u0435\u0441\u043f\u0435\u0447\u0435\u043d\u0438\u0435<\/p>\n<p>H\u1ec7 \u0111i\u1ec1u h\u00e0nh<span> <\/span>Windows 11 Home<\/p>\n<p>Th\u00f4ng tin kh\u00e1c<\/p>\n<p>B\u1ed9 ngu\u1ed3n<span> <\/span>180 W external AC power adapter\u00a0<\/p>\n<p>\u1ed4 quang<span> <\/span>T\u00f9y ch\u1ecdn th\u00eam<\/p>\n<p>Ph\u1ee5 ki\u1ec7n<span> <\/span>HP 125 Wired Keyboard\/ Mouse<\/p>\n<p>Ki\u1ec3u d\u00e1ng<span> <\/span>Case \u0111\u1ee9ng nh\u1ecf<\/p>\n<p>K\u00edch th\u01b0\u1edbc<\/p>\n<p>s\u1ea3n ph\u1ea9m\/bao b\u00ec<\/p>\n<p>\u00a0<\/p>\n<p>W 15.5 x D 30.3 x H 33.7 cm<\/p>\n<p>W 28.7 x D 40 x H 49.9 cm<\/p>\n<p>Tr\u1ecdng l\u01b0\u1ee3ng<\/p>\n<p>s\u1ea3n ph\u1ea9m\/bao b\u00ec<\/p>\n<p>\u00a0<\/p>\n<p>4.7 kg\/8 kg<\/p>\n<p>\u00a0<\/p>\n<p>Ph\u00edm, chu\u1ed9t<span> <\/span>K\u00e8m b\u00e0n ph\u00edm, chu\u1ed9t<\/p>\n<\/p><\/div>\n<p>                            <!--                            <\/p>\n<div class=\"xemthem_id_r\">--><br \/>\n                            <!--                                <a><!--\/show\/?token=--><br \/>\n                            <!--\"--><br \/>\n                            <!--                                   class=\"preview fancybox fancybox.ajax\" rel=\"nofollow\"&gt;Xem th&#234;m th&#244;ng s&#7889; k&#7929; thu&#7853;t<\/a>--><br \/>\n                            <!--                            <\/div>\n<p>-->\n                        <\/p><\/div>\n<\/p><\/div>","protected":false},"excerpt":{"rendered":"<ul>\n<p>CPU: Intel Core i3-13100 (Upto 4.5GHz, 4-Core, 12MB Cache)<\/p>\n<p>RAM: 8GB DDR4\u00a0<\/p>\n<p>\u1ed4 \u0111\u0129a: 256 SSD PCIe NVMe\u00a0<\/p>\n<p>\u1ed4 quang : Kh\u00f4ng<\/p>\n<p>K\u1ebft n\u1ed1i m\u1ea1ng: Lan gigabit, Wifi + Bluetooth<\/p>\n<p>Ph\u1ee5 ki\u1ec7n: Ph\u00edm chu\u1ed9t \u0110i k\u00e8m (USB)<\/p>\n<p>VGA: Intel UHD Graphics 730<\/p>\n<p>OS: Windows 11 Home 64bit<\/p>\n<\/ul>","protected":false},"featured_media":0,"comment_status":"closed","ping_status":"closed","template":"","meta":[],"pwb-brand":[],"product_cat":[],"product_tag":[2852],"class_list":{"0":"post-14943","1":"product","2":"type-product","3":"status-publish","5":"product_tag-wireless","7":"first","8":"instock","9":"shipping-taxable","10":"product-type-simple"},"brands":[],"_links":{"self":[{"href":"https:\/\/serverhot.vn\/ru\/wp-json\/wp\/v2\/product\/14943","targetHints":{"allow":["GET"]}}],"collection":[{"href":"https:\/\/serverhot.vn\/ru\/wp-json\/wp\/v2\/product"}],"about":[{"href":"https:\/\/serverhot.vn\/ru\/wp-json\/wp\/v2\/types\/product"}],"replies":[{"embeddable":true,"href":"https:\/\/serverhot.vn\/ru\/wp-json\/wp\/v2\/comments?post=14943"}],"wp:attachment":[{"href":"https:\/\/serverhot.vn\/ru\/wp-json\/wp\/v2\/media?parent=14943"}],"wp:term":[{"taxonomy":"pwb-brand","embeddable":true,"href":"https:\/\/serverhot.vn\/ru\/wp-json\/wp\/v2\/pwb-brand?post=14943"},{"taxonomy":"product_cat","embeddable":true,"href":"https:\/\/serverhot.vn\/ru\/wp-json\/wp\/v2\/product_cat?post=14943"},{"taxonomy":"product_tag","embeddable":true,"href":"https:\/\/serverhot.vn\/ru\/wp-json\/wp\/v2\/product_tag?post=14943"}],"curies":[{"name":"wp","href":"https:\/\/api.w.org\/{rel}","templated":true}]}}