{"id":15036,"date":"2025-05-23T16:51:33","date_gmt":"2025-05-23T09:51:33","guid":{"rendered":"https:\/\/serverhot.vn\/-product-\/phan-mem-microsoft-sql-server-2022-1-user-cal-ma-san-pham-ms-sqlserver2022-usercal\/"},"modified":"2025-05-23T16:53:34","modified_gmt":"2025-05-23T09:53:34","slug":"phan-mem-microsoft-sql-server-2022-1-user-cal-ma-san-pham-ms-sqlserver2022-usercal","status":"publish","type":"product","link":"https:\/\/serverhot.vn\/ru\/-product-\/phan-mem-microsoft-sql-server-2022-1-user-cal-ma-san-pham-ms-sqlserver2022-usercal\/","title":{"rendered":"Ph\u1ea7n m\u1ec1m Microsoft SQL Server 2022 &#8211; 1 User CAL M\u00e3 s\u1ea3n ph\u1ea9m: MS-SQLSERVER2022-USERCAL"},"content":{"rendered":"<div class=\"showText tabs\" id=\"tab2\">\n<div class=\"box_right_pro_view\">\n<div class=\"thongso_pro a_technical\" style=\"max-height: fit-content\">\n<table border=\"1\">\n<tbody>\n<tr>\n<td>Phi\u00ean b\u1ea3n<\/td>\n<td>Ph\u1ea7n m\u1ec1m Microsoft Windows Server 2022 &#8211; 1 User CAL<\/td>\n<\/tr>\n<tr>\n<td>Th\u1eddi h\u1ea1n<\/td>\n<td>B\u1ea3n quy\u1ec1n V\u0129nh vi\u1ec5n<\/td>\n<\/tr>\n<tr>\n<td>S\u1ed1 m\u00e1y c\u00e0i \u0111\u1eb7t<\/td>\n<td>D\u00f9ng cho 1 M\u00e1y t\u00ednh<\/td>\n<\/tr>\n<tr>\n<td>Ph\u1ea1m vi s\u1eed d\u1ee5ng<\/td>\n<td>B\u1ea3n quy\u1ec1n cho ng\u01b0\u1eddi d\u00f9ng truy c\u1eadp t\u1edbi h\u1ec7 \u0111i\u1ec1u h\u00e0nh m\u00e1y ch\u1ee7<\/td>\n<\/tr>\n<tr>\n<td>H\u00ecnh th\u1ee9c c\u1ea5p ph\u00e9p<\/td>\n<td>C\u1ea5p key<\/td>\n<\/tr>\n<tr>\n<td>Kh\u00e1ch h\u00e0ng<\/td>\n<td>Doanh nghi\u1ec7p<\/td>\n<\/tr>\n<\/tbody>\n<\/table><\/div>\n<p>                            <!--                            <\/p>\n<div class=\"xemthem_id_r\">--><br \/>\n                            <!--                                <a><!--\/show\/?token=--><br \/>\n                            <!--\"--><br \/>\n                            <!--                                   class=\"preview fancybox fancybox.ajax\" rel=\"nofollow\"&gt;Xem th&#234;m th&#244;ng s&#7889; k&#7929; thu&#7853;t<\/a>--><br \/>\n                            <!--                            <\/div>\n<p>-->\n                        <\/p><\/div>\n<\/p><\/div>","protected":false},"excerpt":{"rendered":"<ul>\n<p><strong style=\"font-size: 16px;line-height: var(--cib-type-subtitle2-stronger-line-height);font-weight: var(--cib-type-subtitle2-stronger-font-weight);color: #111111;font-family: -apple-system, Roboto, SegoeUI, 'Segoe UI', 'Helvetica Neue', Helvetica, 'Microsoft YaHei', 'Meiryo UI', Meiryo, 'Arial Unicode MS', sans-serif;font-style: normal;letter-spacing: normal;text-align: start;text-indent: 0px;text-transform: none;background-color: #ffffff\">Microsoft SQL Server 2022 &#8211; 1 User CAL<\/strong><span style=\"color: #111111;font-family: -apple-system, Roboto, SegoeUI, 'Segoe UI', 'Helvetica Neue', Helvetica, 'Microsoft YaHei', 'Meiryo UI', Meiryo, 'Arial Unicode MS', sans-serif;font-size: 16px;font-style: normal;font-weight: 400;letter-spacing: normal;text-align: start;text-indent: 0px;text-transform: none;background-color: #ffffff;float: none\">\u00a0l\u00e0 gi\u1ea5y ph\u00e9p c\u1ee7a Microsoft cho ph\u00e9p\u00a0<\/span><strong style=\"font-size: 16px;line-height: var(--cib-type-subtitle2-stronger-line-height);font-weight: var(--cib-type-subtitle2-stronger-font-weight);color: #111111;font-family: -apple-system, Roboto, SegoeUI, 'Segoe UI', 'Helvetica Neue', Helvetica, 'Microsoft YaHei', 'Meiryo UI', Meiryo, 'Arial Unicode MS', sans-serif;font-style: normal;letter-spacing: normal;text-align: start;text-indent: 0px;text-transform: none;background-color: #ffffff\">m\u1ed9t ng\u01b0\u1eddi d\u00f9ng c\u1ee5 th\u1ec3<\/strong><span style=\"color: #111111;font-family: -apple-system, Roboto, SegoeUI, 'Segoe UI', 'Helvetica Neue', Helvetica, 'Microsoft YaHei', 'Meiryo UI', Meiryo, 'Arial Unicode MS', sans-serif;font-size: 16px;font-style: normal;font-weight: 400;letter-spacing: normal;text-align: start;text-indent: 0px;text-transform: none;background-color: #ffffff;float: none\">\u00a0truy c\u1eadp v\u00e0 s\u1eed d\u1ee5ng SQL Server 2022<\/span><\/p>\n<\/ul>","protected":false},"featured_media":15037,"comment_status":"closed","ping_status":"closed","template":"","meta":[],"pwb-brand":[],"product_cat":[2917],"product_tag":[],"class_list":{"0":"post-15036","1":"product","2":"type-product","3":"status-publish","4":"has-post-thumbnail","6":"product_cat-microsoft","8":"first","9":"instock","10":"shipping-taxable","11":"product-type-simple"},"brands":[],"_links":{"self":[{"href":"https:\/\/serverhot.vn\/ru\/wp-json\/wp\/v2\/product\/15036","targetHints":{"allow":["GET"]}}],"collection":[{"href":"https:\/\/serverhot.vn\/ru\/wp-json\/wp\/v2\/product"}],"about":[{"href":"https:\/\/serverhot.vn\/ru\/wp-json\/wp\/v2\/types\/product"}],"replies":[{"embeddable":true,"href":"https:\/\/serverhot.vn\/ru\/wp-json\/wp\/v2\/comments?post=15036"}],"wp:featuredmedia":[{"embeddable":true,"href":"https:\/\/serverhot.vn\/ru\/wp-json\/wp\/v2\/media\/15037"}],"wp:attachment":[{"href":"https:\/\/serverhot.vn\/ru\/wp-json\/wp\/v2\/media?parent=15036"}],"wp:term":[{"taxonomy":"pwb-brand","embeddable":true,"href":"https:\/\/serverhot.vn\/ru\/wp-json\/wp\/v2\/pwb-brand?post=15036"},{"taxonomy":"product_cat","embeddable":true,"href":"https:\/\/serverhot.vn\/ru\/wp-json\/wp\/v2\/product_cat?post=15036"},{"taxonomy":"product_tag","embeddable":true,"href":"https:\/\/serverhot.vn\/ru\/wp-json\/wp\/v2\/product_tag?post=15036"}],"curies":[{"name":"wp","href":"https:\/\/api.w.org\/{rel}","templated":true}]}}