{"id":10577,"date":"2024-06-29T04:51:08","date_gmt":"2024-06-28T21:51:08","guid":{"rendered":"https:\/\/serverhot.vn\/product\/uncategorized\/may-bo-intel-nuc-june-boxnuc7pjyhn2-new-no-jack-3-5mm-ma-san-pham-boxnuc7pjyhn2\/"},"modified":"2024-06-29T04:51:09","modified_gmt":"2024-06-28T21:51:09","slug":"may-bo-intel-nuc-june-boxnuc7pjyhn2-new-no-jack-3-5mm-ma-san-pham-boxnuc7pjyhn2","status":"publish","type":"product","link":"https:\/\/serverhot.vn\/ur\/-product-\/may-bo-intel-nuc-june-boxnuc7pjyhn2-new-no-jack-3-5mm-ma-san-pham-boxnuc7pjyhn2\/","title":{"rendered":"M\u00e1y B\u1ed9 Intel NUC June BOXNUC7PJYHN2 &#8211; New ( No Jack 3.5mm) M\u00e3 s\u1ea3n ph\u1ea9m: BOXNUC7PJYHN2"},"content":{"rendered":"<div class=\"showText tabs\" id=\"tab2\">\n<div class=\"box_right_pro_view\">\n<div class=\"thongso_pro a_technical\" style=\"max-height: fit-content\">\n<table border=\"1\">\n<tbody>\n<tr>\n<td>H\u1ec7 \u0111i\u1ec1u h\u00e0nh<\/td>\n<td>Free dos (OS Support Windows 10, 64-bit)<\/td>\n<\/tr>\n<tr>\n<td>Chipset<\/td>\n<td>Integrated Intel CPU<\/td>\n<\/tr>\n<tr>\n<td>B\u1ed9 x\u1eed l\u00fd (CPU)<\/td>\n<td>Intel\u00ae Pentium\u00ae Silver J5005 4M Cache, 1.50 GHz up to 2.80 GHz)<\/td>\n<\/tr>\n<tr>\n<td>Ram<\/td>\n<td>DDR4-2400 1.2V SO-DIMM (Max 8GB)<\/td>\n<\/tr>\n<tr>\n<td>\u1ed4 c\u1ee9ng<\/td>\n<td>1x SATA3 S\/p 2.5&#8243; HDD\/SSD<\/td>\n<\/tr>\n<tr>\n<td>Card \u0110\u1ed3 h\u1ecda<\/td>\n<td>Intel\u00ae UHD 605<\/td>\n<\/tr>\n<tr>\n<td>\u00c2m thanh<\/td>\n<td>7.1 digital; L+R+mic (F); L+R+TOSLINK (R)<\/td>\n<\/tr>\n<tr>\n<td>C\u1ed5ng giao ti\u1ebfp m\u1ea1ng<\/td>\n<td>&#8211; LAN : LAN 1GB Realtek 8111H-CG<br \/>&#8211; Wireless : Wireless- AC 9462 \u00a0+ Bluetooth V5<\/td>\n<\/tr>\n<tr>\n<td>C\u1ed5ng giao ti\u1ebfp k\u1ebft n\u1ed1i thi\u1ebft b\u1ecb<\/td>\n<td>I\/O :2 USB 2.0, 4 USB 3.0, HDMI, M.2 slot with PCIe X4 lanes, SDXC slot with UHS-I support<\/td>\n<\/tr>\n<tr>\n<td>K\u00edch th\u01b0\u1edbc<\/td>\n<td>Chassis Dimensions 117 x 112 x 51mm<\/td>\n<\/tr>\n<\/tbody>\n<\/table><\/div>\n<p>                            <!--                            <\/p>\n<div class=\"xemthem_id_r\">--><br \/>\n                            <!--                                <a><!--\/show\/?token=--><br \/>\n                            <!--\"--><br \/>\n                            <!--                                   class=\"preview fancybox fancybox.ajax\" rel=\"nofollow\"&gt;Xem th&#234;m th&#244;ng s&#7889; k&#7929; thu&#7853;t<\/a>--><br \/>\n                            <!--                            <\/div>\n<p>-->\n                        <\/p><\/div>\n<\/p><\/div>","protected":false},"excerpt":{"rendered":"<ul>\n<ul>\n<li style=\"text-align: justify\">Intel\u00ae Pentium\u00ae Silver J5005 4Mb b\u1ed9 nh\u1edb \u0111\u1ec7m, 1,50 GHz l\u00ean \u0111\u1ebfn 2,80 GHz<\/li>\n<li style=\"text-align: justify\">Chipset: T\u00edch h\u1ee3p CPU Intel- Ram: DDR4-2400 1.2V SO-DIMM (T\u1ed1i \u0111a 8GB)<\/li>\n<li style=\"text-align: justify\">H\u1ed7 tr\u1ee3 Storge: 1x SATA3 S \/ p 2.5 &#8220;HDD \/ SSD<\/li>\n<li style=\"text-align: justify\">\u0110\u1ed3 h\u1ecda: Intel\u00ae UHD 605- \u00c2m thanh: k\u1ef9 thu\u1eadt s\u1ed1 7.1;\u00a0L + R + mic (F);\u00a0L + R + TOSLINK (R)<\/li>\n<li style=\"text-align: justify\">LAN : LAN 1GB Realtek 8111H-CG<\/li>\n<li style=\"text-align: justify\">Kh\u00f4ng d\u00e2y: Kh\u00f4ng d\u00e2y AC 9462 + Bluetooth V5<\/li>\n<li style=\"text-align: justify\">I \/ O: 2 USB 2.0, 4 USB 3.0, HDMI, khe c\u1eafm M.2 v\u1edbi c\u00e1c l\u00e0n PCIe X4, khe c\u1eafm SDXC v\u1edbi h\u1ed7 tr\u1ee3 UHS-I<\/li>\n<li style=\"text-align: justify\">K\u00edch th\u01b0\u1edbc khung xe 117 x 112 x 51mm<\/li>\n<li style=\"text-align: justify\">H\u1ed7 tr\u1ee3 h\u1ec7 \u0111i\u1ec1u h\u00e0nh Windows 10, 64-bit<\/li>\n<\/ul>\n<\/ul>","protected":false},"featured_media":10578,"comment_status":"closed","ping_status":"closed","template":"","meta":[],"pwb-brand":[],"product_cat":[2889],"product_tag":[2841,2852],"class_list":{"0":"post-10577","1":"product","2":"type-product","3":"status-publish","4":"has-post-thumbnail","6":"product_cat-intel","7":"product_tag-hdd","8":"product_tag-wireless","10":"first","11":"instock","12":"shipping-taxable","13":"product-type-simple"},"brands":[],"_links":{"self":[{"href":"https:\/\/serverhot.vn\/ur\/wp-json\/wp\/v2\/product\/10577","targetHints":{"allow":["GET"]}}],"collection":[{"href":"https:\/\/serverhot.vn\/ur\/wp-json\/wp\/v2\/product"}],"about":[{"href":"https:\/\/serverhot.vn\/ur\/wp-json\/wp\/v2\/types\/product"}],"replies":[{"embeddable":true,"href":"https:\/\/serverhot.vn\/ur\/wp-json\/wp\/v2\/comments?post=10577"}],"wp:featuredmedia":[{"embeddable":true,"href":"https:\/\/serverhot.vn\/ur\/wp-json\/wp\/v2\/media\/10578"}],"wp:attachment":[{"href":"https:\/\/serverhot.vn\/ur\/wp-json\/wp\/v2\/media?parent=10577"}],"wp:term":[{"taxonomy":"pwb-brand","embeddable":true,"href":"https:\/\/serverhot.vn\/ur\/wp-json\/wp\/v2\/pwb-brand?post=10577"},{"taxonomy":"product_cat","embeddable":true,"href":"https:\/\/serverhot.vn\/ur\/wp-json\/wp\/v2\/product_cat?post=10577"},{"taxonomy":"product_tag","embeddable":true,"href":"https:\/\/serverhot.vn\/ur\/wp-json\/wp\/v2\/product_tag?post=10577"}],"curies":[{"name":"wp","href":"https:\/\/api.w.org\/{rel}","templated":true}]}}