{"id":10621,"date":"2024-06-29T06:45:11","date_gmt":"2024-06-28T23:45:11","guid":{"rendered":"https:\/\/serverhot.vn\/product\/uncategorized\/thiet-bi-mang-router-wifi-mesh-asus-rt-ac68u-bang-tan-kep-ac1900-rt-ac68u-ma-san-pham-rt-ac68u\/"},"modified":"2024-06-29T06:45:12","modified_gmt":"2024-06-28T23:45:12","slug":"thiet-bi-mang-router-wifi-mesh-asus-rt-ac68u-bang-tan-kep-ac1900-rt-ac68u-ma-san-pham-rt-ac68u","status":"publish","type":"product","link":"https:\/\/serverhot.vn\/ur\/-product-\/thiet-bi-mang-router-wifi-mesh-asus-rt-ac68u-bang-tan-kep-ac1900-rt-ac68u-ma-san-pham-rt-ac68u\/","title":{"rendered":"Thi\u1ebft B\u1ecb M\u1ea1ng Router Wifi Mesh Asus RT-AC68U B\u0103ng T\u1ea7n K\u00e9p AC1900 RT-AC68U M\u00e3 s\u1ea3n ph\u1ea9m: RT-AC68U"},"content":{"rendered":"<div class=\"showText tabs\" id=\"tab2\">\n<div class=\"box_right_pro_view\">\n<div class=\"thongso_pro a_technical\" style=\"max-height: fit-content\">\n<table dir=\"ltr\" border=\"1\">\n<tbody>\n<tr>\n<td>Chu\u1ea9n m\u1ea1ng<\/td>\n<td>IEEE 802.11a, IEEE 802.11b, IEEE 802.11g, IEEE 802.11n, IEEE 802.11ac, IPv4, IPv6<\/td>\n<\/tr>\n<tr>\n<td>Ph\u00e2n kh\u00fac s\u1ea3n ph\u1ea9m<\/td>\n<td>AC &#8211; hi\u1ec7u n\u0103ng AC \u0111\u1ec9nh cao : 600+1300 Mbps<\/td>\n<\/tr>\n<tr>\n<td>Ph\u1ee7 s\u00f3ng<\/td>\n<td>C\u00e1c ng\u00f4i nh\u00e0 l\u1edbn<\/td>\n<\/tr>\n<tr>\n<td rowspan=\"3\">T\u1ed1c \u0111\u1ed9 d\u1eef li\u1ec7u<\/td>\n<td>802.11n : t\u1ed1i \u0111a 450 Mbps<\/td>\n<\/tr>\n<tr>\n<td>802.11ac: t\u1ed1i \u0111a 1300 Mbps<\/td>\n<\/tr>\n<tr>\n<td>802.11n TurboQAM\uff1at\u1ed1i \u0111a 600 Mbps<\/td>\n<\/tr>\n<tr>\n<td>\u0102ng-ten<\/td>\n<td>c\u00f3 th\u1ec3 th\u00e1o l\u1eafp External x 3<\/td>\n<\/tr>\n<tr>\n<td rowspan=\"3\">Transmit\/Receive<\/td>\n<td>C\u00f4ng ngh\u1ec7 MIMO<\/td>\n<\/tr>\n<tr>\n<td>2.4 GHz 3 x 3<\/td>\n<\/tr>\n<tr>\n<td>5 GHz-1 3 x 3<\/td>\n<\/tr>\n<tr>\n<td rowspan=\"2\">B\u1ed9 nh\u1edb<\/td>\n<td>128 MB Flash<\/td>\n<\/tr>\n<tr>\n<td>256 MB RAM<\/td>\n<\/tr>\n<tr>\n<td>T\u1ea7n s\u1ed1 ho\u1ea1t \u0111\u1ed9ng<\/td>\n<td>2.4 GHz \/ 5 GHz<\/td>\n<\/tr>\n<tr>\n<td>M\u00e3 h\u00f3a<\/td>\n<td>Chu\u1ea9n WEP 64-bit, WEP 128-bit, WPA2-PSK, WPA-PSK, WPA-Enterprise , WPA2-Doanh nghi\u1ec7p, WPS h\u1ed7 tr\u1ee3<\/td>\n<\/tr>\n<tr>\n<td>T\u01b0\u1eddng l\u1eeda v\u00e0 qu\u1ea3n l\u00fd truy nh\u1eadp<\/td>\n<td>T\u01b0\u1eddng l\u1eeda: Ph\u00e1t hi\u1ec7n x\u00e2m nh\u1eadp SPI, b\u1ea3o v\u1ec7 DoS<\/td>\n<\/tr>\n<tr>\n<td>\u00a0<\/td>\n<td>Qu\u1ea3n l\u00fd truy c\u1eadp: Ki\u1ec3m so\u00e1t tr\u1ebb nh\u1ecf, L\u1ecdc d\u1ecbch v\u1ee5 m\u1ea1ng, L\u1ecdc URL, L\u1ecdc c\u1ed5ng<\/td>\n<\/tr>\n<tr>\n<td>Qu\u1ea3n l\u00fd<\/td>\n<td>UPnP, IGMP v1\/v2\/v3, DNS Proxy, DHCP, Kh\u00e1ch h\u00e0ng NTP, DDNS, K\u00edch ho\u1ea1t C\u1ed5ng, B\u1ed9 l\u1eb7p ph\u1ed5 c\u1eadp, Nh\u1eadt k\u00fd S\u1ef1 ki\u1ec7n H\u1ec7 th\u1ed1ng<\/td>\n<\/tr>\n<tr>\n<td rowspan=\"4\">C\u00e1c ki\u1ec3u k\u1ebft n\u1ed1i m\u1ea1ng di\u1ec7n r\u1ed9ng WAN<\/td>\n<td>C\u00e1c ki\u1ec3u k\u1ebft n\u1ed1i m\u1ea1ng Internet : IP T\u1ef1 \u0111\u1ed9ng, IP t\u0129nh, PPPoE (h\u1ed7 tr\u1ee3 MPPE), PPTP, L2TP<\/td>\n<\/tr>\n<tr>\n<td>H\u1ed7 tr\u1ee3 WAN Bridge<\/td>\n<\/tr>\n<tr>\n<td>H\u1ed7 tr\u1ee3 Multicast Proxy<\/td>\n<\/tr>\n<tr>\n<td>H\u1ed7 tr\u1ee3 Thi\u1ebft l\u1eadp T\u1ed1c \u0111\u1ed9 Multicast<\/td>\n<\/tr>\n<tr>\n<td rowspan=\"3\">C\u00e1c c\u1ed5ng<\/td>\n<td>4 x RJ45 cho 10\/100\/1000\/Gigabit BaseT cho m\u1ea1ng LAN, 1 x RJ45 cho 10\/100\/1000\/Gigabit BaseT cho m\u1ea1ng WAN<\/td>\n<\/tr>\n<tr>\n<td>USB 2.0 x 1<\/td>\n<\/tr>\n<tr>\n<td>USB 3.0 x 1<\/td>\n<\/tr>\n<tr>\n<td>N\u00fat b\u1ea5m<\/td>\n<td>N\u00fat WPS, N\u00fat Kh\u1edfi \u0111\u1ed9ng l\u1ea1i (Reset), N\u00fat t\u1eaft\/ m\u1edf ngu\u1ed3n, N\u00fat b\u1eadt\/t\u1eaft t\u00ednh n\u0103ng ph\u00e1t s\u00f3ng kh\u00f4ng d\u00e2y<\/td>\n<\/tr>\n<tr>\n<td rowspan=\"27\">T\u00ednh n\u0103ng<\/td>\n<td>Th\u1eddi gian Truy c\u1eadp C\u00f4ng b\u1eb1ng<\/td>\n<\/tr>\n<tr>\n<td>Ch\u1ea5t l\u01b0\u1ee3ng D\u1ecbch v\u1ee5 Th\u00edch nghi<\/td>\n<\/tr>\n<tr>\n<td>AiProtection<\/td>\n<\/tr>\n<tr>\n<td>Ki\u1ec3m so\u00e1t Tr\u1ebb nh\u1ecf<\/td>\n<\/tr>\n<tr>\n<td>M\u1ea1ng Kh\u00e1ch :\u00a02.4 GHz x 3, 5 GHz x 3<\/td>\n<\/tr>\n<tr>\n<td>M\u00e1y ch\u1ee7 VPN :\u00a0\u0110i qua IPSec, \u0110i qua PPTP, \u0110i qua L2TP, M\u00e1y ch\u1ee7 PPTP, M\u00e1y ch\u1ee7 OpenVPN<\/td>\n<\/tr>\n<tr>\n<td>M\u00e1y kh\u00e1ch VPN :\u00a0M\u00e1y kh\u00e1ch PPTP, M\u00e1y kh\u00e1ch L2TP, M\u00e1y kh\u00e1ch OpenVPN<\/td>\n<\/tr>\n<tr>\n<td>H\u1ed7 tr\u1ee3 H\u0110H Mac<\/td>\n<\/tr>\n<tr>\n<td>M\u00e1y ch\u1ee7 \u0111a ph\u01b0\u01a1ng ti\u1ec7n t\u0103ng c\u01b0\u1eddng (t\u01b0\u01a1ng th\u00edch \u1ee9ng d\u1ee5ng AiPlayer)<\/td>\n<\/tr>\n<tr>\n<td>&#8211; \u1ea2nh : Jpeg<\/td>\n<\/tr>\n<tr>\n<td>&#8211; \u00c2m thanh : mp3, wma, wav, pcm, mp4, lpcm, ogg<\/td>\n<\/tr>\n<tr>\n<td>&#8211; Video : asf, avi, divx, mpeg, mpg, ts, vob, wmv, mkv, mov<\/td>\n<\/tr>\n<tr>\n<td>D\u1ecbch v\u1ee5 \u0111\u00e1m m\u00e2y c\u00e1 nh\u00e2n\u00a0AiCloud<\/td>\n<\/tr>\n<tr>\n<td>3G\/4G\u00a0chia s\u1ebb d\u1eef li\u1ec7u<\/td>\n<\/tr>\n<tr>\n<td>M\u1ea1ng M\u00e1y In<\/td>\n<\/tr>\n<tr>\n<td>&#8211; H\u1ed7 tr\u1ee3 m\u00e1y in \u0111a ch\u1ee9c n\u0103ng (ch\u1ec9 d\u00e0nh cho Windows)<\/td>\n<\/tr>\n<tr>\n<td>&#8211; H\u1ed7 tr\u1ee3 giao th\u1ee9c LPR<\/td>\n<\/tr>\n<tr>\n<td>Download Master<\/td>\n<\/tr>\n<tr>\n<td>&#8211; H\u1ed7 tr\u1ee3 bt, nzb, http, ed2k<\/td>\n<\/tr>\n<tr>\n<td>&#8211; H\u1ed7 tr\u1ee3 m\u00e3 h\u00f3a, DHT, PEX v\u00e0 li\u00ean k\u1ebft nam ch\u00e2m<\/td>\n<\/tr>\n<tr>\n<td>&#8211; Ki\u1ec3m so\u00e1t b\u0103ng th\u00f4ng t\u1ea3i l\u00ean v\u00e0 t\u1ea3i xu\u1ed1ng<\/td>\n<\/tr>\n<tr>\n<td>&#8211; X\u1ebfp l\u1ecbch t\u1ea3i xu\u1ed1ng<\/td>\n<\/tr>\n<tr>\n<td>AiDisk\u00a0M\u00e1y ch\u1ee7 t\u1eadp tin<\/td>\n<\/tr>\n<tr>\n<td>&#8211; M\u00e1y ch\u1ee7 Samba v\u00e0 FTP v\u1edbi t\u00ednh n\u0103ng qu\u1ea3n l\u00fd t\u00e0i kho\u1ea3n<\/td>\n<\/tr>\n<tr>\n<td>WAN K\u00e9p<\/td>\n<\/tr>\n<tr>\n<td>H\u1ed7 tr\u1ee3 IPTV<\/td>\n<\/tr>\n<tr>\n<td>H\u1ed7 tr\u1ee3 Chuy\u1ec3n v\u00f9ng<\/td>\n<\/tr>\n<tr>\n<td rowspan=\"5\">B\u1ed9 ch\u1ec9 b\u00e1o \u0111\u00e8n LED<\/td>\n<td>PWR x 1<\/td>\n<\/tr>\n<tr>\n<td>Wi-Fi x 2<\/td>\n<\/tr>\n<tr>\n<td>LAN x 4<\/td>\n<\/tr>\n<tr>\n<td>WAN x 1<\/td>\n<\/tr>\n<tr>\n<td>USB x 2<\/td>\n<\/tr>\n<tr>\n<td rowspan=\"2\">Ngu\u1ed3n \u0111i\u1ec7n<\/td>\n<td>\u0110\u1ea7u v\u00e0o: 110V~240V(50~60Hz)<\/td>\n<\/tr>\n<tr>\n<td>\u0110\u1ea7u ra: 19 V v\u1edbi d\u00f2ng \u0111i\u1ec7n t\u1ed1i \u0111a 1.75 A<\/td>\n<\/tr>\n<tr>\n<td rowspan=\"19\">H\u1ed7 tr\u1ee3 OS<\/td>\n<td>Windows\u00ae 10<\/td>\n<\/tr>\n<tr>\n<td>Windows\u00ae 8.1<\/td>\n<\/tr>\n<tr>\n<td>Windows\u00ae 8<\/td>\n<\/tr>\n<tr>\n<td>Windows\u00ae 7<\/td>\n<\/tr>\n<tr>\n<td>Windows\u00ae Vista<\/td>\n<\/tr>\n<tr>\n<td>Windows\u00ae 2000<\/td>\n<\/tr>\n<tr>\n<td>Windows\u00ae ME<\/td>\n<\/tr>\n<tr>\n<td>Windows\u00ae XP<\/td>\n<\/tr>\n<tr>\n<td>Windows\u00ae Server 2003<\/td>\n<\/tr>\n<tr>\n<td>Windows\u00ae Server 2008<\/td>\n<\/tr>\n<tr>\n<td>Mac OS X 10.1<\/td>\n<\/tr>\n<tr>\n<td>Mac OS X 10.4<\/td>\n<\/tr>\n<tr>\n<td>Mac OS X 10.5<\/td>\n<\/tr>\n<tr>\n<td>Linux Kernel (Ch\u1ec9 h\u1ed7 tr\u1ee3 Ubuntu )<\/td>\n<\/tr>\n<tr>\n<td>Mac OS X 10.6<\/td>\n<\/tr>\n<tr>\n<td>Mac OS X 10.7<\/td>\n<\/tr>\n<tr>\n<td>Mac OS X 10.8<\/td>\n<\/tr>\n<tr>\n<td>Mac OS X<\/td>\n<\/tr>\n<tr>\n<td>Linux<\/td>\n<\/tr>\n<tr>\n<td>K\u00edch th\u01b0\u1edbc<\/td>\n<td>220 x 83.3 x 160 ~ mm (WxDxH)<\/td>\n<\/tr>\n<tr>\n<td rowspan=\"5\">G\u00f3i \u0111i k\u00e8m<\/td>\n<td>1 x Router Gigabit RT-AC68U Wireless-AC D\u1ea3i K\u00e9p<\/td>\n<\/tr>\n<tr>\n<td>1 x C\u00e1p RJ-45<\/td>\n<\/tr>\n<tr>\n<td>1 x B\u1ed9 s\u1ea1c \u0111i\u1ec7n<\/td>\n<\/tr>\n<tr>\n<td>1 x QSG<\/td>\n<\/tr>\n<tr>\n<td>1 x \u0110\u0129a CD h\u1ed7 tr\u1ee3(s\u00e1ch h\u01b0\u1edbng d\u1eabn ng\u01b0\u1eddi s\u1eed d\u1ee5ng v\u00e0 c\u00f4ng c\u1ee5)<\/td>\n<\/tr>\n<tr>\n<td rowspan=\"4\">Ch\u1ebf \u0111\u1ed9 V\u1eadn h\u00e0nh<\/td>\n<td>Ch\u1ebf \u0111\u1ed9 Router Kh\u00f4ng d\u00e2y<\/td>\n<\/tr>\n<tr>\n<td>Ch\u1ebf \u0111\u1ed9 M\u1edf r\u1ed9ng Ph\u1ea1m vi<\/td>\n<\/tr>\n<tr>\n<td>Ch\u1ebf \u0111\u1ed9 \u0110i\u1ec3m Truy c\u1eadp<\/td>\n<\/tr>\n<tr>\n<td>Ch\u1ebf \u0111\u1ed9 C\u1ea7u n\u1ed1i Truy\u1ec1n th\u00f4ng<\/td>\n<\/tr>\n<\/tbody>\n<\/table><\/div>\n<p>                            <!--                            <\/p>\n<div class=\"xemthem_id_r\">--><br \/>\n                            <!--                                <a><!--\/show\/?token=--><br \/>\n                            <!--\"--><br \/>\n                            <!--                                   class=\"preview fancybox fancybox.ajax\" rel=\"nofollow\"&gt;Xem th&#234;m th&#244;ng s&#7889; k&#7929; thu&#7853;t<\/a>--><br \/>\n                            <!--                            <\/div>\n<p>-->\n                        <\/p><\/div>\n<\/p><\/div>","protected":false},"excerpt":{"rendered":"<ul>\n<ul>\n<li>Th\u01b0\u01a1ng hi\u1ec7u: Asus<\/li>\n<li>Lo\u1ea1i s\u1ea3n ph\u1ea9m: Router wifi<\/li>\n<li>Lo\u1ea1i anten\u00a0 \u00a0 : \u0102ngten ngo\u00e0i<\/li>\n<li>T\u1ed1c \u0111\u1ed9 m\u1ea1ng: 2.4Ghz:600Mbps &#8211; 5GHz:1300Mbps<\/li>\n<li>K\u1ebft n\u1ed1i: 4 port x 10\/100\/1000 Lan, 1 port x 10\/100\/1000 Wan, 1 x USb 3.0; 1 x USB 2.0<\/li>\n<\/ul>\n<\/ul>","protected":false},"featured_media":10622,"comment_status":"closed","ping_status":"closed","template":"","meta":[],"pwb-brand":[],"product_cat":[2900],"product_tag":[2852],"class_list":{"0":"post-10621","1":"product","2":"type-product","3":"status-publish","4":"has-post-thumbnail","6":"product_cat-asus-networking","7":"product_tag-wireless","9":"first","10":"instock","11":"shipping-taxable","12":"product-type-simple"},"brands":[],"_links":{"self":[{"href":"https:\/\/serverhot.vn\/ur\/wp-json\/wp\/v2\/product\/10621","targetHints":{"allow":["GET"]}}],"collection":[{"href":"https:\/\/serverhot.vn\/ur\/wp-json\/wp\/v2\/product"}],"about":[{"href":"https:\/\/serverhot.vn\/ur\/wp-json\/wp\/v2\/types\/product"}],"replies":[{"embeddable":true,"href":"https:\/\/serverhot.vn\/ur\/wp-json\/wp\/v2\/comments?post=10621"}],"wp:featuredmedia":[{"embeddable":true,"href":"https:\/\/serverhot.vn\/ur\/wp-json\/wp\/v2\/media\/10622"}],"wp:attachment":[{"href":"https:\/\/serverhot.vn\/ur\/wp-json\/wp\/v2\/media?parent=10621"}],"wp:term":[{"taxonomy":"pwb-brand","embeddable":true,"href":"https:\/\/serverhot.vn\/ur\/wp-json\/wp\/v2\/pwb-brand?post=10621"},{"taxonomy":"product_cat","embeddable":true,"href":"https:\/\/serverhot.vn\/ur\/wp-json\/wp\/v2\/product_cat?post=10621"},{"taxonomy":"product_tag","embeddable":true,"href":"https:\/\/serverhot.vn\/ur\/wp-json\/wp\/v2\/product_tag?post=10621"}],"curies":[{"name":"wp","href":"https:\/\/api.w.org\/{rel}","templated":true}]}}