{"id":11223,"date":"2024-06-29T13:57:18","date_gmt":"2024-06-29T06:57:18","guid":{"rendered":"https:\/\/serverhot.vn\/product\/uncategorized\/binh-ac-quy-kin-khi-agm-vrla-long-12v-75ah-kph75-12n-ma-san-pham-kph75-12n\/"},"modified":"2024-06-29T13:57:19","modified_gmt":"2024-06-29T06:57:19","slug":"binh-ac-quy-kin-khi-agm-vrla-long-12v-75ah-kph75-12n-ma-san-pham-kph75-12n","status":"publish","type":"product","link":"https:\/\/serverhot.vn\/ur\/-product-\/binh-ac-quy-kin-khi-agm-vrla-long-12v-75ah-kph75-12n-ma-san-pham-kph75-12n\/","title":{"rendered":"B\u00ecnh \u0102c Quy K\u00edn Kh\u00ed (AGM VRLA) Long 12V-75Ah KPH75-12N M\u00e3 s\u1ea3n ph\u1ea9m: KPH75-12N"},"content":{"rendered":"<div class=\"showText tabs\" id=\"tab2\">\n<div class=\"box_right_pro_view\">\n<div class=\"thongso_pro a_technical\" style=\"max-height: fit-content\">\n<table border=\"1\">\n<tbody>\n<tr>\n<td>KPH75-12N<\/td>\n<td colspan=\"4\" rowspan=\"1\">12V-75Ah (10HR)<\/td>\n<\/tr>\n<tr>\n<td colspan=\"1\" rowspan=\"4\">C\u00f4ng su\u1ea5t danh \u0111\u1ecbnh<br \/>(Normal capacity)<\/td>\n<td colspan=\"2\">10 Hour Rate (HR)<\/td>\n<td>7.5A to 10.80V<\/td>\n<td>75Ah<\/td>\n<\/tr>\n<tr>\n<td colspan=\"2\">5 Hour Rate (HR)<\/td>\n<td>12.75A to 10.20V<\/td>\n<td>63.75Ah<\/td>\n<\/tr>\n<tr>\n<td colspan=\"2\">1 Hour Rate (HR)<\/td>\n<td>45A to 9.60V<\/td>\n<td>45Ah<\/td>\n<\/tr>\n<tr>\n<td colspan=\"2\">1 C<\/td>\n<td>75A to 9.60V<\/td>\n<td>47.5Ah<\/td>\n<\/tr>\n<tr>\n<td>N\u1ed9i tr\u1edf (I.R) @1Khz<\/td>\n<td colspan=\"2\" rowspan=\"1\">&lt; 5 m\u03a9<\/td>\n<td colspan=\"2\" rowspan=\"1\">Tr\u1ecdng l\u01b0\u1ee3ng: 24.0 Kg (52.8 Lbs.)<\/td>\n<\/tr>\n<tr>\n<td>Tu\u1ed5i th\u1ecd thi\u1ebft k\u1ebf<\/td>\n<td colspan=\"2\" rowspan=\"1\">12 n\u0103m<\/td>\n<td colspan=\"2\" rowspan=\"1\">\u0110i\u1ec7n c\u1ef1c: F8 &#8211; L\u1ed7 6 (F8 Terminal, M6 Bolt)<\/td>\n<\/tr>\n<tr>\n<td>V\u1eadt li\u1ec7u v\u1ecf, n\u1eafp<\/td>\n<td colspan=\"4\" rowspan=\"1\">ABS Ti\u00eau chu\u1ea9n ch\u1ed1ng ch\u00e1y: UL94-V0<\/td>\n<\/tr>\n<tr>\n<td>K\u00edch th\u01b0\u1edbc (mm)<\/td>\n<td colspan=\"4\">D\u00e0i 260 x R\u1ed9ng 170 x Cao 202 x T\u1ed5ng Cao 222 (Sai s\u1ed1: +2, -1)<\/td>\n<\/tr>\n<tr>\n<td>D\u00f2ng l\u1edbn nh\u1ea5t<\/td>\n<td colspan=\"2\">S\u1ea1c l\u1edbn nh\u1ea5t &lt; 22.5A<\/td>\n<td colspan=\"2\">Ph\u00f3ng t\u1ed1i \u0111a 5 gi\u00e2y: 900A<\/td>\n<\/tr>\n<tr>\n<td>\n<div>Ph\u01b0\u01a1ng ph\u00e1p s\u1ea1c @ 25\u00b0C<\/div>\n<div>H\u1ec7 s\u1ed1 b\u00f9 nhi\u1ec7t (Coefficient)<\/div>\n<\/td>\n<td colspan=\"2\">\n<div>Chu k\u1ef3 (Cycle): 14.4V-15.0V<\/div>\n<div>-5.0mV\/\u00b0C\/cell<\/div>\n<\/td>\n<td colspan=\"2\">\n<div>Th\u01b0\u1eddng xuy\u00ean (Standby): 13.5V-13.8V<\/div>\n<div>-3.0mV\/\u00b0C\/cell<\/div>\n<\/td>\n<\/tr>\n<tr>\n<td>Nhi\u1ec7t \u0111\u1ed9 (l\u00fd t\u01b0\u1edfng = 20\u00b0C)<\/td>\n<td colspan=\"2\">-15\u00b0C&lt; s\u1ea1c &lt;40\u00b0C<\/td>\n<td>-15\u00b0C&lt; ph\u00f3ng\u00a0&lt;50\u00b0C<\/td>\n<td>-15\u00b0C&lt; l\u01b0u kho\u00a0&lt;40\u00b0C<\/td>\n<\/tr>\n<tr>\n<td>T\u1ef1 ph\u00f3ng \u0111i\u1ec7n<\/td>\n<td colspan=\"2\" rowspan=\"1\">1 th\u00e1ng c\u00f2n 98%<\/td>\n<td rowspan=\"1\">3 th\u00e1ng c\u00f2n 94%<\/td>\n<td rowspan=\"1\">6 th\u00e1ng c\u00f2n 85%<\/td>\n<\/tr>\n<tr>\n<td>Ti\u00eau chu\u1ea9n ch\u1ea5t l\u01b0\u1ee3ng<\/td>\n<td colspan=\"4\">TCVN7916:2008 | TL 9000-H:2016 (R6)\/5.0 &amp; ISO 9001:2015<\/td>\n<\/tr>\n<tr>\n<td>Xu\u1ea5t x\u1ee9<\/td>\n<td colspan=\"2\">Made in Vietnam<\/td>\n<td colspan=\"2\" rowspan=\"1\">B\u1ea3o h\u00e0nh: 12 th\u00e1ng (T\u00f9y ch\u1ecdn: 24~36 th\u00e1ng)<\/td>\n<\/tr>\n<tr>\n<td>\u1ee8NG D\u1ee4NG<\/td>\n<td colspan=\"4\">Ngu\u1ed3n d\u1ef1 ph\u00f2ng (Backup Power), Ngu\u1ed3n t\u00e1i s\u1eed d\u1ee5ng (Cyclic Power),<br \/>Ngu\u1ed3n tu\u1ed5i th\u1ecd cao (Long life Power), Ngu\u1ed3n n\u0103ng l\u01b0\u1ee3ng t\u00e1i t\u1ea1o (Green Power)<\/td>\n<\/tr>\n<\/tbody>\n<\/table><\/div>\n<p>                            <!--                            <\/p>\n<div class=\"xemthem_id_r\">--><br \/>\n                            <!--                                <a><!--\/show\/?token=--><br \/>\n                            <!--\"--><br \/>\n                            <!--                                   class=\"preview fancybox fancybox.ajax\" rel=\"nofollow\"&gt;Xem th&#234;m th&#244;ng s&#7889; k&#7929; thu&#7853;t<\/a>--><br \/>\n                            <!--                            <\/div>\n<p>-->\n                        <\/p><\/div>\n<\/p><\/div>","protected":false},"excerpt":{"rendered":"<ul>\n<ul>\n<li>Thi\u1ebft k\u1ebf ch\u1ed1ng ch\u00e1y n\u1ed5 v\u00e0 th\u00f4ng gi\u00f3 an to\u00e0n, hi\u1ec7u qu\u1ea3.<\/li>\n<li>\u0110a d\u1ea1ng m\u1eabu m\u00e3 \u0111\u1ec3 l\u1eafp \u0111\u1eb7t b\u00ean, d\u1ecdc ho\u1eb7c th\u1eb3ng \u0111\u1ee9ng, ngang ph\u00f9 h\u1ee3p c\u00e1c \u0111\u1ecba \u0111i\u1ec3m, \u0111\u1ecba h\u00ecnh.<\/li>\n<li>B\u00ecnh kh\u00f4, k\u00edn kh\u00ed v\u00e0 kh\u00f4ng c\u1ea7n b\u1ea3o tr\u00ec.<\/li>\n<li>\u0110\u1ea1t ti\u00eau chu\u1ea9n quy \u0111\u1ecbnh an to\u00e0n UL.<\/li>\n<li>Nh\u1eadn \u0111\u01b0\u1ee3c ch\u1ee9ng nh\u1eadn Vds c\u1ee7a \u0110\u1ee9c<\/li>\n<li>Tu\u00e2n th\u1ee7 c\u00e1c y\u00eau c\u1ea7u IATA \/ A67 v\u00e0 IMDG \/ 238 v\u1ec1 v\u1eadn chuy\u1ec3n.<\/li>\n<li>Tu\u1ed5i th\u1ecd cao v\u00e0 t\u1ef7 l\u1ec7 t\u1ef1 ph\u00f3ng \u0111i\u1ec7n th\u1ea5p.<\/li>\n<\/ul>\n<\/ul>","protected":false},"featured_media":11224,"comment_status":"closed","ping_status":"closed","template":"","meta":[],"pwb-brand":[],"product_cat":[2913],"product_tag":[50],"class_list":{"0":"post-11223","1":"product","2":"type-product","3":"status-publish","4":"has-post-thumbnail","6":"product_cat-bo-luu-dien-ups","7":"product_tag-green","9":"first","10":"instock","11":"shipping-taxable","12":"product-type-simple"},"brands":[],"_links":{"self":[{"href":"https:\/\/serverhot.vn\/ur\/wp-json\/wp\/v2\/product\/11223","targetHints":{"allow":["GET"]}}],"collection":[{"href":"https:\/\/serverhot.vn\/ur\/wp-json\/wp\/v2\/product"}],"about":[{"href":"https:\/\/serverhot.vn\/ur\/wp-json\/wp\/v2\/types\/product"}],"replies":[{"embeddable":true,"href":"https:\/\/serverhot.vn\/ur\/wp-json\/wp\/v2\/comments?post=11223"}],"wp:featuredmedia":[{"embeddable":true,"href":"https:\/\/serverhot.vn\/ur\/wp-json\/wp\/v2\/media\/11224"}],"wp:attachment":[{"href":"https:\/\/serverhot.vn\/ur\/wp-json\/wp\/v2\/media?parent=11223"}],"wp:term":[{"taxonomy":"pwb-brand","embeddable":true,"href":"https:\/\/serverhot.vn\/ur\/wp-json\/wp\/v2\/pwb-brand?post=11223"},{"taxonomy":"product_cat","embeddable":true,"href":"https:\/\/serverhot.vn\/ur\/wp-json\/wp\/v2\/product_cat?post=11223"},{"taxonomy":"product_tag","embeddable":true,"href":"https:\/\/serverhot.vn\/ur\/wp-json\/wp\/v2\/product_tag?post=11223"}],"curies":[{"name":"wp","href":"https:\/\/api.w.org\/{rel}","templated":true}]}}