{"id":11403,"date":"2024-06-29T14:20:00","date_gmt":"2024-06-29T07:20:00","guid":{"rendered":"https:\/\/serverhot.vn\/product\/uncategorized\/man-hinh-lcd-hp-p24v-23-8-inch-fhd-ips-9tt78aa-ma-san-pham-9tt78aa\/"},"modified":"2024-06-29T14:20:05","modified_gmt":"2024-06-29T07:20:05","slug":"man-hinh-lcd-hp-p24v-23-8-inch-fhd-ips-9tt78aa-ma-san-pham-9tt78aa","status":"publish","type":"product","link":"https:\/\/serverhot.vn\/ur\/-product-\/man-hinh-lcd-hp-p24v-23-8-inch-fhd-ips-9tt78aa-ma-san-pham-9tt78aa\/","title":{"rendered":"M\u00e0n H\u00ecnh LCD HP P24v 23.8-inch FHD IPS 9TT78AA M\u00e3 s\u1ea3n ph\u1ea9m: 9TT78AA"},"content":{"rendered":"<div class=\"showText tabs\" id=\"tab2\">\n<div class=\"box_right_pro_view\">\n<div class=\"thongso_pro a_technical\" style=\"max-height: fit-content\">\n<table border=\"1\">\n<tbody>\n<tr>\n<td width=\"145\">\n<p>H\u00e3ng s\u1ea3n xu\u1ea5t<\/p>\n<\/td>\n<td width=\"353\">\n<p>HP\u00a0<\/p>\n<\/td>\n<\/tr>\n<tr>\n<td width=\"145\">\n<p>Model<\/p>\n<\/td>\n<td width=\"353\">\n<p>HP P24v (9TT78AA)\u00a0<\/p>\n<\/td>\n<\/tr>\n<tr>\n<td width=\"145\">\n<p>K\u00edch th\u01b0\u1edbc m\u00e0n h\u00ecnh<\/p>\n<\/td>\n<td width=\"353\">\n<p>23.8\u00a0inch<\/p>\n<\/td>\n<\/tr>\n<tr>\n<td width=\"145\">\n<p>\u0110\u1ed9 ph\u00e2n gi\u1ea3i<\/p>\n<\/td>\n<td width=\"353\">\n<p>Full HD (1920&#215;1080)<\/p>\n<\/td>\n<\/tr>\n<tr>\n<td width=\"145\">\n<p>T\u1ec9 l\u1ec7<\/p>\n<\/td>\n<td width=\"353\">\n<p>16:9<\/p>\n<\/td>\n<\/tr>\n<tr>\n<td width=\"145\">\n<p>T\u1ea5m n\u1ec1n m\u00e0n h\u00ecnh<\/p>\n<\/td>\n<td width=\"353\">\n<p>IPS<\/p>\n<\/td>\n<\/tr>\n<tr>\n<td width=\"145\">\n<p>\u0110\u1ed9 s\u00e1ng<\/p>\n<\/td>\n<td width=\"353\">\n<p>250 nits<\/p>\n<\/td>\n<\/tr>\n<tr>\n<td width=\"145\">\n<p>M\u00e0u s\u1eafc hi\u1ec3n th\u1ecb<\/p>\n<\/td>\n<td width=\"353\">\n<p>\u00a0<\/p>\n<\/td>\n<\/tr>\n<tr>\n<td width=\"145\">\n<p>\u0110\u1ed9 t\u01b0\u01a1ng ph\u1ea3n<\/p>\n<\/td>\n<td width=\"353\">\n<p>1000:1 static<\/p>\n<\/td>\n<\/tr>\n<tr>\n<td width=\"145\">\n<p>T\u1ea7n s\u1ed1 qu\u00e9t<\/p>\n<\/td>\n<td width=\"353\">\n<p>60Hz<\/p>\n<\/td>\n<\/tr>\n<tr>\n<td width=\"145\">\n<p>C\u1ed5ng k\u1ebft n\u1ed1i<\/p>\n<\/td>\n<td width=\"353\">\n<p>1 VGA; 1 HDMI 1.4<\/p>\n<\/td>\n<\/tr>\n<tr>\n<td width=\"145\">\n<p>Th\u1eddi gian \u0111\u00e1p \u1ee9ng<\/p>\n<\/td>\n<td width=\"353\">\n<p>5ms GtG<\/p>\n<\/td>\n<\/tr>\n<tr>\n<td width=\"145\">\n<p>G\u00f3c nh\u00ecn<\/p>\n<\/td>\n<td width=\"353\">\n<p>178\u00b0\/178\u00b0<\/p>\n<\/td>\n<\/tr>\n<tr>\n<td width=\"145\">\n<p>T\u00ednh n\u0103ng<\/p>\n<\/td>\n<td width=\"353\">\n<p>\u00a0<\/p>\n<\/td>\n<\/tr>\n<tr>\n<td width=\"145\">\n<p>\u0110i\u1ec7n n\u0103ng ti\u00eau th\u1ee5<\/p>\n<\/td>\n<td width=\"353\">\n<p>26 W (maximum), 23.5 W (typical), 0.5 W (standby)<\/p>\n<\/td>\n<\/tr>\n<tr>\n<td width=\"145\">\n<p>K\u00edch th\u01b0\u1edbc<\/p>\n<\/td>\n<td width=\"353\">\n<p>53.96 x 4.76 x 32.5 cm\u00a0(Kh\u00f4ng ch\u00e2n \u0111\u1ebf)<\/p>\n<p>53.96 x 18.61 x 40.5 cm (G\u1ed3m ch\u00e2n \u0111\u1ebf)<\/p>\n<\/td>\n<\/tr>\n<tr>\n<td width=\"145\">\n<p>C\u00e2n n\u1eb7ng<\/p>\n<\/td>\n<td width=\"353\">\n<p>3.46 kg<\/p>\n<\/td>\n<\/tr>\n<tr>\n<td width=\"145\">\n<p>Ph\u1ee5 ki\u1ec7n<\/p>\n<\/td>\n<td width=\"353\">\n<p>C\u00e1p ngu\u1ed3n, C\u00e1p VGA, H\u01b0\u1edbng d\u1eabn s\u1eed d\u1ee5ng,&#8230;<\/p>\n<\/td>\n<\/tr>\n<\/tbody>\n<\/table><\/div>\n<p>                            <!--                            <\/p>\n<div class=\"xemthem_id_r\">--><br \/>\n                            <!--                                <a><!--\/show\/?token=--><br \/>\n                            <!--\"--><br \/>\n                            <!--                                   class=\"preview fancybox fancybox.ajax\" rel=\"nofollow\"&gt;Xem th&#234;m th&#244;ng s&#7889; k&#7929; thu&#7853;t<\/a>--><br \/>\n                            <!--                            <\/div>\n<p>-->\n                        <\/p><\/div>\n<\/p><\/div>","protected":false},"excerpt":{"rendered":"<ul>\n<ul>\n<li>K\u00edch th\u01b0\u1edbc m\u00e0n h\u00ecnh: 23.8Inch IPS<\/li>\n<li>\u0110\u1ed9 ph\u00e2n gi\u1ea3i: Full HD (1920&#215;1080)<\/li>\n<li>C\u1ed5ng giao ti\u1ebfp: 1 VGA; 1 HDMI 1.4<\/li>\n<\/ul>\n<\/ul>","protected":false},"featured_media":11404,"comment_status":"closed","ping_status":"closed","template":"","meta":[],"pwb-brand":[],"product_cat":[2909],"product_tag":[],"class_list":{"0":"post-11403","1":"product","2":"type-product","3":"status-publish","4":"has-post-thumbnail","6":"product_cat-man-hinh-may-tinh","8":"first","9":"instock","10":"shipping-taxable","11":"product-type-simple"},"brands":[],"_links":{"self":[{"href":"https:\/\/serverhot.vn\/ur\/wp-json\/wp\/v2\/product\/11403","targetHints":{"allow":["GET"]}}],"collection":[{"href":"https:\/\/serverhot.vn\/ur\/wp-json\/wp\/v2\/product"}],"about":[{"href":"https:\/\/serverhot.vn\/ur\/wp-json\/wp\/v2\/types\/product"}],"replies":[{"embeddable":true,"href":"https:\/\/serverhot.vn\/ur\/wp-json\/wp\/v2\/comments?post=11403"}],"wp:featuredmedia":[{"embeddable":true,"href":"https:\/\/serverhot.vn\/ur\/wp-json\/wp\/v2\/media\/11404"}],"wp:attachment":[{"href":"https:\/\/serverhot.vn\/ur\/wp-json\/wp\/v2\/media?parent=11403"}],"wp:term":[{"taxonomy":"pwb-brand","embeddable":true,"href":"https:\/\/serverhot.vn\/ur\/wp-json\/wp\/v2\/pwb-brand?post=11403"},{"taxonomy":"product_cat","embeddable":true,"href":"https:\/\/serverhot.vn\/ur\/wp-json\/wp\/v2\/product_cat?post=11403"},{"taxonomy":"product_tag","embeddable":true,"href":"https:\/\/serverhot.vn\/ur\/wp-json\/wp\/v2\/product_tag?post=11403"}],"curies":[{"name":"wp","href":"https:\/\/api.w.org\/{rel}","templated":true}]}}