{"id":11505,"date":"2024-06-29T14:32:57","date_gmt":"2024-06-29T07:32:57","guid":{"rendered":"https:\/\/serverhot.vn\/product\/uncategorized\/may-tinh-de-ban-dong-bo-dell-vostro-3020-sff-i5-13400-ram-8g-3200-ssd-512gb-kb_m-windows-11-home-1yr-ma-san-pham-42vt3020sff0004\/"},"modified":"2024-06-29T14:32:58","modified_gmt":"2024-06-29T07:32:58","slug":"may-tinh-de-ban-dong-bo-dell-vostro-3020-sff-i5-13400-ram-8g-3200-ssd-512gb-kb_m-windows-11-home-1yr-ma-san-pham-42vt3020sff0004","status":"publish","type":"product","link":"https:\/\/serverhot.vn\/ur\/-product-\/may-tinh-de-ban-dong-bo-dell-vostro-3020-sff-i5-13400-ram-8g-3200-ssd-512gb-kb_m-windows-11-home-1yr-ma-san-pham-42vt3020sff0004\/","title":{"rendered":"M\u00e1y t\u00ednh \u0111\u1ec3 b\u00e0n \u0111\u1ed3ng b\u1ed9 Dell Vostro 3020 SFF (i5-13400 | RAM 8G\/3200| SSD 512GB | KB_M | Windows 11 Home | 1Yr) M\u00e3 s\u1ea3n ph\u1ea9m: 42VT3020SFF0004"},"content":{"rendered":"<div class=\"showText tabs\" id=\"tab2\">\n                                    <\/div>","protected":false},"excerpt":{"rendered":"<ul>\n<p>Ch\u00edp x\u1eed l\u00fd: Intel Core i5-13400 2.5GHz up to 4.6GHz, 9.5MB<\/p>\n<p>B\u1ed9 nh\u1edb Ram: 8GB DDR4 3200MHz (1x8GB) (x2 slot) &#8211; max 64GB<\/p>\n<p>\u1ed4 \u0111\u0129a c\u1ee9ng: 512GB SSD M.2 PCIe NVMe<\/p>\n<p>\u1ed4 \u0111\u0129a quang: Kh\u00f4ng<\/p>\n<p>C\u1ed5ng xu\u1ea5t h\u00ecnh:1x HDMI,1x Displayport 1.4<\/p>\n<p>K\u1ebft n\u1ed1i m\u1ea1ng: Lan Gigabit, Wifi + Bluetooth<\/p>\n<p>Card \u0111\u1ed3 h\u1ecda: Intel UHD Graphics 730<\/p>\n<p>H\u1ec7 \u0111i\u1ec1u h\u00e0nh: Windows 11 Home 64bit<\/p>\n<\/ul>","protected":false},"featured_media":11506,"comment_status":"closed","ping_status":"closed","template":"","meta":[],"pwb-brand":[],"product_cat":[2886],"product_tag":[],"class_list":{"0":"post-11505","1":"product","2":"type-product","3":"status-publish","4":"has-post-thumbnail","6":"product_cat-dell-workstation","8":"first","9":"instock","10":"shipping-taxable","11":"product-type-simple"},"brands":[],"_links":{"self":[{"href":"https:\/\/serverhot.vn\/ur\/wp-json\/wp\/v2\/product\/11505","targetHints":{"allow":["GET"]}}],"collection":[{"href":"https:\/\/serverhot.vn\/ur\/wp-json\/wp\/v2\/product"}],"about":[{"href":"https:\/\/serverhot.vn\/ur\/wp-json\/wp\/v2\/types\/product"}],"replies":[{"embeddable":true,"href":"https:\/\/serverhot.vn\/ur\/wp-json\/wp\/v2\/comments?post=11505"}],"wp:featuredmedia":[{"embeddable":true,"href":"https:\/\/serverhot.vn\/ur\/wp-json\/wp\/v2\/media\/11506"}],"wp:attachment":[{"href":"https:\/\/serverhot.vn\/ur\/wp-json\/wp\/v2\/media?parent=11505"}],"wp:term":[{"taxonomy":"pwb-brand","embeddable":true,"href":"https:\/\/serverhot.vn\/ur\/wp-json\/wp\/v2\/pwb-brand?post=11505"},{"taxonomy":"product_cat","embeddable":true,"href":"https:\/\/serverhot.vn\/ur\/wp-json\/wp\/v2\/product_cat?post=11505"},{"taxonomy":"product_tag","embeddable":true,"href":"https:\/\/serverhot.vn\/ur\/wp-json\/wp\/v2\/product_tag?post=11505"}],"curies":[{"name":"wp","href":"https:\/\/api.w.org\/{rel}","templated":true}]}}