{"id":11576,"date":"2024-06-29T14:41:14","date_gmt":"2024-06-29T07:41:14","guid":{"rendered":"https:\/\/serverhot.vn\/product\/uncategorized\/thiet-bi-mang-switch-tp-link-tl-sg1005d-5-ports-gigabit-ma-san-pham-tl-sg1005d\/"},"modified":"2024-06-29T14:41:16","modified_gmt":"2024-06-29T07:41:16","slug":"thiet-bi-mang-switch-tp-link-tl-sg1005d-5-ports-gigabit-ma-san-pham-tl-sg1005d","status":"publish","type":"product","link":"https:\/\/serverhot.vn\/ur\/-product-\/thiet-bi-mang-switch-tp-link-tl-sg1005d-5-ports-gigabit-ma-san-pham-tl-sg1005d\/","title":{"rendered":"Thi\u1ebft B\u1ecb M\u1ea1ng Switch TP-Link TL SG1005D 5 Ports Gigabit M\u00e3 s\u1ea3n ph\u1ea9m: TL-SG1005D"},"content":{"rendered":"<div class=\"showText tabs\" id=\"tab2\">\n                                    <\/div>","protected":false},"excerpt":{"rendered":"<ul>\n<p><span>&#8211; 5 c\u1ed5ng RJ45 Gigabit t\u00ednh n\u0103ng t\u1ef1 \u0111\u1ed9ng \u0111\u00e0m ph\u00e1n<\/span><br \/><span>&#8211; C\u00f4ng ngh\u1ec7 Green Ethernet ti\u1ebft ki\u1ec7m \u0111i\u1ec7n \u0111\u1ebfn 70%<\/span><br \/><span>&#8211; \u0110i\u1ec1u khi\u1ec3n l\u01b0u l\u01b0\u1ee3ng chu\u1ea9n IEEE 802.3x<\/span><br \/><span>&#8211; V\u1ecf nh\u1ef1a, thi\u1ebft k\u1ebf \u0111\u1ec3 b\u00e0n hay khay \u0111\u1ef1ng treo t\u01b0\u1eddng<\/span><br \/><span>&#8211; C\u1eafm v\u00e0 x\u00e0i, kh\u00f4ng \u0111\u00f2i h\u1ecfi ph\u1ea3i c\u1ea5u h\u00ecnh<\/span><\/p>\n<\/ul>","protected":false},"featured_media":11577,"comment_status":"closed","ping_status":"closed","template":"","meta":[],"pwb-brand":[],"product_cat":[2896],"product_tag":[50,2849],"class_list":{"0":"post-11576","1":"product","2":"type-product","3":"status-publish","4":"has-post-thumbnail","6":"product_cat-tp-link","7":"product_tag-green","8":"product_tag-switch","10":"first","11":"instock","12":"shipping-taxable","13":"product-type-simple"},"brands":[],"_links":{"self":[{"href":"https:\/\/serverhot.vn\/ur\/wp-json\/wp\/v2\/product\/11576","targetHints":{"allow":["GET"]}}],"collection":[{"href":"https:\/\/serverhot.vn\/ur\/wp-json\/wp\/v2\/product"}],"about":[{"href":"https:\/\/serverhot.vn\/ur\/wp-json\/wp\/v2\/types\/product"}],"replies":[{"embeddable":true,"href":"https:\/\/serverhot.vn\/ur\/wp-json\/wp\/v2\/comments?post=11576"}],"wp:featuredmedia":[{"embeddable":true,"href":"https:\/\/serverhot.vn\/ur\/wp-json\/wp\/v2\/media\/11577"}],"wp:attachment":[{"href":"https:\/\/serverhot.vn\/ur\/wp-json\/wp\/v2\/media?parent=11576"}],"wp:term":[{"taxonomy":"pwb-brand","embeddable":true,"href":"https:\/\/serverhot.vn\/ur\/wp-json\/wp\/v2\/pwb-brand?post=11576"},{"taxonomy":"product_cat","embeddable":true,"href":"https:\/\/serverhot.vn\/ur\/wp-json\/wp\/v2\/product_cat?post=11576"},{"taxonomy":"product_tag","embeddable":true,"href":"https:\/\/serverhot.vn\/ur\/wp-json\/wp\/v2\/product_tag?post=11576"}],"curies":[{"name":"wp","href":"https:\/\/api.w.org\/{rel}","templated":true}]}}