{"id":11731,"date":"2024-06-29T15:00:07","date_gmt":"2024-06-29T08:00:07","guid":{"rendered":"https:\/\/serverhot.vn\/product\/uncategorized\/bo-luu-dien-ups-santak-offline-tg500-500va-300w-ma-san-pham-santak-tg500\/"},"modified":"2024-06-29T15:00:08","modified_gmt":"2024-06-29T08:00:08","slug":"bo-luu-dien-ups-santak-offline-tg500-500va-300w-ma-san-pham-santak-tg500","status":"publish","type":"product","link":"https:\/\/serverhot.vn\/ur\/-product-\/bo-luu-dien-ups-santak-offline-tg500-500va-300w-ma-san-pham-santak-tg500\/","title":{"rendered":"B\u1ed9 L\u01b0u \u0110i\u1ec7n UPS Santak Offline TG500 500VA 300W M\u00e3 s\u1ea3n ph\u1ea9m: SANTAK-TG500"},"content":{"rendered":"<div class=\"showText tabs\" id=\"tab2\">\n<div class=\"box_right_pro_view\">\n<div class=\"thongso_pro a_technical\" style=\"max-height: fit-content\">\n<table border=\"1\" align=\"center\">\n<tbody>\n<tr>\n<td colspan=\"3\">NGU\u1ed2N V\u00c0O<\/td>\n<\/tr>\n<tr>\n<td colspan=\"2\">\u0110i\u1ec7n \u00e1p danh \u0111\u1ecbnh<\/td>\n<td>220 VAC<\/td>\n<\/tr>\n<tr>\n<td colspan=\"2\">Ng\u01b0\u1ee1ng \u0111i\u1ec7n \u00e1p<\/td>\n<td>165\u00a0~\u00a0265 VAC<\/td>\n<\/tr>\n<tr>\n<td colspan=\"2\">T\u1ea7n s\u1ed1 danh \u0111\u1ecbnh<\/td>\n<td>50 Hz (46\u00a0~\u00a054 Hz)<\/td>\n<\/tr>\n<tr>\n<td colspan=\"3\">\u00a0NGU\u1ed2N RA<\/td>\n<\/tr>\n<tr>\n<td colspan=\"2\">C\u00f4ng su\u1ea5t<\/td>\n<td>500 VA\u00a0\/\u00a0300 W<\/td>\n<\/tr>\n<tr>\n<td colspan=\"2\">\u0110i\u1ec7n \u00e1p<\/td>\n<td>220\u00a0\u00b1\u00a010% (Ch\u1ebf \u0111\u1ed9 \u1eafc qui)<\/td>\n<\/tr>\n<tr>\n<td colspan=\"2\">D\u1ea1ng s\u00f3ng<\/td>\n<td>S\u00f3ng b\u01b0\u1edbc<\/td>\n<\/tr>\n<tr>\n<td colspan=\"2\">T\u1ea7n s\u1ed1<\/td>\n<td>50 Hz\u00a0\u00b1\u00a01 Hz (Ch\u1ebf \u0111\u1ed9 \u1eafc qui)<\/td>\n<\/tr>\n<tr>\n<td colspan=\"3\">\u00a0\u1eaeC-QUI &amp; B\u1ed8 N\u1ea0P<\/td>\n<\/tr>\n<tr>\n<td colspan=\"2\">Lo\u1ea1i \u1eafc qui<\/td>\n<td>12 VDC, k\u00edn kh\u00ed, kh\u00f4ng c\u1ea7n b\u1ea3o d\u01b0\u1ee1ng, tu\u1ed5i th\u1ecd tr\u00ean 3 n\u0103m<\/td>\n<\/tr>\n<tr>\n<td colspan=\"2\">Th\u1eddi gian l\u01b0u \u0111i\u1ec7n t\u1ed1i \u01b0u trong \u0111i\u1ec1u ki\u1ec7n chu\u1ea9n<\/td>\n<td>06 ph\u00fat (50% t\u1ea3i)<\/td>\n<\/tr>\n<tr>\n<td colspan=\"3\">\u00a0GIAO DI\u1ec6N<\/td>\n<\/tr>\n<tr>\n<td colspan=\"2\">B\u1ea3ng \u0111i\u1ec1u khi\u1ec3n<\/td>\n<td>N\u00fat kh\u1edfi \u0111\u1ed9ng \/ N\u00fat t\u1eaft ngu\u1ed3n<\/td>\n<\/tr>\n<tr>\n<td colspan=\"2\">LED h\u1ec3n th\u1ecb tr\u1ea1ng th\u00e1i<\/td>\n<td>Ch\u1ebf \u0111\u1ed9 \u0111i\u1ec7n l\u01b0\u1edbi, ch\u1ebf \u0111\u1ed9 \u1eafc qui, b\u00e1o tr\u1ea1ng th\u00e1i h\u01b0 h\u1ecfng<\/td>\n<\/tr>\n<tr>\n<td colspan=\"2\">Th\u1eddi gian chuy\u1ec3n m\u1ea1ch<\/td>\n<td>T\u1ed1i \u0111a 10 mili gi\u00e2y<\/td>\n<\/tr>\n<tr>\n<td colspan=\"3\">M\u00d4I TR\u01af\u1edcNG HO\u1ea0T \u0110\u1ed8NG<\/td>\n<\/tr>\n<tr>\n<td colspan=\"2\">Nhi\u1ec7t \u0111\u1ed9 m\u00f4i tr\u01b0\u1eddng ho\u1ea1t \u0111\u1ed9ng<\/td>\n<td>0\u00a0~\u00a040oC<\/td>\n<\/tr>\n<tr>\n<td colspan=\"2\">\u0110\u1ed9 \u1ea9m m\u00f4i tr\u01b0\u1eddng ho\u1ea1t \u0111\u1ed9ng<\/td>\n<td>20\u00a0~\u00a090% kh\u00f4ng k\u1ebft t\u1ee5 h\u01a1i n\u01b0\u1edbc<\/td>\n<\/tr>\n<tr>\n<td colspan=\"3\">TI\u00caU CHU\u1ea8N<\/td>\n<\/tr>\n<tr>\n<td colspan=\"2\">\u0110\u1ed9 \u1ed3n khi m\u00e1y ho\u1ea1t \u0111\u1ed9ng<\/td>\n<td>45dB kh\u00f4ng t\u00ednh c\u00f2i b\u00e1o<\/td>\n<\/tr>\n<tr>\n<td colspan=\"2\">Tr\u01b0\u1eddng \u0111i\u1ec7n t\u1eeb<\/td>\n<td>IEC 61000-4-2 Level 4 (ESD)\u00a0IEC 61000-4-4 Level 4\u00a0(EFT)\u00a0IEC 61000-4-5 Level 4(Lightning Surge)<\/td>\n<\/tr>\n<tr>\n<td colspan=\"2\">D\u1eabn \u0111i\u1ec7n v\u00e0 ph\u00e1t x\u1ea1<\/td>\n<td>EN 55022 (Conduction) Class B\u00a0EN 55022 (Radiation) Class A<\/td>\n<\/tr>\n<tr>\n<td colspan=\"3\">\u00a0K\u00cdCH TH\u01af\u1edaC \/ TR\u1eccNG L\u01af\u1ee2NG<\/td>\n<\/tr>\n<tr>\n<td colspan=\"2\">K\u00edch th\u01b0\u1edbc (R x D x C) (mm)<\/td>\n<td>80 x 230 x 176.5<\/td>\n<\/tr>\n<tr>\n<td colspan=\"2\">Tr\u1ecdng l\u01b0\u1ee3ng t\u1ecbnh (kg)<\/td>\n<td>3.3<\/td>\n<\/tr>\n<\/tbody>\n<\/table><\/div>\n<p>                            <!--                            <\/p>\n<div class=\"xemthem_id_r\">--><br \/>\n                            <!--                                <a><!--\/show\/?token=--><br \/>\n                            <!--\"--><br \/>\n                            <!--                                   class=\"preview fancybox fancybox.ajax\" rel=\"nofollow\"&gt;Xem th&#234;m th&#244;ng s&#7889; k&#7929; thu&#7853;t<\/a>--><br \/>\n                            <!--                            <\/div>\n<p>-->\n                        <\/p><\/div>\n<\/p><\/div>","protected":false},"excerpt":{"rendered":"<ul>\n<ul>\n<li>\u0110i\u1ec7n \u00e1p v\u00e0o:220VAC (165 ~ 265VAC)<\/li>\n<li>\u0110i\u1ec7n \u00e1p ra 220V +\/- 10% (ch\u1ebf \u0111\u1ed9 acqui)<\/li>\n<li>C\u00f4ng su\u1ea5t: 500 VA \/ 300 W<\/li>\n<li>Th\u1eddi gian l\u01b0u \u0111i\u1ec7n t\u1ed1i \u01b0u trong \u0111i\u1ec1u ki\u1ec7n chu\u1ea9n<\/li>\n<\/ul>\n<\/ul>","protected":false},"featured_media":11732,"comment_status":"closed","ping_status":"closed","template":"","meta":[],"pwb-brand":[],"product_cat":[2913],"product_tag":[],"class_list":{"0":"post-11731","1":"product","2":"type-product","3":"status-publish","4":"has-post-thumbnail","6":"product_cat-bo-luu-dien-ups","8":"first","9":"instock","10":"shipping-taxable","11":"product-type-simple"},"brands":[],"_links":{"self":[{"href":"https:\/\/serverhot.vn\/ur\/wp-json\/wp\/v2\/product\/11731","targetHints":{"allow":["GET"]}}],"collection":[{"href":"https:\/\/serverhot.vn\/ur\/wp-json\/wp\/v2\/product"}],"about":[{"href":"https:\/\/serverhot.vn\/ur\/wp-json\/wp\/v2\/types\/product"}],"replies":[{"embeddable":true,"href":"https:\/\/serverhot.vn\/ur\/wp-json\/wp\/v2\/comments?post=11731"}],"wp:featuredmedia":[{"embeddable":true,"href":"https:\/\/serverhot.vn\/ur\/wp-json\/wp\/v2\/media\/11732"}],"wp:attachment":[{"href":"https:\/\/serverhot.vn\/ur\/wp-json\/wp\/v2\/media?parent=11731"}],"wp:term":[{"taxonomy":"pwb-brand","embeddable":true,"href":"https:\/\/serverhot.vn\/ur\/wp-json\/wp\/v2\/pwb-brand?post=11731"},{"taxonomy":"product_cat","embeddable":true,"href":"https:\/\/serverhot.vn\/ur\/wp-json\/wp\/v2\/product_cat?post=11731"},{"taxonomy":"product_tag","embeddable":true,"href":"https:\/\/serverhot.vn\/ur\/wp-json\/wp\/v2\/product_tag?post=11731"}],"curies":[{"name":"wp","href":"https:\/\/api.w.org\/{rel}","templated":true}]}}