{"id":11819,"date":"2024-06-29T15:11:03","date_gmt":"2024-06-29T08:11:03","guid":{"rendered":"https:\/\/serverhot.vn\/product\/uncategorized\/smart-tivi-samsung-43inch-ua43t6000-ma-san-pham-ua43t6000\/"},"modified":"2024-06-29T15:11:05","modified_gmt":"2024-06-29T08:11:05","slug":"smart-tivi-samsung-43inch-ua43t6000-ma-san-pham-ua43t6000","status":"publish","type":"product","link":"https:\/\/serverhot.vn\/ur\/-product-\/smart-tivi-samsung-43inch-ua43t6000-ma-san-pham-ua43t6000\/","title":{"rendered":"Smart Tivi Samsung 43inch UA43T6000 M\u00e3 s\u1ea3n ph\u1ea9m: UA43T6000"},"content":{"rendered":"<div class=\"showText tabs\" id=\"tab2\">\n<div class=\"box_right_pro_view\">\n<div class=\"thongso_pro a_technical\" style=\"max-height: fit-content\">\n<table border=\"1\">\n<tbody>\n<tr>\n<td>T\u1ed5ng c\u00f4ng su\u1ea5t loa<\/td>\n<td>20W<\/td>\n<\/tr>\n<tr>\n<td>S\u1ed1 l\u01b0\u1ee3ng loa<\/td>\n<td>2<\/td>\n<\/tr>\n<tr>\n<td>C\u00f4ng ngh\u1ec7 \u00e2m thanh<\/td>\n<td>Dolby Digital Plus<\/td>\n<\/tr>\n<tr>\n<td>Th\u01b0\u01a1ng hi\u1ec7u<\/td>\n<td>Samsung<\/td>\n<\/tr>\n<tr>\n<td>Xu\u1ea5t x\u1ee9 th\u01b0\u01a1ng hi\u1ec7u<\/td>\n<td>H\u00e0n Qu\u1ed1c<\/td>\n<\/tr>\n<tr>\n<td>Component video<\/td>\n<td>C\u00f3<\/td>\n<\/tr>\n<tr>\n<td>Composite video<\/td>\n<td>C\u00f3<\/td>\n<\/tr>\n<tr>\n<td>Tivi k\u1ef9 thu\u1eadt s\u1ed1 (DVB-T2)<\/td>\n<td>C\u00f3<\/td>\n<\/tr>\n<tr>\n<td>T\u1ea7n s\u1ed1 qu\u00e9t<\/td>\n<td>100Hz<\/td>\n<\/tr>\n<tr>\n<td>H\u1ec7 \u0111i\u1ec1u h\u00e0nh, giao di\u1ec7n<\/td>\n<td>Tizen OS<\/td>\n<\/tr>\n<tr>\n<td>C\u00f4ng ngh\u1ec7 x\u1eed l\u00fd h\u00ecnh \u1ea3nh<\/td>\n<td>PurColor, HDR, Dynamic Contrast Ratio<\/td>\n<\/tr>\n<tr>\n<td>K\u1ebft n\u1ed1i b\u00e0n ph\u00edm, chu\u1ed9t<\/td>\n<td>C\u00f3 th\u1ec3 k\u1ebft n\u1ed1i (s\u1eed d\u1ee5ng t\u1ed1t nh\u1ea5t trong tr\u00ecnh duy\u1ec7t web)<\/td>\n<\/tr>\n<tr>\n<td>K\u1ebft n\u1ed1i kh\u00f4ng d\u00e2y<\/td>\n<td>Chi\u1ebfu m\u00e0n h\u00ecnh Screen Mirroring<\/td>\n<\/tr>\n<tr>\n<td>C\u1ed5ng HDMI<\/td>\n<td>x2<\/td>\n<\/tr>\n<tr>\n<td>C\u1ed5ng internet (LAN)<\/td>\n<td>C\u00f3<\/td>\n<\/tr>\n<tr>\n<td>Wifi<\/td>\n<td>C\u00f3<\/td>\n<\/tr>\n<tr>\n<td>Xu\u1ea5t x\u1ee9<\/td>\n<td>Vi\u1ec7t Nam<\/td>\n<\/tr>\n<tr>\n<td>Remote th\u00f4ng minh<\/td>\n<td>Kh\u00f4ng d\u00f9ng \u0111\u01b0\u1ee3c<\/td>\n<\/tr>\n<tr>\n<td>\u0110\u1ed9 ph\u00e2n gi\u1ea3i<\/td>\n<td>Full HD (1920 x 1080)<\/td>\n<\/tr>\n<tr>\n<td>K\u00edch th\u01b0\u1edbc m\u00e0n h\u00ecnh<\/td>\n<td>43 inch<\/td>\n<\/tr>\n<tr>\n<td>K\u00edch th\u01b0\u1edbc kh\u00f4ng ch\u00e2n\/treo t\u01b0\u1eddng<\/td>\n<td>97.9 x 57.1 x 7.73 cm<\/td>\n<\/tr>\n<tr>\n<td>K\u00edch th\u01b0\u1edbc c\u00f3 ch\u00e2n\/\u0111\u1eb7t b\u00e0n<\/td>\n<td>97.9 x 65.9 x 13.6 cm<\/td>\n<\/tr>\n<tr>\n<td>C\u00e1c \u1ee9ng d\u1ee5ng s\u1eb5n c\u00f3<\/td>\n<td>Youtube, Tr\u00ecnh duy\u1ec7t web<\/td>\n<\/tr>\n<tr>\n<td>C\u00e1c \u1ee9ng d\u1ee5ng ph\u1ed5 bi\u1ebfn c\u00f3 th\u1ec3 t\u1ea3i th\u00eam<\/td>\n<td>Spotify, Clip TV, Fim+, Netflix, FPT Play<\/td>\n<\/tr>\n<tr>\n<td>USB<\/td>\n<td>x1<\/td>\n<\/tr>\n<tr>\n<td>Xem 3D<\/td>\n<td>Kh\u00f4ng<\/td>\n<\/tr>\n<tr>\n<td>Kh\u1ed1i l\u01b0\u1ee3ng kh\u00f4ng ch\u00e2n<\/td>\n<td>8 Kg<\/td>\n<\/tr>\n<tr>\n<td>Kh\u1ed1i l\u01b0\u1ee3ng c\u00f3 ch\u00e2n<\/td>\n<td>8.2 Kg<\/td>\n<\/tr>\n<\/tbody>\n<\/table><\/div>\n<p>                            <!--                            <\/p>\n<div class=\"xemthem_id_r\">--><br \/>\n                            <!--                                <a><!--\/show\/?token=--><br \/>\n                            <!--\"--><br \/>\n                            <!--                                   class=\"preview fancybox fancybox.ajax\" rel=\"nofollow\"&gt;Xem th&#234;m th&#244;ng s&#7889; k&#7929; thu&#7853;t<\/a>--><br \/>\n                            <!--                            <\/div>\n<p>-->\n                        <\/p><\/div>\n<\/p><\/div>","protected":false},"excerpt":{"rendered":"<ul>\n<ul>\n<li>Lo\u1ea1i tivi: Smart Tivi<\/li>\n<li>M\u00e0n h\u00ecnh: 43 inch<\/li>\n<li>\u0110\u1ed9 ph\u00e2n gi\u1ea3i: Full HD (1920 x 1080px)<\/li>\n<li>T\u1ea7n s\u1ed1 qu\u00e9t: 100Hz<\/li>\n<li>C\u00f4ng ngh\u1ec7 \u00e2m thanh: Dolby Digital Plus<\/li>\n<li>T\u00e1i hi\u1ec7n m\u00e0u s\u1eafc ch\u00e2n th\u1ef1c t\u1eeb c\u00f4ng ngh\u1ec7 PurColor<\/li>\n<li>Ho\u00e0n h\u1ea3o t\u1eebng chi ti\u1ebft v\u1edbi c\u00f4ng ngh\u1ec7 HDR<\/li>\n<li>Khung c\u1ea3nh c\u00f3 chi\u1ec1u s\u00e2u h\u01a1n t\u1eeb c\u00f4ng ngh\u1ec7 Dynamic Contrast Ratio<\/li>\n<\/ul>\n<\/ul>","protected":false},"featured_media":11820,"comment_status":"closed","ping_status":"closed","template":"","meta":[],"pwb-brand":[],"product_cat":[2909],"product_tag":[],"class_list":{"0":"post-11819","1":"product","2":"type-product","3":"status-publish","4":"has-post-thumbnail","6":"product_cat-man-hinh-may-tinh","8":"first","9":"instock","10":"shipping-taxable","11":"product-type-simple"},"brands":[],"_links":{"self":[{"href":"https:\/\/serverhot.vn\/ur\/wp-json\/wp\/v2\/product\/11819","targetHints":{"allow":["GET"]}}],"collection":[{"href":"https:\/\/serverhot.vn\/ur\/wp-json\/wp\/v2\/product"}],"about":[{"href":"https:\/\/serverhot.vn\/ur\/wp-json\/wp\/v2\/types\/product"}],"replies":[{"embeddable":true,"href":"https:\/\/serverhot.vn\/ur\/wp-json\/wp\/v2\/comments?post=11819"}],"wp:featuredmedia":[{"embeddable":true,"href":"https:\/\/serverhot.vn\/ur\/wp-json\/wp\/v2\/media\/11820"}],"wp:attachment":[{"href":"https:\/\/serverhot.vn\/ur\/wp-json\/wp\/v2\/media?parent=11819"}],"wp:term":[{"taxonomy":"pwb-brand","embeddable":true,"href":"https:\/\/serverhot.vn\/ur\/wp-json\/wp\/v2\/pwb-brand?post=11819"},{"taxonomy":"product_cat","embeddable":true,"href":"https:\/\/serverhot.vn\/ur\/wp-json\/wp\/v2\/product_cat?post=11819"},{"taxonomy":"product_tag","embeddable":true,"href":"https:\/\/serverhot.vn\/ur\/wp-json\/wp\/v2\/product_tag?post=11819"}],"curies":[{"name":"wp","href":"https:\/\/api.w.org\/{rel}","templated":true}]}}