{"id":11933,"date":"2024-06-29T15:35:14","date_gmt":"2024-06-29T08:35:14","guid":{"rendered":"https:\/\/serverhot.vn\/product\/uncategorized\/khay-co-dinh-tu-mang-sau-d800-khay-co-dinh-tu-rack-sau-800-ma-san-pham-unrfd800\/"},"modified":"2024-06-29T15:35:15","modified_gmt":"2024-06-29T08:35:15","slug":"khay-co-dinh-tu-mang-sau-d800-khay-co-dinh-tu-rack-sau-800-ma-san-pham-unrfd800","status":"publish","type":"product","link":"https:\/\/serverhot.vn\/ur\/-product-\/khay-co-dinh-tu-mang-sau-d800-khay-co-dinh-tu-rack-sau-800-ma-san-pham-unrfd800\/","title":{"rendered":"KHAY C\u1ed0 \u0110\u1ecaNH T\u1ee6 M\u1ea0NG S\u00c2U D800, KHAY C\u1ed0 \u0110\u1ecaNH T\u1ee6 RACK S\u00c2U 800 M\u00e3 s\u1ea3n ph\u1ea9m: UNRFD800"},"content":{"rendered":"<div class=\"showText tabs\" id=\"tab2\">\n                                    <\/div>","protected":false},"excerpt":{"rendered":"<ul>\n                            Khay c\u1ed1 \u0111\u1ecbnh s\u00e2u 800 &#8211; khay c\u1ed1 \u0111\u1ecbnh cho t\u1ee7 Rack s\u00e2u D800 &#8211; M\u00e3 s\u1ea3n ph\u1ea9m: UNRFD800 &#8211; Khay t\u1ee7 rack 1U = 1,75 inch = 4.45cm &#8211; Khay c\u1ed1 \u0111\u1ecbnh \u0111\u01b0\u1ee3c d\u00f9ng \u0111\u1ec3 \u0111\u1ee1 nh\u1eefng thi\u1ebft b\u1ecb kh\u00f4ng c\u00f3 kh\u1ea3 n\u0103ng ho\u1eb7c kh\u00f4ng ti\u1ec7n v\u1edbi vi\u1ec7c g\u00e1 tr\u1ef1c ti\u1ebfp l\u00ean thanh ti\u00eau chu\u1ea9n. &#8211; V\u1eadt li\u1ec7u l\u00e0m khay t\u1ee7 m\u1ea1ng s\u00e2u 800 l\u00e0 th\u00e9p t\u1ea5m d\u1ea7y 1,5mm \u0111\u1ebfn 2mm v\u00e0 \u0111\u01b0\u1ee3c \u0111\u1ed9t l\u1ed7 nh\u1eb1m \u0111\u1ea3m b\u1ea3o s\u1ef1 th\u00f4ng tho\u00e1ng v\u00e0 gi\u1ea3m kh\u1ed1i l\u01b0\u1ee3ng.                        <\/ul>","protected":false},"featured_media":11934,"comment_status":"closed","ping_status":"closed","template":"","meta":[],"pwb-brand":[],"product_cat":[2915],"product_tag":[],"class_list":{"0":"post-11933","1":"product","2":"type-product","3":"status-publish","4":"has-post-thumbnail","6":"product_cat-tu-rack","8":"first","9":"instock","10":"shipping-taxable","11":"product-type-simple"},"brands":[],"_links":{"self":[{"href":"https:\/\/serverhot.vn\/ur\/wp-json\/wp\/v2\/product\/11933","targetHints":{"allow":["GET"]}}],"collection":[{"href":"https:\/\/serverhot.vn\/ur\/wp-json\/wp\/v2\/product"}],"about":[{"href":"https:\/\/serverhot.vn\/ur\/wp-json\/wp\/v2\/types\/product"}],"replies":[{"embeddable":true,"href":"https:\/\/serverhot.vn\/ur\/wp-json\/wp\/v2\/comments?post=11933"}],"wp:featuredmedia":[{"embeddable":true,"href":"https:\/\/serverhot.vn\/ur\/wp-json\/wp\/v2\/media\/11934"}],"wp:attachment":[{"href":"https:\/\/serverhot.vn\/ur\/wp-json\/wp\/v2\/media?parent=11933"}],"wp:term":[{"taxonomy":"pwb-brand","embeddable":true,"href":"https:\/\/serverhot.vn\/ur\/wp-json\/wp\/v2\/pwb-brand?post=11933"},{"taxonomy":"product_cat","embeddable":true,"href":"https:\/\/serverhot.vn\/ur\/wp-json\/wp\/v2\/product_cat?post=11933"},{"taxonomy":"product_tag","embeddable":true,"href":"https:\/\/serverhot.vn\/ur\/wp-json\/wp\/v2\/product_tag?post=11933"}],"curies":[{"name":"wp","href":"https:\/\/api.w.org\/{rel}","templated":true}]}}