{"id":12220,"date":"2024-06-29T16:39:48","date_gmt":"2024-06-29T09:39:48","guid":{"rendered":"https:\/\/serverhot.vn\/product\/uncategorized\/thiet-bi-aten-ka7920-ax-kvm-adapter-cable-vga-ps-2-4-5-m-ma-san-pham-ka7920-ax\/"},"modified":"2024-06-29T16:39:49","modified_gmt":"2024-06-29T09:39:49","slug":"thiet-bi-aten-ka7920-ax-kvm-adapter-cable-vga-ps-2-4-5-m-ma-san-pham-ka7920-ax","status":"publish","type":"product","link":"https:\/\/serverhot.vn\/ur\/-product-\/thiet-bi-aten-ka7920-ax-kvm-adapter-cable-vga-ps-2-4-5-m-ma-san-pham-ka7920-ax\/","title":{"rendered":"Thi\u1ebft b\u1ecb Aten KA7920-AX &#8211; KVM Adapter Cable VGA\/PS\/2 4.5 m M\u00e3 s\u1ea3n ph\u1ea9m: KA7920-AX"},"content":{"rendered":"<div class=\"showText tabs\" id=\"tab2\">\n<div class=\"box_right_pro_view\">\n<div class=\"thongso_pro a_technical\" style=\"max-height: fit-content\">\n<table border=\"1\" cellpadding=\"5\">\n<tbody>\n<tr>\n<td colspan=\"2\">Connectors<\/td>\n<\/tr>\n<tr>\n<td>Link<\/td>\n<td>1 x RJ-45 Female with 4.5m Cat 5 cable<\/td>\n<\/tr>\n<tr>\n<td>Computer<\/td>\n<td>2 x PS\/2 Male<br \/>1 x HDB-15 Male<\/td>\n<\/tr>\n<tr>\n<td colspan=\"2\">Physical Properties<\/td>\n<\/tr>\n<tr>\n<td>Housing<\/td>\n<td>Plastic<\/td>\n<\/tr>\n<tr>\n<td>Weight<\/td>\n<td>0.25 kg<\/td>\n<\/tr>\n<tr>\n<td>Dimensions (L x W x H)<\/td>\n<td>7.93 x 3.70 x 1.55 cm<\/td>\n<\/tr>\n<\/tbody>\n<\/table><\/div>\n<p>                            <!--                            <\/p>\n<div class=\"xemthem_id_r\">--><br \/>\n                            <!--                                <a><!--\/show\/?token=--><br \/>\n                            <!--\"--><br \/>\n                            <!--                                   class=\"preview fancybox fancybox.ajax\" rel=\"nofollow\"&gt;Xem th&#234;m th&#244;ng s&#7889; k&#7929; thu&#7853;t<\/a>--><br \/>\n                            <!--                            <\/div>\n<p>-->\n                        <\/p><\/div>\n<\/p><\/div>","protected":false},"excerpt":{"rendered":"<ul>\n<p><span style=\"font-family: 'Open Sans', 'Lucida Grande', 'Lucida Sans Unicode', Arial, Helvetica, Verdana, sans-serif;font-size: 12px;background-color: #ffffff\">Aten KA7920 Adapter cable(PS\/2) 4.5m d\u00f9ng \u0111\u1ec3 k\u1ebft n\u1ed1i KVM Switch t\u1edbi video, chu\u1ed9t v\u00e0 b\u00e0n ph\u00edm chu\u1ea9n PS\/2 c\u1ee7a m\u00e1y t\u00ednh. V\u1edbi k\u00edch th\u01b0\u1edbc nh\u1ecf g\u1ecdn, KA7920 r\u1ea5t th\u00edch h\u1ee3p v\u1edbi c\u00e1c lo\u1ea1i rack-mount v\u00e0 destop<\/span><\/p>\n<\/ul>","protected":false},"featured_media":12221,"comment_status":"closed","ping_status":"closed","template":"","meta":[],"pwb-brand":[],"product_cat":[2906],"product_tag":[2849],"class_list":{"0":"post-12220","1":"product","2":"type-product","3":"status-publish","4":"has-post-thumbnail","6":"product_cat-aten","7":"product_tag-switch","9":"first","10":"instock","11":"shipping-taxable","12":"product-type-simple"},"brands":[],"_links":{"self":[{"href":"https:\/\/serverhot.vn\/ur\/wp-json\/wp\/v2\/product\/12220","targetHints":{"allow":["GET"]}}],"collection":[{"href":"https:\/\/serverhot.vn\/ur\/wp-json\/wp\/v2\/product"}],"about":[{"href":"https:\/\/serverhot.vn\/ur\/wp-json\/wp\/v2\/types\/product"}],"replies":[{"embeddable":true,"href":"https:\/\/serverhot.vn\/ur\/wp-json\/wp\/v2\/comments?post=12220"}],"wp:featuredmedia":[{"embeddable":true,"href":"https:\/\/serverhot.vn\/ur\/wp-json\/wp\/v2\/media\/12221"}],"wp:attachment":[{"href":"https:\/\/serverhot.vn\/ur\/wp-json\/wp\/v2\/media?parent=12220"}],"wp:term":[{"taxonomy":"pwb-brand","embeddable":true,"href":"https:\/\/serverhot.vn\/ur\/wp-json\/wp\/v2\/pwb-brand?post=12220"},{"taxonomy":"product_cat","embeddable":true,"href":"https:\/\/serverhot.vn\/ur\/wp-json\/wp\/v2\/product_cat?post=12220"},{"taxonomy":"product_tag","embeddable":true,"href":"https:\/\/serverhot.vn\/ur\/wp-json\/wp\/v2\/product_tag?post=12220"}],"curies":[{"name":"wp","href":"https:\/\/api.w.org\/{rel}","templated":true}]}}