{"id":12412,"date":"2024-06-29T17:24:59","date_gmt":"2024-06-29T10:24:59","guid":{"rendered":"https:\/\/serverhot.vn\/product\/uncategorized\/converter-bo-chuyen-doi-quang-dien-single-mode-gigabit-tp-link-mc210cs-ma-san-pham-mc210cs\/"},"modified":"2024-06-29T17:25:01","modified_gmt":"2024-06-29T10:25:01","slug":"converter-bo-chuyen-doi-quang-dien-single-mode-gigabit-tp-link-mc210cs-ma-san-pham-mc210cs","status":"publish","type":"product","link":"https:\/\/serverhot.vn\/ur\/-product-\/converter-bo-chuyen-doi-quang-dien-single-mode-gigabit-tp-link-mc210cs-ma-san-pham-mc210cs\/","title":{"rendered":"Converter B\u1ed9 Chuy\u1ec3n \u0110\u1ed5i Quang \u0110i\u1ec7n Single-Mode Gigabit TP-Link MC210CS M\u00e3 s\u1ea3n ph\u1ea9m: MC210CS"},"content":{"rendered":"<div class=\"showText tabs\" id=\"tab2\">\n<div class=\"box_right_pro_view\">\n<div class=\"thongso_pro a_technical\" style=\"max-height: fit-content\">\n<table>\n<thead>\n<tr id=\"tr_1114\">\n<th colspan=\"2\"><a>MEDIA CONVERTER &amp; MODULE<\/a><\/th>\n<\/tr>\n<\/thead>\n<tbody>\n<tr id=\"tr_1115\">\n<th width=\"35%\">Chu\u1ea9n v\u00e0 Giao th\u1ee9c<\/th>\n<td width=\"65%\">IEEE 802.3i, IEEE 802.3u, IEEE 802.3ab, IEEE 802.3z<\/td>\n<\/tr>\n<tr id=\"tr_1116\">\n<th width=\"35%\">T\u00ednh n\u0103ng c\u01a1 b\u1ea3n<\/th>\n<td width=\"65%\">T\u1ef1 \u0111\u1ed9ng chuy\u1ec3n \u0111\u1ed5i ch\u1ebf \u0111\u1ed9 Half-Duplex \/ Full-Duplex<br \/>M\u1edf r\u1ed9ng kho\u1ea3ng c\u00e1ch l\u00ean \u0111\u1ebfn 15km<\/td>\n<\/tr>\n<tr id=\"tr_1117\">\n<th width=\"35%\">Ports<\/th>\n<td width=\"65%\">1 x C\u1ed5ng 1000M SC\/UPC<br \/>1 x C\u1ed5ng RJ45 10\/100\/1000M (Auto MDI\/MDIX)<\/td>\n<\/tr>\n<tr id=\"tr_1598\">\n<th width=\"35%\">Wave Length<\/th>\n<td width=\"65%\">1310nm<\/td>\n<\/tr>\n<tr id=\"tr_5741\">\n<th width=\"35%\">Network Media 1000BASE-LX<\/th>\n<td width=\"65%\">Single-mode Fiber<\/td>\n<\/tr>\n<tr id=\"tr_1982\">\n<th width=\"35%\">Network Media 1000BASE-T<\/th>\n<td width=\"65%\">C\u00e1p UTP CAT 5, 5e (t\u1ed1i \u0111a 100m)<br \/>EIA\/TIA-568 100\u03a9 STP (t\u1ed1i \u0111a 100m)<\/td>\n<\/tr>\n<tr id=\"tr_1121\">\n<th width=\"35%\">LED Indicators<\/th>\n<td width=\"65%\">PWR, Link\/Act<\/td>\n<\/tr>\n<tr id=\"tr_1123\">\n<th width=\"35%\">K\u00edch th\u01b0\u1edbc (R*D*C)<\/th>\n<td width=\"65%\">3.7*2.9*1.1 in. (94.5*73.0*27.0 mm)<\/td>\n<\/tr>\n<tr id=\"tr_1125\">\n<th width=\"35%\">Power Supply<\/th>\n<td width=\"65%\">B\u1ed9 chuy\u1ec3n \u0111\u1ed5i ngu\u1ed3n<\/td>\n<\/tr>\n<tr id=\"tr_3935\">\n<th width=\"35%\">Max Power Consumption<\/th>\n<td width=\"65%\">1.8W<\/td>\n<\/tr>\n<tr id=\"tr_1122\">\n<th width=\"35%\">Safety &amp; Emission<\/th>\n<td width=\"65%\">FCC, CE, RoHS<\/td>\n<\/tr>\n<tr id=\"tr_1124\">\n<th width=\"35%\">M\u00f4i tr\u01b0\u1eddng<\/th>\n<td width=\"65%\">Nhi\u1ec7t \u0111\u1ed9 ho\u1ea1t \u0111\u1ed9ng: 0\u2103~40 \u2103 (32 \u2109~104\u2109)<br \/>Nhi\u1ec7t \u0111\u1ed9 l\u01b0u tr\u1eef: -40\u2103~70 \u2103 (-40 \u2109~158\u2109)<br \/>\u0110\u1ed9 \u1ea9m ho\u1ea1t \u0111\u1ed9ng: 10%~90% kh\u00f4ng ng\u01b0ng t\u1ee5<br \/>\u0110\u1ed9 \u1ea9m l\u01b0u tr\u1eef: 5%~90% kh\u00f4ng ng\u01b0ng t\u1ee5<\/td>\n<\/tr>\n<\/tbody>\n<\/table><\/div>\n<p>                            <!--                            <\/p>\n<div class=\"xemthem_id_r\">--><br \/>\n                            <!--                                <a><!--\/show\/?token=--><br \/>\n                            <!--\"--><br \/>\n                            <!--                                   class=\"preview fancybox fancybox.ajax\" rel=\"nofollow\"&gt;Xem th&#234;m th&#244;ng s&#7889; k&#7929; thu&#7853;t<\/a>--><br \/>\n                            <!--                            <\/div>\n<p>-->\n                        <\/p><\/div>\n<\/p><\/div>","protected":false},"excerpt":{"rendered":"<ul>\n<ul style=\"margin: 0px;padding: 0px;color: #505255;font-family: AktivGrotesk-Corp, Helvetica, sans-serif;font-size: 16px;background-color: #ffffff\">\n<li style=\"margin: 0px 0px 0.5em;padding: 0px;background: 0px 0px\">H\u1ed7 tr\u1ee3 1 c\u1ed5ng Gigabit RJ45 t\u1ef1 chuy\u1ec3n \u0111\u1ed5i t\u1ed1c \u0111\u1ed9 10\/100\/1000 v\u00e0 h\u1ed7 tr\u1ee3 chuy\u1ec3n \u0111\u1ed5i MDI\/MDIX.<\/li>\n<li style=\"margin: 0px 0px 0.5em;padding: 0px;background: 0px 0px\">T\u1ef1 \u0111\u1ed9ng chuy\u1ec3n \u0111\u1ed5i ch\u1ebf \u0111\u1ed9\u00a0Half-Duplex \/ Full-Duplex.<\/li>\n<li style=\"margin: 0px 0px 0.5em;padding: 0px;background: 0px 0px\">T\u01b0\u01a1ng th\u00edch v\u1edbi chu\u1ea9n IEEE 802.3ab v\u00e0 IEEE 802.3z.<\/li>\n<li style=\"margin: 0px 0px 0.5em;padding: 0px;background: 0px 0px\">M\u1edf r\u1ed9ng kho\u1ea3ng c\u00e1ch c\u00e1p quang l\u00ean t\u1edbi 15km. !<\/li>\n<\/ul>\n<\/ul>","protected":false},"featured_media":12413,"comment_status":"closed","ping_status":"closed","template":"","meta":[],"pwb-brand":[],"product_cat":[2896],"product_tag":[],"class_list":{"0":"post-12412","1":"product","2":"type-product","3":"status-publish","4":"has-post-thumbnail","6":"product_cat-tp-link","8":"first","9":"instock","10":"shipping-taxable","11":"product-type-simple"},"brands":[],"_links":{"self":[{"href":"https:\/\/serverhot.vn\/ur\/wp-json\/wp\/v2\/product\/12412","targetHints":{"allow":["GET"]}}],"collection":[{"href":"https:\/\/serverhot.vn\/ur\/wp-json\/wp\/v2\/product"}],"about":[{"href":"https:\/\/serverhot.vn\/ur\/wp-json\/wp\/v2\/types\/product"}],"replies":[{"embeddable":true,"href":"https:\/\/serverhot.vn\/ur\/wp-json\/wp\/v2\/comments?post=12412"}],"wp:featuredmedia":[{"embeddable":true,"href":"https:\/\/serverhot.vn\/ur\/wp-json\/wp\/v2\/media\/12413"}],"wp:attachment":[{"href":"https:\/\/serverhot.vn\/ur\/wp-json\/wp\/v2\/media?parent=12412"}],"wp:term":[{"taxonomy":"pwb-brand","embeddable":true,"href":"https:\/\/serverhot.vn\/ur\/wp-json\/wp\/v2\/pwb-brand?post=12412"},{"taxonomy":"product_cat","embeddable":true,"href":"https:\/\/serverhot.vn\/ur\/wp-json\/wp\/v2\/product_cat?post=12412"},{"taxonomy":"product_tag","embeddable":true,"href":"https:\/\/serverhot.vn\/ur\/wp-json\/wp\/v2\/product_tag?post=12412"}],"curies":[{"name":"wp","href":"https:\/\/api.w.org\/{rel}","templated":true}]}}