{"id":12635,"date":"2024-06-29T18:08:34","date_gmt":"2024-06-29T11:08:34","guid":{"rendered":"https:\/\/serverhot.vn\/product\/uncategorized\/card-mang-khong-day-pci-express-tp-link-archer-t6e-wireless-ac1300mbps-ma-san-pham-t6e\/"},"modified":"2024-06-29T18:08:36","modified_gmt":"2024-06-29T11:08:36","slug":"card-mang-khong-day-pci-express-tp-link-archer-t6e-wireless-ac1300mbps-ma-san-pham-t6e","status":"publish","type":"product","link":"https:\/\/serverhot.vn\/ur\/-product-\/card-mang-khong-day-pci-express-tp-link-archer-t6e-wireless-ac1300mbps-ma-san-pham-t6e\/","title":{"rendered":"Card M\u1ea1ng Kh\u00f4ng D\u00e2y PCI Express TP-Link Archer T6E Wireless AC1300Mbps M\u00e3 s\u1ea3n ph\u1ea9m: T6E"},"content":{"rendered":"<div class=\"showText tabs\" id=\"tab2\">\n                                    <\/div>","protected":false},"excerpt":{"rendered":"<ul>\n                                                    <\/ul>","protected":false},"featured_media":12636,"comment_status":"closed","ping_status":"closed","template":"","meta":[],"pwb-brand":[],"product_cat":[2896],"product_tag":[2852],"class_list":{"0":"post-12635","1":"product","2":"type-product","3":"status-publish","4":"has-post-thumbnail","6":"product_cat-tp-link","7":"product_tag-wireless","9":"first","10":"instock","11":"shipping-taxable","12":"product-type-simple"},"brands":[],"_links":{"self":[{"href":"https:\/\/serverhot.vn\/ur\/wp-json\/wp\/v2\/product\/12635","targetHints":{"allow":["GET"]}}],"collection":[{"href":"https:\/\/serverhot.vn\/ur\/wp-json\/wp\/v2\/product"}],"about":[{"href":"https:\/\/serverhot.vn\/ur\/wp-json\/wp\/v2\/types\/product"}],"replies":[{"embeddable":true,"href":"https:\/\/serverhot.vn\/ur\/wp-json\/wp\/v2\/comments?post=12635"}],"wp:featuredmedia":[{"embeddable":true,"href":"https:\/\/serverhot.vn\/ur\/wp-json\/wp\/v2\/media\/12636"}],"wp:attachment":[{"href":"https:\/\/serverhot.vn\/ur\/wp-json\/wp\/v2\/media?parent=12635"}],"wp:term":[{"taxonomy":"pwb-brand","embeddable":true,"href":"https:\/\/serverhot.vn\/ur\/wp-json\/wp\/v2\/pwb-brand?post=12635"},{"taxonomy":"product_cat","embeddable":true,"href":"https:\/\/serverhot.vn\/ur\/wp-json\/wp\/v2\/product_cat?post=12635"},{"taxonomy":"product_tag","embeddable":true,"href":"https:\/\/serverhot.vn\/ur\/wp-json\/wp\/v2\/product_tag?post=12635"}],"curies":[{"name":"wp","href":"https:\/\/api.w.org\/{rel}","templated":true}]}}