{"id":12649,"date":"2024-06-29T18:11:11","date_gmt":"2024-06-29T11:11:11","guid":{"rendered":"https:\/\/serverhot.vn\/product\/uncategorized\/microsoft-win-pro-for-wrkstns-11-64bit-eng-intl-1pk-dsp-oei-dvd-hzv-00101-ma-san-pham-hzv-00101\/"},"modified":"2024-06-29T18:11:18","modified_gmt":"2024-06-29T11:11:18","slug":"microsoft-win-pro-for-wrkstns-11-64bit-eng-intl-1pk-dsp-oei-dvd-hzv-00101-ma-san-pham-hzv-00101","status":"publish","type":"product","link":"https:\/\/serverhot.vn\/ur\/-product-\/microsoft-win-pro-for-wrkstns-11-64bit-eng-intl-1pk-dsp-oei-dvd-hzv-00101-ma-san-pham-hzv-00101\/","title":{"rendered":"Microsoft Win Pro for Wrkstns 11 64Bit Eng Intl 1pk DSP OEI DVD HZV-00101 M\u00e3 s\u1ea3n ph\u1ea9m: HZV-00101"},"content":{"rendered":"<div class=\"showText tabs\" id=\"tab2\">\n                                    <\/div>","protected":false},"excerpt":{"rendered":"<ul>\n<p>Windows 11 Pro for Workstations \u0111\u01b0\u1ee3c thi\u1ebft k\u1ebf \u0111\u1eb7c bi\u1ec7t \u0111\u1ec3 \u0111\u00e1p \u1ee9ng nhu c\u1ea7u c\u1ee7a c\u00e1c c\u00e1 nh\u00e2n v\u00e0 t\u1ed5 ch\u1ee9c c\u00f3 kh\u1ed1i l\u01b0\u1ee3ng c\u00f4ng vi\u1ec7c v\u00e0 y\u00eau c\u1ea7u d\u1eef li\u1ec7u cao.<br \/>&#8211; Qu\u1ea3n l\u00fd d\u1ec5 d\u00e0ng, linh ho\u1ea1t <br \/>&#8211; B\u1ea3o v\u1ec7 d\u1eef li\u1ec7u<br \/>&#8211; Hi\u1ec7u su\u1ea5t m\u1ea1nh m\u1ebd<br \/>&#8211; Quy tr\u00ecnh l\u00e0m vi\u1ec7c kh\u00f4ng b\u1ecb x\u00e1o tr\u1ed9n<\/p>\n<\/ul>","protected":false},"featured_media":12650,"comment_status":"closed","ping_status":"closed","template":"","meta":[],"pwb-brand":[],"product_cat":[2917],"product_tag":[],"class_list":{"0":"post-12649","1":"product","2":"type-product","3":"status-publish","4":"has-post-thumbnail","6":"product_cat-microsoft","8":"first","9":"instock","10":"shipping-taxable","11":"product-type-simple"},"brands":[],"_links":{"self":[{"href":"https:\/\/serverhot.vn\/ur\/wp-json\/wp\/v2\/product\/12649","targetHints":{"allow":["GET"]}}],"collection":[{"href":"https:\/\/serverhot.vn\/ur\/wp-json\/wp\/v2\/product"}],"about":[{"href":"https:\/\/serverhot.vn\/ur\/wp-json\/wp\/v2\/types\/product"}],"replies":[{"embeddable":true,"href":"https:\/\/serverhot.vn\/ur\/wp-json\/wp\/v2\/comments?post=12649"}],"wp:featuredmedia":[{"embeddable":true,"href":"https:\/\/serverhot.vn\/ur\/wp-json\/wp\/v2\/media\/12650"}],"wp:attachment":[{"href":"https:\/\/serverhot.vn\/ur\/wp-json\/wp\/v2\/media?parent=12649"}],"wp:term":[{"taxonomy":"pwb-brand","embeddable":true,"href":"https:\/\/serverhot.vn\/ur\/wp-json\/wp\/v2\/pwb-brand?post=12649"},{"taxonomy":"product_cat","embeddable":true,"href":"https:\/\/serverhot.vn\/ur\/wp-json\/wp\/v2\/product_cat?post=12649"},{"taxonomy":"product_tag","embeddable":true,"href":"https:\/\/serverhot.vn\/ur\/wp-json\/wp\/v2\/product_tag?post=12649"}],"curies":[{"name":"wp","href":"https:\/\/api.w.org\/{rel}","templated":true}]}}