{"id":13181,"date":"2024-06-29T19:22:02","date_gmt":"2024-06-29T12:22:02","guid":{"rendered":"https:\/\/serverhot.vn\/product\/uncategorized\/man-hinh-gaming-msi-pro-mp251-24-5-inch-full-hd-ips-100hz-1ms-phang-ma-san-pham-mp251\/"},"modified":"2024-06-29T19:22:03","modified_gmt":"2024-06-29T12:22:03","slug":"man-hinh-gaming-msi-pro-mp251-24-5-inch-full-hd-ips-100hz-1ms-phang-ma-san-pham-mp251","status":"publish","type":"product","link":"https:\/\/serverhot.vn\/ur\/-product-\/man-hinh-gaming-msi-pro-mp251-24-5-inch-full-hd-ips-100hz-1ms-phang-ma-san-pham-mp251\/","title":{"rendered":"M\u00e0n h\u00ecnh Gaming MSI Pro MP251 | 24.5 inch, Full HD, IPS, 100Hz, 1ms, ph\u1eb3ng M\u00e3 s\u1ea3n ph\u1ea9m: MP251"},"content":{"rendered":"<div class=\"showText tabs\" id=\"tab2\">\n                                    <\/div>","protected":false},"excerpt":{"rendered":"<ul>\n<p><span style=\"font-size: 14px\">Ki\u1ec3u d\u00e1ng m\u00e0n h\u00ecnh: Ph\u1eb3ng<br \/><\/span><span style=\"font-size: 14px\">T\u1ec9 l\u1ec7 khung h\u00ecnh: 16:9<br \/><\/span><span style=\"font-size: 14px\">K\u00edch th\u01b0\u1edbc m\u1eb7c \u0111\u1ecbnh: 24.5 inch<br \/><\/span><span style=\"font-size: 14px\">C\u00f4ng ngh\u1ec7 t\u1ea5m n\u1ec1n: IPS<br \/><\/span><span style=\"font-size: 14px\">Ph\u00e2n gi\u1ea3i \u0111i\u1ec3m \u1ea3nh: FHD &#8211; 1920 x 1080<br \/><\/span><span style=\"font-size: 14px\">C\u1ed5ng c\u1eafm k\u1ebft n\u1ed1i: 1x HDMI\u2122 (1.4), 1x D-Sub (VGA), 1x Headphone-out, 1x Line in<br \/><\/span><span style=\"font-size: 14px\">Ph\u1ee5 ki\u1ec7n : c\u00e1p ngu\u1ed3n, c\u00e1p HDMI<\/span><\/p>\n<\/ul>","protected":false},"featured_media":13182,"comment_status":"closed","ping_status":"closed","template":"","meta":[],"pwb-brand":[],"product_cat":[2909],"product_tag":[],"class_list":{"0":"post-13181","1":"product","2":"type-product","3":"status-publish","4":"has-post-thumbnail","6":"product_cat-man-hinh-may-tinh","8":"first","9":"instock","10":"shipping-taxable","11":"product-type-simple"},"brands":[],"_links":{"self":[{"href":"https:\/\/serverhot.vn\/ur\/wp-json\/wp\/v2\/product\/13181","targetHints":{"allow":["GET"]}}],"collection":[{"href":"https:\/\/serverhot.vn\/ur\/wp-json\/wp\/v2\/product"}],"about":[{"href":"https:\/\/serverhot.vn\/ur\/wp-json\/wp\/v2\/types\/product"}],"replies":[{"embeddable":true,"href":"https:\/\/serverhot.vn\/ur\/wp-json\/wp\/v2\/comments?post=13181"}],"wp:featuredmedia":[{"embeddable":true,"href":"https:\/\/serverhot.vn\/ur\/wp-json\/wp\/v2\/media\/13182"}],"wp:attachment":[{"href":"https:\/\/serverhot.vn\/ur\/wp-json\/wp\/v2\/media?parent=13181"}],"wp:term":[{"taxonomy":"pwb-brand","embeddable":true,"href":"https:\/\/serverhot.vn\/ur\/wp-json\/wp\/v2\/pwb-brand?post=13181"},{"taxonomy":"product_cat","embeddable":true,"href":"https:\/\/serverhot.vn\/ur\/wp-json\/wp\/v2\/product_cat?post=13181"},{"taxonomy":"product_tag","embeddable":true,"href":"https:\/\/serverhot.vn\/ur\/wp-json\/wp\/v2\/product_tag?post=13181"}],"curies":[{"name":"wp","href":"https:\/\/api.w.org\/{rel}","templated":true}]}}