{"id":13197,"date":"2024-06-29T19:24:03","date_gmt":"2024-06-29T12:24:03","guid":{"rendered":"https:\/\/serverhot.vn\/product\/uncategorized\/man-hinh-lcd-gaming-asus-vg275q-27-75hz-1ms-freesync-full-hd-2-loa-ma-san-pham-vg275q\/"},"modified":"2024-06-29T19:24:05","modified_gmt":"2024-06-29T12:24:05","slug":"man-hinh-lcd-gaming-asus-vg275q-27-75hz-1ms-freesync-full-hd-2-loa-ma-san-pham-vg275q","status":"publish","type":"product","link":"https:\/\/serverhot.vn\/ur\/-product-\/man-hinh-lcd-gaming-asus-vg275q-27-75hz-1ms-freesync-full-hd-2-loa-ma-san-pham-vg275q\/","title":{"rendered":"M\u00e0n H\u00ecnh LCD Gaming ASUS VG275Q 27&#8243; 75Hz 1ms FreeSync Full HD 2 Loa M\u00e3 s\u1ea3n ph\u1ea9m: VG275Q"},"content":{"rendered":"<div class=\"showText tabs\" id=\"tab2\">\n                                    <\/div>","protected":false},"excerpt":{"rendered":"<ul>\n<h1 class=\"product-slogan\" style=\"text-align: justify\"><span style=\"font-size: medium\">ASUS VG275Q Console Gaming Monitor &#8211; 27inch, Full HD, 1ms, GameFast Input Technology, FreeSync\u2122<\/span><\/h1>\n<div class=\"product-intro\">\n<ul>\n<li style=\"text-align: justify\">27inch Full HD gaming monitor with an ultra-fast 1ms response time and GameFast Input Technology for smooth gameplay<\/li>\n<li>Dual HDMI ports and one DisplayPort allow you to connect your game console, other HDMI device or PC at the same time<\/li>\n<li>Features AMD FreeSync\u2122 technology to eliminate screen tearing and choppy frame rates<\/li>\n<li>ASUS-exclusive GamePlus hotkey for in-game enhancements while GameVisual for optimized visuals<\/li>\n<li>TUV Rheinland Certification for Flicker-free and Low Blue Light technology to ensure a comfortable viewing experience<\/li>\n<li>Supports both Adaptive-Sync with NVIDIA GeForce* graphics cards and FreeSync with AMD Radeon graphics cards *Compatible with NVIDIA GeForce GTX 10 series, GTX 16 series, RTX 20 series and newer graphics cards<\/li>\n<\/ul>\n<\/div>\n<p><label class=\"checkbox add-to-list\"><\/label><\/p>\n<\/ul>","protected":false},"featured_media":13198,"comment_status":"closed","ping_status":"closed","template":"","meta":[],"pwb-brand":[],"product_cat":[2909],"product_tag":[],"class_list":{"0":"post-13197","1":"product","2":"type-product","3":"status-publish","4":"has-post-thumbnail","6":"product_cat-man-hinh-may-tinh","8":"first","9":"instock","10":"shipping-taxable","11":"product-type-simple"},"brands":[],"_links":{"self":[{"href":"https:\/\/serverhot.vn\/ur\/wp-json\/wp\/v2\/product\/13197","targetHints":{"allow":["GET"]}}],"collection":[{"href":"https:\/\/serverhot.vn\/ur\/wp-json\/wp\/v2\/product"}],"about":[{"href":"https:\/\/serverhot.vn\/ur\/wp-json\/wp\/v2\/types\/product"}],"replies":[{"embeddable":true,"href":"https:\/\/serverhot.vn\/ur\/wp-json\/wp\/v2\/comments?post=13197"}],"wp:featuredmedia":[{"embeddable":true,"href":"https:\/\/serverhot.vn\/ur\/wp-json\/wp\/v2\/media\/13198"}],"wp:attachment":[{"href":"https:\/\/serverhot.vn\/ur\/wp-json\/wp\/v2\/media?parent=13197"}],"wp:term":[{"taxonomy":"pwb-brand","embeddable":true,"href":"https:\/\/serverhot.vn\/ur\/wp-json\/wp\/v2\/pwb-brand?post=13197"},{"taxonomy":"product_cat","embeddable":true,"href":"https:\/\/serverhot.vn\/ur\/wp-json\/wp\/v2\/product_cat?post=13197"},{"taxonomy":"product_tag","embeddable":true,"href":"https:\/\/serverhot.vn\/ur\/wp-json\/wp\/v2\/product_tag?post=13197"}],"curies":[{"name":"wp","href":"https:\/\/api.w.org\/{rel}","templated":true}]}}