{"id":13279,"date":"2024-06-29T19:34:09","date_gmt":"2024-06-29T12:34:09","guid":{"rendered":"https:\/\/serverhot.vn\/product\/uncategorized\/man-hinh-lcd-di-dong-asus-mb169b-15-6-ips-full-hd-usb-3-0-type-c-ma-san-pham-mb169b\/"},"modified":"2024-06-29T19:34:11","modified_gmt":"2024-06-29T12:34:11","slug":"man-hinh-lcd-di-dong-asus-mb169b-15-6-ips-full-hd-usb-3-0-type-c-ma-san-pham-mb169b","status":"publish","type":"product","link":"https:\/\/serverhot.vn\/ur\/-product-\/man-hinh-lcd-di-dong-asus-mb169b-15-6-ips-full-hd-usb-3-0-type-c-ma-san-pham-mb169b\/","title":{"rendered":"M\u00e0n H\u00ecnh LCD Di \u0110\u1ed9ng ASUS MB169B+ 15.6&#8243; IPS Full HD USB 3.0 Type-C M\u00e3 s\u1ea3n ph\u1ea9m: MB169B+"},"content":{"rendered":"<div class=\"showText tabs\" id=\"tab2\">\n                                    <\/div>","protected":false},"excerpt":{"rendered":"<ul>\n<h1 class=\"product-slogan\" style=\"text-align: justify\"><span style=\"font-size: medium\">ASUS MB169B+ Portable USB Monitor &#8211; 15.6 inch, Full HD, USB-powered, IPS, Ultra-slim, Smart Case<\/span><\/h1>\n<div class=\"product-intro\">\n<ul>\n<li style=\"text-align: justify\">15.6-inch Full HD portable USB-powered monitor with a single USB 3.0 cable for power and data transmission<\/li>\n<li>World\u2019s slimmest and lightest USB monitor with a sleek and metallic finish<\/li>\n<li>Auto-rotating display bundled with the ASUS Smart Case \u2013 a two-way adjustable stand and protective sleeve<\/li>\n<\/ul>\n<\/div>\n<p><label class=\"checkbox add-to-list\"><\/label><\/p>\n<\/ul>","protected":false},"featured_media":13280,"comment_status":"closed","ping_status":"closed","template":"","meta":[],"pwb-brand":[],"product_cat":[2909],"product_tag":[44],"class_list":{"0":"post-13279","1":"product","2":"type-product","3":"status-publish","4":"has-post-thumbnail","6":"product_cat-man-hinh-may-tinh","7":"product_tag-lee","9":"first","10":"instock","11":"shipping-taxable","12":"product-type-simple"},"brands":[],"_links":{"self":[{"href":"https:\/\/serverhot.vn\/ur\/wp-json\/wp\/v2\/product\/13279","targetHints":{"allow":["GET"]}}],"collection":[{"href":"https:\/\/serverhot.vn\/ur\/wp-json\/wp\/v2\/product"}],"about":[{"href":"https:\/\/serverhot.vn\/ur\/wp-json\/wp\/v2\/types\/product"}],"replies":[{"embeddable":true,"href":"https:\/\/serverhot.vn\/ur\/wp-json\/wp\/v2\/comments?post=13279"}],"wp:featuredmedia":[{"embeddable":true,"href":"https:\/\/serverhot.vn\/ur\/wp-json\/wp\/v2\/media\/13280"}],"wp:attachment":[{"href":"https:\/\/serverhot.vn\/ur\/wp-json\/wp\/v2\/media?parent=13279"}],"wp:term":[{"taxonomy":"pwb-brand","embeddable":true,"href":"https:\/\/serverhot.vn\/ur\/wp-json\/wp\/v2\/pwb-brand?post=13279"},{"taxonomy":"product_cat","embeddable":true,"href":"https:\/\/serverhot.vn\/ur\/wp-json\/wp\/v2\/product_cat?post=13279"},{"taxonomy":"product_tag","embeddable":true,"href":"https:\/\/serverhot.vn\/ur\/wp-json\/wp\/v2\/product_tag?post=13279"}],"curies":[{"name":"wp","href":"https:\/\/api.w.org\/{rel}","templated":true}]}}