{"id":13726,"date":"2024-08-28T19:30:12","date_gmt":"2024-08-28T12:30:12","guid":{"rendered":"https:\/\/serverhot.vn\/-product-\/thiet-bi-mang-switch-tp-link-desktop-8-ports-10-100mpbs-tl-sf1008p-ma-san-pham-tl-sf1008p\/"},"modified":"2024-08-28T19:30:17","modified_gmt":"2024-08-28T12:30:17","slug":"thiet-bi-mang-switch-tp-link-desktop-8-ports-10-100mpbs-tl-sf1008p-ma-san-pham-tl-sf1008p","status":"publish","type":"product","link":"https:\/\/serverhot.vn\/ur\/-product-\/thiet-bi-mang-switch-tp-link-desktop-8-ports-10-100mpbs-tl-sf1008p-ma-san-pham-tl-sf1008p\/","title":{"rendered":"Thi\u1ebft B\u1ecb M\u1ea1ng Switch TP-Link Desktop 8 Ports 10\/100Mpbs TL-SF1008P M\u00e3 s\u1ea3n ph\u1ea9m: TL-SF1008P"},"content":{"rendered":"<div class=\"showText tabs\" id=\"tab2\">\n<div class=\"box_right_pro_view\">\n<div class=\"thongso_pro a_technical\" style=\"max-height: fit-content\">\n<h2>\u00a0<\/h2>\n<table border=\"1\">\n<thead>\n<tr>\n<th id=\"th_603\" colspan=\"2\">HARDWARE FEATURES<\/th>\n<\/tr>\n<\/thead>\n<tbody>\n<tr>\n<th width=\"35%\">Interface<\/th>\n<td width=\"65%\">8 10\/100Mbps RJ45 Ports<br \/>AUTO Negotiation\/AUTO MDI\/MDIX<\/td>\n<\/tr>\n<tr>\n<th width=\"35%\">Network Media<\/th>\n<td width=\"65%\">10BASE-T: UTP category 3, 4, 5 cable (maximum 100m)<br \/>EIA\/TIA-568 100\u03a9 STP (maximum 100m)<br \/>100BASE-TX: UTP category 5, 5e cable (maximum 100m)<br \/>EIA\/TIA-568 100\u03a9 STP (maximum 100m)<\/td>\n<\/tr>\n<tr>\n<th width=\"35%\">Fan Quantity<\/th>\n<td width=\"65%\">Fanless<\/td>\n<\/tr>\n<tr>\n<th width=\"35%\">Dimensions (W X D X H)<\/th>\n<td width=\"65%\">6.7*3.9*1.1 in. (171*98*27 mm)<\/td>\n<\/tr>\n<tr>\n<th width=\"35%\">Power Consumption<\/th>\n<td width=\"65%\">Maximum (PoE on): 60.2W (220V\/50Hz)<br \/>Maximum (PoE off): 3.2W (220V\/50Hz)<\/td>\n<\/tr>\n<tr>\n<th width=\"35%\">External Power Supply<\/th>\n<td width=\"65%\">External Power Adapter(Output: 48VDC \/ 1.25A)<\/td>\n<\/tr>\n<tr>\n<th width=\"35%\">PoE Ports (RJ45)<\/th>\n<td width=\"65%\">Standard: 802.3 af compliant<br \/>PoE Ports: Port1- Port4<br \/>Power Supply: 57W<\/td>\n<\/tr>\n<tr>\n<th width=\"35%\">Backbound Bandwidth<\/th>\n<td width=\"65%\">1.6Gbps<\/td>\n<\/tr>\n<tr>\n<th width=\"35%\">Mac Address Table<\/th>\n<td width=\"65%\">2K<\/td>\n<\/tr>\n<\/tbody>\n<\/table>\n<table border=\"1\">\n<thead>\n<tr>\n<th id=\"th_603\" colspan=\"2\">SOFTWARE FEATURES<\/th>\n<\/tr>\n<\/thead>\n<tbody>\n<tr>\n<th width=\"35%\">Transmission Method<\/th>\n<td width=\"65%\">Store-And-Forward<\/td>\n<\/tr>\n<tr>\n<th width=\"35%\">Advanced Functions<\/th>\n<td width=\"65%\">Compatible With IEEE 802.3af Compliant PDs<br \/>Priority Function<br \/>Mac Address Auto-Learning And Auto-Aging<br \/>IEEE802.3x Flow Control For Full-Duplex Mode And Backpressure For Half-Duplex Mode<\/td>\n<\/tr>\n<\/tbody>\n<\/table>\n<table border=\"1\">\n<thead>\n<tr>\n<th id=\"th_603\" colspan=\"2\">OTHERS<\/th>\n<\/tr>\n<\/thead>\n<tbody>\n<tr>\n<th width=\"35%\">Certification<\/th>\n<td width=\"65%\">FCC, CE, RoHS<\/td>\n<\/tr>\n<tr>\n<th width=\"35%\">Package Contents<\/th>\n<td width=\"65%\">TL-SF1008P, Power Adapter, User Guide<\/td>\n<\/tr>\n<tr>\n<th width=\"35%\">Consumption<\/th>\n<td width=\"65%\">2.3 watts (max. no PD connected)<br \/>59.3 watts (max. with 57w PD connected)<\/td>\n<\/tr>\n<tr>\n<th width=\"35%\">Environment<\/th>\n<td width=\"65%\">Operating Temperature: 0\u2103~40\u2103 (32\u2109~104\u2109)<br \/>Storage Temperature: -40\u2103~70\u2103 (-40\u2109~158\u2109)<br \/>Operating Humidity: 10%~90% non-condensing<br \/>Storage Humidity: 5%~90% non-condensing<\/td>\n<\/tr>\n<\/tbody>\n<\/table><\/div>\n<p>                            <!--                            <\/p>\n<div class=\"xemthem_id_r\">--><br \/>\n                            <!--                                <a><!--\/show\/?token=--><br \/>\n                            <!--\"--><br \/>\n                            <!--                                   class=\"preview fancybox fancybox.ajax\" rel=\"nofollow\"&gt;Xem th&#234;m th&#244;ng s&#7889; k&#7929; thu&#7853;t<\/a>--><br \/>\n                            <!--                            <\/div>\n<p>-->\n                        <\/p><\/div>\n<\/p><\/div>","protected":false},"excerpt":{"rendered":"<ul>\n<ul>\n<li>V\u1edbi 4 c\u1ed5ng PoE, vi\u1ec7c truy\u1ec1n d\u1eef li\u1ec7u v\u00e0 c\u1ea5p ngu\u1ed3n ch\u1ec9 c\u1ea7n 1 d\u00e2y c\u00e1p<\/li>\n<li>Ho\u1ea1t \u0111\u1ed9ng v\u1edbi chu\u1ea9n IEEE 802.3af PDs, m\u1edf r\u1ed9ng m\u1ea1ng cho v\u0103n ph\u00f2ng v\u00e0 nh\u00e0 \u1edf<\/li>\n<li>H\u1ed7 tr\u1ee3 PoE ngu\u1ed3n l\u00ean \u0111\u1ebfn 15.4W cho m\u1ed7i c\u1ed5ng PoE<\/li>\n<li>H\u1ed7 tr\u1ee3 PoE ngu\u1ed3n l\u00ean \u0111\u1ebfn 57W cho t\u1ea5t c\u1ea3 c\u00e1c c\u1ed5ng PoE<\/li>\n<li>Kh\u00f4ng c\u1ea7n c\u1ea5u h\u00ecnh v\u00e0 c\u00e0i \u0111\u1eb7t<\/li>\n<\/ul>\n<\/ul>","protected":false},"featured_media":13727,"comment_status":"closed","ping_status":"closed","template":"","meta":[],"pwb-brand":[],"product_cat":[2896],"product_tag":[2849],"class_list":{"0":"post-13726","1":"product","2":"type-product","3":"status-publish","4":"has-post-thumbnail","6":"product_cat-tp-link","7":"product_tag-switch","9":"first","10":"instock","11":"shipping-taxable","12":"product-type-simple"},"brands":[],"_links":{"self":[{"href":"https:\/\/serverhot.vn\/ur\/wp-json\/wp\/v2\/product\/13726","targetHints":{"allow":["GET"]}}],"collection":[{"href":"https:\/\/serverhot.vn\/ur\/wp-json\/wp\/v2\/product"}],"about":[{"href":"https:\/\/serverhot.vn\/ur\/wp-json\/wp\/v2\/types\/product"}],"replies":[{"embeddable":true,"href":"https:\/\/serverhot.vn\/ur\/wp-json\/wp\/v2\/comments?post=13726"}],"wp:featuredmedia":[{"embeddable":true,"href":"https:\/\/serverhot.vn\/ur\/wp-json\/wp\/v2\/media\/13727"}],"wp:attachment":[{"href":"https:\/\/serverhot.vn\/ur\/wp-json\/wp\/v2\/media?parent=13726"}],"wp:term":[{"taxonomy":"pwb-brand","embeddable":true,"href":"https:\/\/serverhot.vn\/ur\/wp-json\/wp\/v2\/pwb-brand?post=13726"},{"taxonomy":"product_cat","embeddable":true,"href":"https:\/\/serverhot.vn\/ur\/wp-json\/wp\/v2\/product_cat?post=13726"},{"taxonomy":"product_tag","embeddable":true,"href":"https:\/\/serverhot.vn\/ur\/wp-json\/wp\/v2\/product_tag?post=13726"}],"curies":[{"name":"wp","href":"https:\/\/api.w.org\/{rel}","templated":true}]}}