{"id":13746,"date":"2024-09-13T22:15:07","date_gmt":"2024-09-13T15:15:07","guid":{"rendered":"https:\/\/serverhot.vn\/-product-\/man-hinh-may-tinh-samsung-ls32a700nwexxv-32-inch-4k-va-ma-san-pham-ls32a700nwexxv\/"},"modified":"2024-09-13T22:15:09","modified_gmt":"2024-09-13T15:15:09","slug":"man-hinh-may-tinh-samsung-ls32a700nwexxv-32-inch-4k-va-ma-san-pham-ls32a700nwexxv","status":"publish","type":"product","link":"https:\/\/serverhot.vn\/ur\/-product-\/man-hinh-may-tinh-samsung-ls32a700nwexxv-32-inch-4k-va-ma-san-pham-ls32a700nwexxv\/","title":{"rendered":"M\u00e0n h\u00ecnh m\u00e1y t\u00ednh Samsung LS32A700NWEXXV 32 inch 4K VA M\u00e3 s\u1ea3n ph\u1ea9m: LS32A700NWEXXV"},"content":{"rendered":"<div class=\"showText tabs\" id=\"tab2\">\n<div class=\"box_right_pro_view\">\n<div class=\"thongso_pro a_technical\" style=\"max-height: fit-content\">\n<p>M\u00f4 t\u1ea3 chi ti\u1ebft M\u00e0n h\u00ecnh vi t\u00ednh:<\/p>\n<p>H\u00e3ng s\u1ea3n xu\u1ea5t<\/p>\n<p>Samsung\u00a0<\/p>\n<p>Model<\/p>\n<p>LS32A700NWEXXV<\/p>\n<p>K\u00edch th\u01b0\u1edbc m\u00e0n h\u00ecnh<\/p>\n<p>32 inch<\/p>\n<p>\u0110\u1ed9 ph\u00e2n gi\u1ea3i<\/p>\n<p>UHD (3840 x 2160)<\/p>\n<p>T\u1ec9 l\u1ec7<\/p>\n<p>16:9<\/p>\n<p>T\u1ea5m n\u1ec1n m\u00e0n h\u00ecnh<\/p>\n<p>VA<\/p>\n<p>\u0110\u1ed9 s\u00e1ng<\/p>\n<p>300 cd\/\u33a1<\/p>\n<p>M\u00e0u s\u1eafc hi\u1ec3n th\u1ecb<\/p>\n<p>16.7 tri\u1ec7u m\u00e0u<\/p>\n<p>\u0110\u1ed9 t\u01b0\u01a1ng ph\u1ea3n<\/p>\n<p>2500:1(Typ)<\/p>\n<p>T\u1ea7n s\u1ed1 qu\u00e9t<\/p>\n<p>60Hz<\/p>\n<p>C\u1ed5ng k\u1ebft n\u1ed1i<\/p>\n<p>HDMI\u00ae-in<\/p>\n<p>DisplayPort\u2122<\/p>\n<p>Th\u1eddi gian \u0111\u00e1p \u1ee9ng<\/p>\n<p>5ms<\/p>\n<p>G\u00f3c nh\u00ecn<\/p>\n<p>178\u00b0\/178\u00b0<\/p>\n<p>T\u00ednh n\u0103ng<\/p>\n<p>Eco Saving Plus<\/p>\n<p>Eco Light Sensor<\/p>\n<p>Eye Saver Mode<\/p>\n<p>H\u00ecnh-trong-H\u00ecnh<\/p>\n<p>Flicker Free<\/p>\n<p>Picture-By-Picture<\/p>\n<p>Ch\u1ebf \u0111\u1ed9 ch\u01a1i Game<\/p>\n<p>Image Size<\/p>\n<p>Off Timer Plus<\/p>\n<p>Auto Source Switch<\/p>\n<p>Adaptive Picture<\/p>\n<p>\u0110i\u1ec7n n\u0103ng ti\u00eau th\u1ee5<\/p>\n<p>K\u00edch th\u01b0\u1edbc<\/p>\n<p>716.1 x 424.7 x 41.3 mm (Kh\u00f4ng ch\u00e2n \u0111\u1ebf)<\/p>\n<p>716.1 x 518.5 x 193.5 mm (G\u1ed3m ch\u00e2n \u0111\u1ebf)<\/p>\n<p>C\u00e2n n\u1eb7ng<\/p>\n<p>5 kg (Kh\u00f4ng ch\u00e2n \u0111\u1ebf)<\/p>\n<p>6.1 kg (G\u1ed3m ch\u00e2n \u0111\u1ebf)<\/p>\n<p>Ph\u1ee5 ki\u1ec7n<\/p>\n<p>C\u00e1p ngu\u1ed3n, C\u00e1p HDMI, H\u01b0\u1edbng d\u1eabn s\u1eed d\u1ee5ng,&#8230;<\/p>\n<\/p><\/div>\n<p>                            <!--                            <\/p>\n<div class=\"xemthem_id_r\">--><br \/>\n                            <!--                                <a><!--\/show\/?token=--><br \/>\n                            <!--\"--><br \/>\n                            <!--                                   class=\"preview fancybox fancybox.ajax\" rel=\"nofollow\"&gt;Xem th&#234;m th&#244;ng s&#7889; k&#7929; thu&#7853;t<\/a>--><br \/>\n                            <!--                            <\/div>\n<p>-->\n                        <\/p><\/div>\n<\/p><\/div>","protected":false},"excerpt":{"rendered":"<ul>\n<p><strong>M\u00e0n h\u00ecnh m\u00e1y t\u00ednh Samsung LS32A700NWEXXV 32 inch 4K VA<\/strong><\/p>\n<p>Lo\u1ea1i m\u00e0n h\u00ecnh: M\u00e0n h\u00ecnh ph\u1eb3ng<\/p>\n<p>T\u1ec9 l\u1ec7: 16:9<\/p>\n<p>K\u00edch th\u01b0\u1edbc: 32 inch<\/p>\n<p>T\u1ea5m n\u1ec1n: VA<\/p>\n<p>\u0110\u1ed9 ph\u00e2n gi\u1ea3i: UHD (3840 x 2160)<\/p>\n<p>M\u00e0u s\u1eb7c 1.07 t\u1ef7 m\u00e0u<\/p>\n<p>T\u1ed1c \u0111\u1ed9 l\u00e0m m\u1edbi: 60Hz<\/p>\n<p>Th\u1eddi gian \u0111\u00e1p \u1ee9ng: 5 ms<\/p>\n<p>N\u1ed5i b\u1eadt : HDR10, vesa treo 100mmx100mm , Ch\u1ee9ng nh\u1eadn b\u1ea3o v\u1ec7 m\u1eaft th\u00f4ng minh TUV<\/p>\n<p>C\u1ed5ng k\u1ebft n\u1ed1i: HDMI, DisplayPort<\/p>\n<p>Ph\u1ee5 ki\u1ec7n: C\u00e1p ngu\u1ed3n, C\u00e1p HDMI<\/p>\n<\/ul>","protected":false},"featured_media":13747,"comment_status":"closed","ping_status":"closed","template":"","meta":[],"pwb-brand":[],"product_cat":[2909],"product_tag":[2839,2849],"class_list":{"0":"post-13746","1":"product","2":"type-product","3":"status-publish","4":"has-post-thumbnail","6":"product_cat-man-hinh-may-tinh","7":"product_tag-choi-game","8":"product_tag-switch","10":"first","11":"instock","12":"shipping-taxable","13":"product-type-simple"},"brands":[],"_links":{"self":[{"href":"https:\/\/serverhot.vn\/ur\/wp-json\/wp\/v2\/product\/13746","targetHints":{"allow":["GET"]}}],"collection":[{"href":"https:\/\/serverhot.vn\/ur\/wp-json\/wp\/v2\/product"}],"about":[{"href":"https:\/\/serverhot.vn\/ur\/wp-json\/wp\/v2\/types\/product"}],"replies":[{"embeddable":true,"href":"https:\/\/serverhot.vn\/ur\/wp-json\/wp\/v2\/comments?post=13746"}],"wp:featuredmedia":[{"embeddable":true,"href":"https:\/\/serverhot.vn\/ur\/wp-json\/wp\/v2\/media\/13747"}],"wp:attachment":[{"href":"https:\/\/serverhot.vn\/ur\/wp-json\/wp\/v2\/media?parent=13746"}],"wp:term":[{"taxonomy":"pwb-brand","embeddable":true,"href":"https:\/\/serverhot.vn\/ur\/wp-json\/wp\/v2\/pwb-brand?post=13746"},{"taxonomy":"product_cat","embeddable":true,"href":"https:\/\/serverhot.vn\/ur\/wp-json\/wp\/v2\/product_cat?post=13746"},{"taxonomy":"product_tag","embeddable":true,"href":"https:\/\/serverhot.vn\/ur\/wp-json\/wp\/v2\/product_tag?post=13746"}],"curies":[{"name":"wp","href":"https:\/\/api.w.org\/{rel}","templated":true}]}}