{"id":13798,"date":"2024-10-01T04:45:08","date_gmt":"2024-09-30T21:45:08","guid":{"rendered":"https:\/\/serverhot.vn\/-product-\/may-chieu-epson-eb-2165w-ma-san-pham-eb-2165w\/"},"modified":"2024-10-01T04:45:10","modified_gmt":"2024-09-30T21:45:10","slug":"may-chieu-epson-eb-2165w-ma-san-pham-eb-2165w","status":"publish","type":"product","link":"https:\/\/serverhot.vn\/ur\/-product-\/may-chieu-epson-eb-2165w-ma-san-pham-eb-2165w\/","title":{"rendered":"Ma\u0301y Chi\u00ea\u0301u Epson EB-2165W M\u00e3 s\u1ea3n ph\u1ea9m: EB-2165W"},"content":{"rendered":"<div id=\"tab2\" style=\"color: #222222;font-family: arial, verdana, sans-serif;font-size: 14px;background-color: #ffffff\">\n<div class=\"nd\" style=\"line-height: 1.5;text-align: justify;max-width: 965px;margin: 0px auto;width: 780px;height: auto;overflow: hidden\">\n<p>M\u00e1y chi\u1ebfu Epson EB-2165W thu\u1ed9c d\u00f2ng s\u1ea3n ph\u1ea9m m\u00e1y chi\u1ebfu \u0111\u1ed9 s\u00e1ng cao, Epson EB-2165W s\u1edf h\u1eefu \u0111\u1ed9 s\u00e1ng 5500 Ansilumens, chuy\u00ean d\u1ee5ng cho ph\u00f2ng chi\u1ebfu c\u00f3 di\u1ec7n t\u00edch l\u1edbn v\u00e0 nhi\u1ec1u \u00e1nh s\u00e1ng \u0111\u00e8n, \u00e1nh s\u00e1ng m\u00f4i tr\u01b0\u1eddng t\u1ef1 nhi\u1ec7n. M\u00e1y chi\u1ebfu Epson EB-2155W \u0111\u01b0\u1ee3c ph\u00e1t tri\u1ec3n tr\u00ean c\u00f4ng ngh\u1ec7 3LCD, h\u00ecnh \u1ea3nh tr\u00ecnh chi\u1ebfu c\u00f3 t\u00f4ng m\u00e0u t\u01b0\u01a1i s\u00e1ng v\u00e0 m\u00e0u s\u1eafc trung th\u1ef1c.<\/p>\n<\/div>\n<div class=\"clear\" style=\"clear: both\">\u00a0<\/div>\n<\/div>\n<div class=\"showText tabs\" id=\"tab2\">\n                                    <\/div>","protected":false},"excerpt":{"rendered":"<ul>\n<ul>\n<li>\u0110\u00f4\u0323 sa\u0301ng: 5500 ANSI Lumens<\/li>\n<li>\u0110\u00f4\u0323 t\u01b0\u01a1ng pha\u0309n: 15000:1<\/li>\n<li>\u0110\u00f4\u0323 ph\u00e2n gia\u0309i: WXGA (1280&#215;800)<\/li>\n<li>Tu\u00f4\u0309i tho\u0323 \u0111e\u0300n: B\u00f3ng \u0111\u00e8n: UHE 300W. Tu\u00f4\u0309i tho\u0323 b\u00f3ng \u0111\u00e8n: L\u00ean t\u01a1\u0301i 10000h<\/li>\n<li>C\u00e2n n\u0103\u0323ng: 4.7 Kg<\/li>\n<\/ul>\n<\/ul>","protected":false},"featured_media":13799,"comment_status":"closed","ping_status":"closed","template":"","meta":[],"pwb-brand":[],"product_cat":[2910],"product_tag":[55],"class_list":{"0":"post-13798","1":"product","2":"type-product","3":"status-publish","4":"has-post-thumbnail","6":"product_cat-thiet-bi-van-phong","7":"product_tag-run","9":"first","10":"instock","11":"shipping-taxable","12":"product-type-simple"},"brands":[],"_links":{"self":[{"href":"https:\/\/serverhot.vn\/ur\/wp-json\/wp\/v2\/product\/13798","targetHints":{"allow":["GET"]}}],"collection":[{"href":"https:\/\/serverhot.vn\/ur\/wp-json\/wp\/v2\/product"}],"about":[{"href":"https:\/\/serverhot.vn\/ur\/wp-json\/wp\/v2\/types\/product"}],"replies":[{"embeddable":true,"href":"https:\/\/serverhot.vn\/ur\/wp-json\/wp\/v2\/comments?post=13798"}],"wp:featuredmedia":[{"embeddable":true,"href":"https:\/\/serverhot.vn\/ur\/wp-json\/wp\/v2\/media\/13799"}],"wp:attachment":[{"href":"https:\/\/serverhot.vn\/ur\/wp-json\/wp\/v2\/media?parent=13798"}],"wp:term":[{"taxonomy":"pwb-brand","embeddable":true,"href":"https:\/\/serverhot.vn\/ur\/wp-json\/wp\/v2\/pwb-brand?post=13798"},{"taxonomy":"product_cat","embeddable":true,"href":"https:\/\/serverhot.vn\/ur\/wp-json\/wp\/v2\/product_cat?post=13798"},{"taxonomy":"product_tag","embeddable":true,"href":"https:\/\/serverhot.vn\/ur\/wp-json\/wp\/v2\/product_tag?post=13798"}],"curies":[{"name":"wp","href":"https:\/\/api.w.org\/{rel}","templated":true}]}}