{"id":13822,"date":"2024-10-02T04:30:11","date_gmt":"2024-10-01T21:30:11","guid":{"rendered":"https:\/\/serverhot.vn\/-product-\/chuot-may-tinh-khong-day-dell-wm126-den-ma-san-pham-wm126\/"},"modified":"2024-10-02T04:30:12","modified_gmt":"2024-10-01T21:30:12","slug":"chuot-may-tinh-khong-day-dell-wm126-den-ma-san-pham-wm126","status":"publish","type":"product","link":"https:\/\/serverhot.vn\/ur\/-product-\/chuot-may-tinh-khong-day-dell-wm126-den-ma-san-pham-wm126\/","title":{"rendered":"Chu\u1ed9t m\u00e1y t\u00ednh kh\u00f4ng d\u00e2y Dell WM126 (\u0110en) M\u00e3 s\u1ea3n ph\u1ea9m: WM126"},"content":{"rendered":"<div class=\"showText tabs\" id=\"tab2\">\n<div class=\"box_right_pro_view\">\n<div class=\"thongso_pro a_technical\" style=\"max-height: fit-content\">\n<table border=\"1\" width=\"100%\" cellspacing=\"0\" cellpadding=\"0\">\n<tbody>\n<tr>\n<td width=\"177\"><span>S\u1ea3n ph\u1ea9m<\/span><\/td>\n<td width=\"514\"><span>Chu\u00f4\u0323t kh\u00f4ng d\u00e2y<\/span><\/td>\n<\/tr>\n<tr>\n<td><span>H\u00e3ng s\u1ea3n xu\u1ea5t<\/span><\/td>\n<td><span>Dell<\/span><\/td>\n<\/tr>\n<tr>\n<td><span>M\u00e3 s\u1ea3n ph\u1eabm<\/span><\/td>\n<td><span>WM126<\/span><\/td>\n<\/tr>\n<tr>\n<td><span>Ki\u00ea\u0309u k\u00ea\u0301t n\u00f4\u0301i<\/span><\/td>\n<td><span>Kh\u00f4ng d\u00e2y<\/span><\/td>\n<\/tr>\n<tr>\n<td><span>Chu\u00e2\u0309n giao ti\u00ea\u0301p<\/span><\/td>\n<td><span>USB-Wireless<\/span><\/td>\n<\/tr>\n<tr>\n<td>\n<p><span>\u0110\u1ed9 ph\u00e2n gi\u1ea3i<\/span><\/p>\n<\/td>\n<td><span>1000dpi<\/span><\/td>\n<\/tr>\n<tr>\n<td><span>Ph\u00edm ch\u1ee9c n\u0103ng<\/span><\/td>\n<td><span>Standard<\/span><\/td>\n<\/tr>\n<tr>\n<td><span>Ph\u1ea1m vi ho\u1ea1t \u0111\u1ed9ng<\/span><\/td>\n<td><span>10m<\/span><\/td>\n<\/tr>\n<tr>\n<td><span>M\u00e0u<\/span><\/td>\n<td><span>\u0110en<\/span><\/td>\n<\/tr>\n<tr>\n<td><span>Lo\u1ea1i pin<\/span><\/td>\n<td><span>AA<\/span><\/td>\n<\/tr>\n<tr>\n<td><span>\u0110\u0103\u0323c \u0111i\u00ea\u0309m kh\u00e1c<\/span><\/td>\n<td><span>Thi\u00ea\u0301t k\u00ea\u0301 nho\u0309 go\u0323n<\/span><\/td>\n<\/tr>\n<\/tbody>\n<\/table><\/div>\n<p>                            <!--                            <\/p>\n<div class=\"xemthem_id_r\">--><br \/>\n                            <!--                                <a><!--\/show\/?token=--><br \/>\n                            <!--\"--><br \/>\n                            <!--                                   class=\"preview fancybox fancybox.ajax\" rel=\"nofollow\"&gt;Xem th&#234;m th&#244;ng s&#7889; k&#7929; thu&#7853;t<\/a>--><br \/>\n                            <!--                            <\/div>\n<p>-->\n                        <\/p><\/div>\n<\/p><\/div>","protected":false},"excerpt":{"rendered":"<ul>\n<ul>\n<li style=\"text-align: justify\"><span style=\"font-size: 18px\">Ki\u00ea\u0309u k\u00ea\u0301t n\u00f4\u0301i: Kh\u00f4ng d\u00e2y<\/span><\/li>\n<li style=\"text-align: justify\"><span style=\"font-size: 18px\">C\u00f4ng ngh\u1ec7 : 2.4GHz Wireless <\/span><\/li>\n<li style=\"text-align: justify\"><span style=\"font-size: 18px\">Ph\u1ea1m vi ho\u1ea1t \u0111\u1ed9ng: 10m <\/span><\/li>\n<li style=\"text-align: justify\"><span style=\"font-size: 18px\">\u0110\u1ed9 ph\u00e2n gi\u1ea3i: 1000dpi <\/span><\/li>\n<li style=\"text-align: justify\"><span style=\"font-size: 18px\">Lo\u1ea1i pin: AA<\/span><\/li>\n<li style=\"text-align: justify\"><span style=\"font-size: 18px\">M\u00e0u s\u1eafc : m\u00e0u \u0110en<\/span><\/li>\n<\/ul>\n<\/ul>","protected":false},"featured_media":13823,"comment_status":"closed","ping_status":"closed","template":"","meta":[],"pwb-brand":[],"product_cat":[2910],"product_tag":[2852],"class_list":{"0":"post-13822","1":"product","2":"type-product","3":"status-publish","4":"has-post-thumbnail","6":"product_cat-thiet-bi-van-phong","7":"product_tag-wireless","9":"first","10":"instock","11":"shipping-taxable","12":"product-type-simple"},"brands":[],"_links":{"self":[{"href":"https:\/\/serverhot.vn\/ur\/wp-json\/wp\/v2\/product\/13822","targetHints":{"allow":["GET"]}}],"collection":[{"href":"https:\/\/serverhot.vn\/ur\/wp-json\/wp\/v2\/product"}],"about":[{"href":"https:\/\/serverhot.vn\/ur\/wp-json\/wp\/v2\/types\/product"}],"replies":[{"embeddable":true,"href":"https:\/\/serverhot.vn\/ur\/wp-json\/wp\/v2\/comments?post=13822"}],"wp:featuredmedia":[{"embeddable":true,"href":"https:\/\/serverhot.vn\/ur\/wp-json\/wp\/v2\/media\/13823"}],"wp:attachment":[{"href":"https:\/\/serverhot.vn\/ur\/wp-json\/wp\/v2\/media?parent=13822"}],"wp:term":[{"taxonomy":"pwb-brand","embeddable":true,"href":"https:\/\/serverhot.vn\/ur\/wp-json\/wp\/v2\/pwb-brand?post=13822"},{"taxonomy":"product_cat","embeddable":true,"href":"https:\/\/serverhot.vn\/ur\/wp-json\/wp\/v2\/product_cat?post=13822"},{"taxonomy":"product_tag","embeddable":true,"href":"https:\/\/serverhot.vn\/ur\/wp-json\/wp\/v2\/product_tag?post=13822"}],"curies":[{"name":"wp","href":"https:\/\/api.w.org\/{rel}","templated":true}]}}