{"id":13860,"date":"2024-10-08T05:45:07","date_gmt":"2024-10-07T22:45:07","guid":{"rendered":"https:\/\/serverhot.vn\/-product-\/thiet-bi-phat-song-wi-fi-fortiap-443k-ma-san-pham-fap-443k\/"},"modified":"2024-10-08T05:45:09","modified_gmt":"2024-10-07T22:45:09","slug":"thiet-bi-phat-song-wi-fi-fortiap-443k-ma-san-pham-fap-443k","status":"publish","type":"product","link":"https:\/\/serverhot.vn\/ur\/-product-\/thiet-bi-phat-song-wi-fi-fortiap-443k-ma-san-pham-fap-443k\/","title":{"rendered":"Thi\u1ebft b\u1ecb ph\u00e1t s\u00f3ng Wi-Fi FortiAP-443K M\u00e3 s\u1ea3n ph\u1ea9m: FAP-443K"},"content":{"rendered":"<div class=\"showText tabs\" id=\"tab2\">\n                                    <\/div>","protected":false},"excerpt":{"rendered":"<ul>\n<p><strong>Thi\u1ebft b\u1ecb ph\u00e1t s\u00f3ng Wi-Fi FortiAP-443K<\/strong><\/p>\n<ul style=\"list-style-type: square\">\n<li>Lo\u1ea1i: \u0110i\u1ec3m truy c\u1eadp kh\u00f4ng d\u00e2y trong nh\u00e0 v\u1edbi b\u1ed1n radio<\/li>\n<li>Ti\u00eau chu\u1ea9n Wi-Fi: H\u1ed7 tr\u1ee3 Wi-Fi 7 (11be)<\/li>\n<li>D\u1ea3i t\u1ea7n s\u1ed1: Ho\u1ea1t \u0111\u1ed9ng tr\u00ean c\u00e1c b\u0103ng t\u1ea7n 2.4 GHz, 5 GHz, v\u00e0 6 GHz<\/li>\n<li>MIMO: 4&#215;4 MIMO t\u0103ng c\u01b0\u1eddng v\u00f9ng ph\u1ee7 s\u00f3ng v\u00e0 c\u00f4ng su\u1ea5t kh\u00f4ng d\u00e2y<\/li>\n<li>C\u1ed5ng Ethernet: 2 c\u1ed5ng Ethernet 10 Gigabit<\/li>\n<li>T\u00ednh n\u0103ng b\u1ea3o m\u1eadt: T\u00edch h\u1ee3p t\u01b0\u1eddng l\u1eeda, h\u1ec7 th\u1ed1ng ng\u0103n ch\u1eb7n x\u00e2m nh\u1eadp (IPS), ki\u1ec3m so\u00e1t \u1ee9ng d\u1ee5ng, v\u00e0 l\u1ecdc web<\/li>\n<li>Qu\u1ea3n l\u00fd: C\u00f3 th\u1ec3 \u0111\u01b0\u1ee3c qu\u1ea3n l\u00fd t\u1eadp trung qua c\u00e1c thi\u1ebft b\u1ecb b\u1ea3o m\u1eadt FortiGate ho\u1eb7c FortiLAN Cloud<\/li>\n<li>C\u1ed5ng k\u1ebft n\u1ed1i: Bao g\u1ed3m c\u1ed5ng USB Type A, c\u1ed5ng RS-232 RJ45 Serial, v\u00e0 \u0103ng-ten ngo\u00e0i<\/li>\n<li>G\u1eafn k\u1ebft: B\u1ed9 d\u1ee5ng c\u1ee5 g\u1eafn tr\u1ea7n\/t\u01b0\u1eddng k\u00e8m theo<\/li>\n<li>Ngu\u1ed3n \u0111i\u1ec7n: Y\u00eau c\u1ea7u b\u1ed9 c\u1ea5p ngu\u1ed3n PoE 802.3bt (GPI-145)<\/li>\n<\/ul>\n<\/ul>","protected":false},"featured_media":13861,"comment_status":"closed","ping_status":"closed","template":"","meta":[],"pwb-brand":[],"product_cat":[2908],"product_tag":[55],"class_list":{"0":"post-13860","1":"product","2":"type-product","3":"status-publish","4":"has-post-thumbnail","6":"product_cat-fortinet","7":"product_tag-run","9":"first","10":"instock","11":"shipping-taxable","12":"product-type-simple"},"brands":[],"_links":{"self":[{"href":"https:\/\/serverhot.vn\/ur\/wp-json\/wp\/v2\/product\/13860","targetHints":{"allow":["GET"]}}],"collection":[{"href":"https:\/\/serverhot.vn\/ur\/wp-json\/wp\/v2\/product"}],"about":[{"href":"https:\/\/serverhot.vn\/ur\/wp-json\/wp\/v2\/types\/product"}],"replies":[{"embeddable":true,"href":"https:\/\/serverhot.vn\/ur\/wp-json\/wp\/v2\/comments?post=13860"}],"wp:featuredmedia":[{"embeddable":true,"href":"https:\/\/serverhot.vn\/ur\/wp-json\/wp\/v2\/media\/13861"}],"wp:attachment":[{"href":"https:\/\/serverhot.vn\/ur\/wp-json\/wp\/v2\/media?parent=13860"}],"wp:term":[{"taxonomy":"pwb-brand","embeddable":true,"href":"https:\/\/serverhot.vn\/ur\/wp-json\/wp\/v2\/pwb-brand?post=13860"},{"taxonomy":"product_cat","embeddable":true,"href":"https:\/\/serverhot.vn\/ur\/wp-json\/wp\/v2\/product_cat?post=13860"},{"taxonomy":"product_tag","embeddable":true,"href":"https:\/\/serverhot.vn\/ur\/wp-json\/wp\/v2\/product_tag?post=13860"}],"curies":[{"name":"wp","href":"https:\/\/api.w.org\/{rel}","templated":true}]}}