{"id":14409,"date":"2024-11-12T05:45:09","date_gmt":"2024-11-11T22:45:09","guid":{"rendered":"https:\/\/serverhot.vn\/-product-\/card-do-hoa-leadtek-nvidia-quadro-t400-4gb-ma-san-pham-t400-4gb-tm\/"},"modified":"2024-11-12T05:45:12","modified_gmt":"2024-11-11T22:45:12","slug":"card-do-hoa-leadtek-nvidia-quadro-t400-4gb-ma-san-pham-t400-4gb-tm","status":"publish","type":"product","link":"https:\/\/serverhot.vn\/ur\/-product-\/card-do-hoa-leadtek-nvidia-quadro-t400-4gb-ma-san-pham-t400-4gb-tm\/","title":{"rendered":"Card \u0111\u1ed3 h\u1ecda Leadtek NVIDIA Quadro T400 4GB M\u00e3 s\u1ea3n ph\u1ea9m: T400-4GB-TM"},"content":{"rendered":"<div class=\"showText tabs\" id=\"tab2\">\n<div class=\"box_right_pro_view\">\n<div class=\"thongso_pro a_technical\" style=\"max-height: fit-content\">\n<p>Th\u00f4ng tin chung<\/p>\n<p>Chip \u0111\u1ed3 h\u1ecda<span> <\/span>Quadro T400<\/p>\n<p>B\u1ed9 nh\u1edb trong<span> <\/span>4GB<\/p>\n<p>Ki\u1ec3u b\u1ed9 nh\u1edb<span> <\/span>GDDR6<\/p>\n<p>Bus<span> <\/span>64 bit<\/p>\n<p>Core Clock<span> <\/span>S\u1ed1 nh\u00e2n CUDA:384,B\u0103ng th\u00f4ng b\u1ed9 nh\u1edb:Up to 80 GB\/s<\/p>\n<p>DirectX<span> <\/span>DirectX 12<\/p>\n<p>Chu\u1ea9n khe c\u1eafm<span> <\/span>PCIE 3.0<\/p>\n<p>C\u1ed5ng giao ti\u1ebfp<span> <\/span>3 x miniDisplayPort 1.4<\/p>\n<p>C\u00f4ng su\u1ea5t ngu\u1ed3n y\u00eau c\u1ea7u<span> <\/span>350W<\/p>\n<p>Th\u00f4ng tin kh\u00e1c<\/p>\n<p>K\u00edch th\u01b0\u1edbc<span> <\/span>2.713\u201d H x 6.137\u201d L, Single Slot<\/p>\n<p>M\u00f4 t\u1ea3 kh\u00e1c<span> <\/span>\u0110ang c\u1eadp nh\u1eadt<\/p>\n<p>Ph\u1ee5 ki\u1ec7n k\u00e8m theo<span> <\/span>T\u00e0i li\u1ec7u h\u01b0\u1edbng d\u1eabn, \u0111\u0129a CD c\u00e0i \u0111\u1eb7t&#8230;<\/p>\n<\/p><\/div>\n<p>                            <!--                            <\/p>\n<div class=\"xemthem_id_r\">--><br \/>\n                            <!--                                <a><!--\/show\/?token=--><br \/>\n                            <!--\"--><br \/>\n                            <!--                                   class=\"preview fancybox fancybox.ajax\" rel=\"nofollow\"&gt;Xem th&#234;m th&#244;ng s&#7889; k&#7929; thu&#7853;t<\/a>--><br \/>\n                            <!--                            <\/div>\n<p>-->\n                        <\/p><\/div>\n<\/p><\/div>","protected":false},"excerpt":{"rendered":"<ul>\n<p>Dung l\u01b0\u1ee3ng b\u1ed9 nh\u1edb: 4GB GDDR6<\/p>\n<p>B\u0103ng th\u00f4ng: 64-bit<\/p>\n<p>Ngu\u1ed3n y\u00eau c\u1ea7u: 450W<\/p>\n<p>C\u1ed5ng k\u1ebft n\u1ed1i: Mini Display Port x 3<\/p>\n<\/ul>","protected":false},"featured_media":14410,"comment_status":"closed","ping_status":"closed","template":"","meta":[],"pwb-brand":[],"product_cat":[2914],"product_tag":[],"class_list":{"0":"post-14409","1":"product","2":"type-product","3":"status-publish","4":"has-post-thumbnail","6":"product_cat-vga-card-man-hinh","8":"first","9":"instock","10":"shipping-taxable","11":"product-type-simple"},"brands":[],"_links":{"self":[{"href":"https:\/\/serverhot.vn\/ur\/wp-json\/wp\/v2\/product\/14409","targetHints":{"allow":["GET"]}}],"collection":[{"href":"https:\/\/serverhot.vn\/ur\/wp-json\/wp\/v2\/product"}],"about":[{"href":"https:\/\/serverhot.vn\/ur\/wp-json\/wp\/v2\/types\/product"}],"replies":[{"embeddable":true,"href":"https:\/\/serverhot.vn\/ur\/wp-json\/wp\/v2\/comments?post=14409"}],"wp:featuredmedia":[{"embeddable":true,"href":"https:\/\/serverhot.vn\/ur\/wp-json\/wp\/v2\/media\/14410"}],"wp:attachment":[{"href":"https:\/\/serverhot.vn\/ur\/wp-json\/wp\/v2\/media?parent=14409"}],"wp:term":[{"taxonomy":"pwb-brand","embeddable":true,"href":"https:\/\/serverhot.vn\/ur\/wp-json\/wp\/v2\/pwb-brand?post=14409"},{"taxonomy":"product_cat","embeddable":true,"href":"https:\/\/serverhot.vn\/ur\/wp-json\/wp\/v2\/product_cat?post=14409"},{"taxonomy":"product_tag","embeddable":true,"href":"https:\/\/serverhot.vn\/ur\/wp-json\/wp\/v2\/product_tag?post=14409"}],"curies":[{"name":"wp","href":"https:\/\/api.w.org\/{rel}","templated":true}]}}