{"id":14425,"date":"2024-11-20T03:00:17","date_gmt":"2024-11-19T20:00:17","guid":{"rendered":"https:\/\/serverhot.vn\/-product-\/man-hinh-lg-24ms550-b-23-8-inch-ips-fhd-100hz-5ms-ma-san-pham-24ms550-b\/"},"modified":"2024-11-20T03:00:27","modified_gmt":"2024-11-19T20:00:27","slug":"man-hinh-lg-24ms550-b-23-8-inch-ips-fhd-100hz-5ms-ma-san-pham-24ms550-b","status":"publish","type":"product","link":"https:\/\/serverhot.vn\/ur\/-product-\/man-hinh-lg-24ms550-b-23-8-inch-ips-fhd-100hz-5ms-ma-san-pham-24ms550-b\/","title":{"rendered":"M\u00e0n H\u00ecnh LG 24MS550-B (23.8 inch &#8211; IPS &#8211; FHD &#8211; 100Hz &#8211; 5ms) M\u00e3 s\u1ea3n ph\u1ea9m: 24MS550-B"},"content":{"rendered":"<div class=\"showText tabs\" id=\"tab2\">\n                                    <\/div>","protected":false},"excerpt":{"rendered":"<ul>\n<ul>\n<li>K\u00edch th\u01b0\u1edbc m\u00e0n h\u00ecnh: 23.8 inch<\/li>\n<li>T\u1ea5m n\u1ec1n: IPS, g\u00f3c nh\u00ecn r\u1ed9ng, hi\u1ec3n th\u1ecb m\u00e0u s\u1eafc ch\u00ednh x\u00e1c<\/li>\n<li>\u0110\u1ed9 ph\u00e2n gi\u1ea3i: Full HD (1920 x 1080), h\u00ecnh \u1ea3nh s\u1eafc n\u00e9t<\/li>\n<li>T\u1ea7n s\u1ed1 qu\u00e9t: 100Hz, m\u01b0\u1ee3t m\u00e0 trong c\u00e1c chuy\u1ec3n \u0111\u1ed9ng<\/li>\n<li>Th\u1eddi gian ph\u1ea3n h\u1ed3i: 5ms (GTG), gi\u1ea3m thi\u1ec3u hi\u1ec7n t\u01b0\u1ee3ng b\u00f3ng m\u1edd<\/li>\n<\/ul>\n<\/ul>","protected":false},"featured_media":14426,"comment_status":"closed","ping_status":"closed","template":"","meta":[],"pwb-brand":[],"product_cat":[2909],"product_tag":[],"class_list":{"0":"post-14425","1":"product","2":"type-product","3":"status-publish","4":"has-post-thumbnail","6":"product_cat-man-hinh-may-tinh","8":"first","9":"instock","10":"shipping-taxable","11":"product-type-simple"},"brands":[],"_links":{"self":[{"href":"https:\/\/serverhot.vn\/ur\/wp-json\/wp\/v2\/product\/14425","targetHints":{"allow":["GET"]}}],"collection":[{"href":"https:\/\/serverhot.vn\/ur\/wp-json\/wp\/v2\/product"}],"about":[{"href":"https:\/\/serverhot.vn\/ur\/wp-json\/wp\/v2\/types\/product"}],"replies":[{"embeddable":true,"href":"https:\/\/serverhot.vn\/ur\/wp-json\/wp\/v2\/comments?post=14425"}],"wp:featuredmedia":[{"embeddable":true,"href":"https:\/\/serverhot.vn\/ur\/wp-json\/wp\/v2\/media\/14426"}],"wp:attachment":[{"href":"https:\/\/serverhot.vn\/ur\/wp-json\/wp\/v2\/media?parent=14425"}],"wp:term":[{"taxonomy":"pwb-brand","embeddable":true,"href":"https:\/\/serverhot.vn\/ur\/wp-json\/wp\/v2\/pwb-brand?post=14425"},{"taxonomy":"product_cat","embeddable":true,"href":"https:\/\/serverhot.vn\/ur\/wp-json\/wp\/v2\/product_cat?post=14425"},{"taxonomy":"product_tag","embeddable":true,"href":"https:\/\/serverhot.vn\/ur\/wp-json\/wp\/v2\/product_tag?post=14425"}],"curies":[{"name":"wp","href":"https:\/\/api.w.org\/{rel}","templated":true}]}}