{"id":14491,"date":"2024-12-05T16:00:22","date_gmt":"2024-12-05T09:00:22","guid":{"rendered":"https:\/\/serverhot.vn\/-product-\/may-tinh-all-in-one-hp-proone-440-g9-8w8l0pa-intel-core-i5-13500t-8gb-512gb-intel-uhd-23-8-inch-win-11-home-ma-san-pham-8w8l0pa\/"},"modified":"2024-12-05T16:00:27","modified_gmt":"2024-12-05T09:00:27","slug":"may-tinh-all-in-one-hp-proone-440-g9-8w8l0pa-intel-core-i5-13500t-8gb-512gb-intel-uhd-23-8-inch-win-11-home-ma-san-pham-8w8l0pa","status":"publish","type":"product","link":"https:\/\/serverhot.vn\/ur\/-product-\/may-tinh-all-in-one-hp-proone-440-g9-8w8l0pa-intel-core-i5-13500t-8gb-512gb-intel-uhd-23-8-inch-win-11-home-ma-san-pham-8w8l0pa\/","title":{"rendered":"M\u00e1y t\u00ednh All in one HP ProOne 440 G9 8W8L0PA (Intel Core i5-13500T | 8GB | 512GB | Intel UHD | 23.8 inch | Win 11 Home) M\u00e3 s\u1ea3n ph\u1ea9m: 8W8L0PA"},"content":{"rendered":"<div class=\"showText tabs\" id=\"tab2\">\n<div class=\"box_right_pro_view\">\n<div class=\"thongso_pro a_technical\" style=\"max-height: fit-content\">\n<p>Sa\u0309n ph\u00e2\u0309m<\/p>\n<p>\u00a0<\/p>\n<p>Ma\u0301y ti\u0301nh All in One<\/p>\n<p>\u00a0<\/p>\n<p>T\u00ean Ha\u0303ng<\/p>\n<p>\u00a0<\/p>\n<p>All in one HP<\/p>\n<p>\u00a0<\/p>\n<p>Model<\/p>\n<p>\u00a0<\/p>\n<p>All in one HP ProOne 440 G9 8W8L0PA<\/p>\n<p>B\u00f4\u0323 VXL<\/p>\n<p>\u00a0<\/p>\n<p>Intel Core i5-13500T (Upto 4.6GHz, 14 nh\u00e2n, 20 lu\u1ed3ng, 24MB)<\/p>\n<p>\u00a0<\/p>\n<p>Ca\u0323c \u0111\u00f4\u0300 ho\u0323a<\/p>\n<p>\u00a0<\/p>\n<p>Intel UHD Graphics 770<\/p>\n<p>\u00a0<\/p>\n<p>M\u00e0n h\u00ecnh<\/p>\n<p>\u00a0<\/p>\n<p>23.8 inch FHD (1920 x 1080), Non Touch, IPS, anti-glare, Low Blue<\/p>\n<p>\u00a0<\/p>\n<p>B\u00f4\u0323 nh\u01a1\u0301<\/p>\n<p>\u00a0<\/p>\n<p>8 GB DDR4-3200 MHz RAM (1 x 8 GB)<\/p>\n<p>(2 SODIMM)<\/p>\n<p>\u00d4\u0309 c\u01b0\u0301ng<\/p>\n<p>\u00a0<\/p>\n<p>512 GB PCIe\u00ae NVMe\u2122 SSD<\/p>\n<p>\u00a0<\/p>\n<p>K\u00ea\u0301t n\u00f4\u0301i ma\u0323ng<\/p>\n<p>\u00a0<\/p>\n<p>Intel\u00ae Wi-Fi 6E AX211 (2&#215;2) and Bluetooth\u00ae 5.3<\/p>\n<p>\u00a0<\/p>\n<p>1 RJ-45<\/p>\n<p>\u00a0<\/p>\n<p>Phu\u0323 ki\u00ea\u0323n<\/p>\n<p>\u00a0<\/p>\n<p>HP USB 320K Keyboard<\/p>\n<p>\u00a0<\/p>\n<p>Camera<\/p>\n<p>\u00a0<\/p>\n<p>5 MP camera (pull-up) with integrated dual array digital microphones<\/p>\n<p>\u00a0<\/p>\n<p>C\u00f4\u0309ng giao ti\u00ea\u0301p<\/p>\n<p>\u00a0<\/p>\n<p>1 RJ-45; 1 HDMI 1.4; 2 SuperSpeed USB Type-A 5Gbps signaling rate (charging); 2 SuperSpeed USB Type-A 10Gbps signaling rate (charging); 1 DisplayPort\u2122 1.4a<\/p>\n<p>\u00a0<\/p>\n<p>H\u00ea\u0323 \u0111i\u00ea\u0300u ha\u0300nh<\/p>\n<p>\u00a0<\/p>\n<p>Windows 11 Home<\/p>\n<\/p><\/div>\n<p>                            <!--                            <\/p>\n<div class=\"xemthem_id_r\">--><br \/>\n                            <!--                                <a><!--\/show\/?token=--><br \/>\n                            <!--\"--><br \/>\n                            <!--                                   class=\"preview fancybox fancybox.ajax\" rel=\"nofollow\"&gt;Xem th&#234;m th&#244;ng s&#7889; k&#7929; thu&#7853;t<\/a>--><br \/>\n                            <!--                            <\/div>\n<p>-->\n                        <\/p><\/div>\n<\/p><\/div>","protected":false},"excerpt":{"rendered":"<ul>\n<p>CPU: Intel Core i5-13500T (24MB, up to 4.60GHz)<\/p>\n<p>RAM: 8GB (1 x 8GB) DDR4-3200MHz (2 khe)<\/p>\n<p>\u1ed4 c\u1ee9ng: 512GB PCIe\u00ae NVMe SSD<\/p>\n<p>VGA: Intel UHD Graphics 770<\/p>\n<\/ul>","protected":false},"featured_media":14492,"comment_status":"closed","ping_status":"closed","template":"","meta":[],"pwb-brand":[],"product_cat":[2887],"product_tag":[],"class_list":{"0":"post-14491","1":"product","2":"type-product","3":"status-publish","4":"has-post-thumbnail","6":"product_cat-hp","8":"first","9":"instock","10":"shipping-taxable","11":"product-type-simple"},"brands":[],"_links":{"self":[{"href":"https:\/\/serverhot.vn\/ur\/wp-json\/wp\/v2\/product\/14491","targetHints":{"allow":["GET"]}}],"collection":[{"href":"https:\/\/serverhot.vn\/ur\/wp-json\/wp\/v2\/product"}],"about":[{"href":"https:\/\/serverhot.vn\/ur\/wp-json\/wp\/v2\/types\/product"}],"replies":[{"embeddable":true,"href":"https:\/\/serverhot.vn\/ur\/wp-json\/wp\/v2\/comments?post=14491"}],"wp:featuredmedia":[{"embeddable":true,"href":"https:\/\/serverhot.vn\/ur\/wp-json\/wp\/v2\/media\/14492"}],"wp:attachment":[{"href":"https:\/\/serverhot.vn\/ur\/wp-json\/wp\/v2\/media?parent=14491"}],"wp:term":[{"taxonomy":"pwb-brand","embeddable":true,"href":"https:\/\/serverhot.vn\/ur\/wp-json\/wp\/v2\/pwb-brand?post=14491"},{"taxonomy":"product_cat","embeddable":true,"href":"https:\/\/serverhot.vn\/ur\/wp-json\/wp\/v2\/product_cat?post=14491"},{"taxonomy":"product_tag","embeddable":true,"href":"https:\/\/serverhot.vn\/ur\/wp-json\/wp\/v2\/product_tag?post=14491"}],"curies":[{"name":"wp","href":"https:\/\/api.w.org\/{rel}","templated":true}]}}