{"id":14493,"date":"2024-12-05T16:15:38","date_gmt":"2024-12-05T09:15:38","guid":{"rendered":"https:\/\/serverhot.vn\/-product-\/may-tinh-aio-hp-eliteone-840-g9-8w2z2pa-i5-13500-8gb-512gb-ssd-23-8inch-key-mouse-win11-home-3y-ma-san-pham-8w2z2pa\/"},"modified":"2024-12-05T16:16:06","modified_gmt":"2024-12-05T09:16:06","slug":"may-tinh-aio-hp-eliteone-840-g9-8w2z2pa-i5-13500-8gb-512gb-ssd-23-8inch-key-mouse-win11-home-3y-ma-san-pham-8w2z2pa","status":"publish","type":"product","link":"https:\/\/serverhot.vn\/ur\/-product-\/may-tinh-aio-hp-eliteone-840-g9-8w2z2pa-i5-13500-8gb-512gb-ssd-23-8inch-key-mouse-win11-home-3y-ma-san-pham-8w2z2pa\/","title":{"rendered":"M\u00e1y t\u00ednh AIO HP Eliteone 840 G9 8W2Z2PA (I5 13500\/ 8GB\/ 512GB SSD\/ 23.8inch\/ Key\/ Mouse\/ Win11 Home\/ 3Y) M\u00e3 s\u1ea3n ph\u1ea9m: 8W2Z2PA"},"content":{"rendered":"<div class=\"showText tabs\" id=\"tab2\">\n<div class=\"box_right_pro_view\">\n<div class=\"thongso_pro a_technical\" style=\"max-height: fit-content\">\n<p>D\u00f2ng CPU<span> <\/span>Core i5<\/p>\n<p>C\u00f4ng ngh\u1ec7 CPU<span> <\/span><\/p>\n<p>M\u00e3 CPU<span> <\/span>Core i5 13500<\/p>\n<p>T\u1ed1c \u0111\u1ed9 CPU<span> <\/span>2.5GHz<\/p>\n<p>T\u1ea7n s\u1ed1 turbo t\u1ed1i \u0111a<span> <\/span>4.8GHz<\/p>\n<p>S\u1ed1 l\u00f5i CPU<span> <\/span>14 Cores<\/p>\n<p>S\u1ed1 lu\u1ed3ng<span> <\/span>20 Threads<\/p>\n<p>B\u1ed9 nh\u1edb \u0111\u1ec7m<span> <\/span>24Mb<\/p>\n<p>B\u1ea3o h\u00e0nh<span> <\/span>B\u1ea3o h\u00e0nh 3 n\u0103m<\/p>\n<p>B\u1ed9 x\u1eed l\u00fd<\/p>\n<p>Chipset<span> <\/span>Intel Q670<\/p>\n<p>B\u1ed9 nh\u1edb RAM<\/p>\n<p>Dung l\u01b0\u1ee3ng RAM<span> <\/span>8GB<\/p>\n<p>Lo\u1ea1i RAM<span> <\/span>DDR5<\/p>\n<p>T\u1ed1c \u0111\u1ed9 Bus RAM<span> <\/span>4800<\/p>\n<p>H\u1ed7 tr\u1ee3 RAM t\u1ed1i \u0111a<span> <\/span>Ha\u0303ng kh\u00f4ng c\u00f4ng b\u00f4\u0301<\/p>\n<p>Khe c\u1eafm RAM<span> <\/span>2<\/p>\n<p>\u1ed4 c\u1ee9ng<\/p>\n<p>Dung l\u01b0\u1ee3ng \u1ed5 c\u1ee9ng<span> <\/span>512GB<\/p>\n<p>Lo\u1ea1i \u1ed5 c\u1ee9ng<span> <\/span>SSD<\/p>\n<p>Chu\u1ea9n \u1ed5 c\u1ee9ng m\u1edf r\u1ed9ng<span> <\/span>Chu\u1ea9n \u1ed5 c\u1ee9ng PCIe NVMe TLC SSD<\/p>\n<p>Khe c\u0103\u0301m m\u01a1\u0309 r\u00f4\u0323ng 1 \u1ed5 M.2 2230\/2280; 2 \u1ed5 M.2 2280<\/p>\n<p>\u1ed4 quang<span> <\/span>NO DVD<\/p>\n<p>Card \u0111\u1ed3 h\u1ecda<\/p>\n<p>Card t\u00edch h\u1ee3p<span> <\/span>Intel UHD Graphics<\/p>\n<p>M\u00e0n h\u00ecnh<span> <\/span>23.8Inch<\/p>\n<p>\u0110\u1ed9 ph\u00e2n gi\u1ea3i<span> <\/span>FHD (1920&#215;1080)<\/p>\n<p>M\u00e0n h\u00ecnh c\u1ea3m \u1ee9ng<span> <\/span>Kh\u00f4ng<\/p>\n<p>T\u00ednh n\u0103ng<\/p>\n<p>Webcam<span> <\/span>Camera xoay 5 MP t\u00edch h\u1ee3p micr\u00f4 k\u1ef9 thu\u1eadt s\u1ed1 m\u1ea3ng k\u00e9p 8<\/p>\n<p>K\u1ebft n\u1ed1i<\/p>\n<p>Th\u00f4ng s\u1ed1 (Lan\/Wireless)<span> <\/span>Intel I219-LM PCIe GbE NIC, vPro<\/p>\n<p>K\u1ebft n\u1ed1i kh\u00f4ng d\u00e2y<span> <\/span>Kh\u00f4ng d\u00e2y Intel Wi-Fi 6E AX211 (2&#215;2) and Bluetooth 5.3 wireless card (supporting gigabit data rate)<\/p>\n<p>C\u1ed5ng giao ti\u1ebfp<span> <\/span>C\u1ea1nh tr\u00e1i: 1 combo tai nghe\/micro<\/p>\n<p>\u00a0<\/p>\n<p>B\u00ean ph\u1ea3i : 1 USB Type-C\u00ae t\u1ed1c \u0111\u1ed9 t\u00edn hi\u1ec7u 20Gbps (s\u1ea1c); 1 USB Lo\u1ea1i A t\u1ed1c \u0111\u1ed9 truy\u1ec1n t\u00edn hi\u1ec7u 10Gbps<\/p>\n<p>\u00a0<\/p>\n<p>Ph\u00eda sau : 1 USB Type-C\u00ae t\u1ed1c \u0111\u1ed9 t\u00edn hi\u1ec7u 10Gbps; 2 USB Lo\u1ea1i A t\u1ed1c \u0111\u1ed9 truy\u1ec1n t\u00edn hi\u1ec7u 10Gbps; 2 USB Lo\u1ea1i A t\u1ed1c \u0111\u1ed9 truy\u1ec1n t\u00edn hi\u1ec7u 5Gbps; 1 \u0111\u1ea7u v\u00e0o HDMI 1.4; 1 DisplayPort\u2122 1.4 ch\u1ebf \u0111\u1ed9 k\u00e9p; 1 RJ-45<\/p>\n<p>Ph\u1ea7n m\u1ec1m<\/p>\n<p>H\u1ec7 \u0111i\u1ec1u h\u00e0nh<span> <\/span>Windows 11 Home<\/p>\n<p>Th\u00f4ng tin kh\u00e1c<\/p>\n<p>Ph\u1ee5 ki\u1ec7n<span> <\/span>HP 655 Wireless Keyboard and mouse combo<\/p>\n<p>M\u00f4 t\u1ea3 kh\u00e1c<span> <\/span>Ch\u1ee9c n\u0103ng \u00e2m thanh C\u00f4ng ngh\u1ec7 \u00e2m thanh c\u1ee7a Bang &amp; Olufsen, c\u1ed5ng tai nghe (3,5 mm) b\u00ean c\u1ea1nh, loa \u00e2m thanh n\u1ed5i t\u00edch h\u1ee3p hi\u1ec7u su\u1ea5t cao<\/p>\n<p>K\u00edch th\u01b0\u1edbc<span> <\/span>53.96 x 23.8 x 55.81 cm (System dimensions may fluctuate due to configuration and manufacturing variances.)<\/p>\n<p>Tr\u1ecdng l\u01b0\u1ee3ng<span> <\/span>9,26 kg<\/p>\n<p>M\u00e0u s\u1eafc<span> <\/span>B\u1ea1c<\/p>\n<p>Ph\u00edm, chu\u1ed9t<span> <\/span>K\u00e8m b\u00e0n ph\u00edm, chu\u1ed9t<\/p>\n<\/p><\/div>\n<p>                            <!--                            <\/p>\n<div class=\"xemthem_id_r\">--><br \/>\n                            <!--                                <a><!--\/show\/?token=--><br \/>\n                            <!--\"--><br \/>\n                            <!--                                   class=\"preview fancybox fancybox.ajax\" rel=\"nofollow\"&gt;Xem th&#234;m th&#244;ng s&#7889; k&#7929; thu&#7853;t<\/a>--><br \/>\n                            <!--                            <\/div>\n<p>-->\n                        <\/p><\/div>\n<\/p><\/div>","protected":false},"excerpt":{"rendered":"<ul>\n<p>CPU Intel\u00ae Core\u2122 i5-13500 (24MB, up to 4.80GHz)<\/p>\n<p>RAM 8GB DDR5 4800MHz (2 SODIMM)<\/p>\n<p>SSD 512GB M.2 2280 PCIe NVMe<\/p>\n<p>VGA Intel\u00ae UHD Graphics 770<\/p>\n<p>Display 23.8inch- FHD Anti-glare, Low Blue Light, 250nits, 72% NTSC<\/p>\n<p>Color Silver (B\u1ea1c)<\/p>\n<p>Webcam\/ Wlan ax+BT<\/p>\n<p>Wireless Mouse &amp; Keyboard<\/p>\n<p>Weight 9.26kg<\/p>\n<p>OS Windows 11 Home 64<\/p>\n<\/ul>","protected":false},"featured_media":14494,"comment_status":"closed","ping_status":"closed","template":"","meta":[],"pwb-brand":[],"product_cat":[2887],"product_tag":[25,2852],"class_list":{"0":"post-14493","1":"product","2":"type-product","3":"status-publish","4":"has-post-thumbnail","6":"product_cat-hp","7":"product_tag-man","8":"product_tag-wireless","10":"first","11":"instock","12":"shipping-taxable","13":"product-type-simple"},"brands":[],"_links":{"self":[{"href":"https:\/\/serverhot.vn\/ur\/wp-json\/wp\/v2\/product\/14493","targetHints":{"allow":["GET"]}}],"collection":[{"href":"https:\/\/serverhot.vn\/ur\/wp-json\/wp\/v2\/product"}],"about":[{"href":"https:\/\/serverhot.vn\/ur\/wp-json\/wp\/v2\/types\/product"}],"replies":[{"embeddable":true,"href":"https:\/\/serverhot.vn\/ur\/wp-json\/wp\/v2\/comments?post=14493"}],"wp:featuredmedia":[{"embeddable":true,"href":"https:\/\/serverhot.vn\/ur\/wp-json\/wp\/v2\/media\/14494"}],"wp:attachment":[{"href":"https:\/\/serverhot.vn\/ur\/wp-json\/wp\/v2\/media?parent=14493"}],"wp:term":[{"taxonomy":"pwb-brand","embeddable":true,"href":"https:\/\/serverhot.vn\/ur\/wp-json\/wp\/v2\/pwb-brand?post=14493"},{"taxonomy":"product_cat","embeddable":true,"href":"https:\/\/serverhot.vn\/ur\/wp-json\/wp\/v2\/product_cat?post=14493"},{"taxonomy":"product_tag","embeddable":true,"href":"https:\/\/serverhot.vn\/ur\/wp-json\/wp\/v2\/product_tag?post=14493"}],"curies":[{"name":"wp","href":"https:\/\/api.w.org\/{rel}","templated":true}]}}