{"id":14536,"date":"2024-12-24T06:30:34","date_gmt":"2024-12-23T23:30:34","guid":{"rendered":"https:\/\/serverhot.vn\/-product-\/vo-case-coolermaster-haf-700-full-tower-ma-san-pham-haf-700-evo\/"},"modified":"2024-12-24T06:30:58","modified_gmt":"2024-12-23T23:30:58","slug":"vo-case-coolermaster-haf-700-full-tower-ma-san-pham-haf-700-evo","status":"publish","type":"product","link":"https:\/\/serverhot.vn\/ur\/-product-\/vo-case-coolermaster-haf-700-full-tower-ma-san-pham-haf-700-evo\/","title":{"rendered":"V\u1ecf case CoolerMaster HAF 700 (FULL TOWER) M\u00e3 s\u1ea3n ph\u1ea9m: HAF-700-EVO"},"content":{"rendered":"<div class=\"showText tabs\" id=\"tab2\">\n<div class=\"box_right_pro_view\">\n<div class=\"thongso_pro a_technical\" style=\"max-height: fit-content\">\n<p>M\u00e0u<span> <\/span>Titanium Grey<\/p>\n<p>Ch\u1ea5t li\u1ec7u<span> <\/span>Steel, Plastic<\/p>\n<p>Ch\u1ea5t li\u1ec7u &#8211; M\u1eb7t b\u00ean<span> <\/span>Tempered Glass, Steel, Plastic<\/p>\n<p>K\u00edch th\u01b0\u1edbc (D x R x C)<span> <\/span>556 x 279 x 540 mm (Body Size), 666 x 291 x 626 mm (incl. Protrusions)<\/p>\n<p>Bo m\u1ea1ch ch\u1ee7 h\u1ed7 tr\u1ee3<span> <\/span>Mini ITX, Micro ATX, ATX, E-ATX, SSI CEB, SSI EEB<\/p>\n<p>Khe m\u1edf r\u1ed9ng<span> <\/span>8<\/p>\n<p>2.5&#8243; \/ 3.5&#8243; Khoang \u1ed5 c\u1ee9ng (Combo)<span> <\/span>9 (4*HDD bracket, 5*Screw+Rubber)<\/p>\n<p>I\/O Panel &#8211; USB Ports<span> <\/span>1x USB 3.2 Gen 2 Type C, 4x USB 3.2 Gen 1 (3.0)<\/p>\n<p>I\/O Panel &#8211; Audio In \/ Out<span> <\/span>1x 3.5mm 4 Poles Audio Jack, 1x 3.5mm Mic Jack<\/p>\n<p>Qu\u1ea1t \u0111\u01b0\u1ee3c c\u00e0i \u0111\u1eb7t s\u1eb5n &#8211; Tr\u01b0\u1edbc<span> <\/span>2x SickleFlow 200 ARGB PWM<\/p>\n<p>Qu\u1ea1t \u0111\u01b0\u1ee3c c\u00e0i \u0111\u1eb7t s\u1eb5n &#8211; Sau<span> <\/span>2x SickleFlow 120 ARGB PWM<\/p>\n<p>Qu\u1ea1t \u0111\u01b0\u1ee3c c\u00e0i \u0111\u1eb7t s\u1eb5n &#8211; D\u01b0\u1edbi<span> <\/span>1x SickleFlow 120 ARGB PWM<\/p>\n<p>Qu\u1ea1t h\u1ed7 tr\u1ee3 &#8211; Tr\u00ean<span> <\/span>2x 200mm, 3x 140mm, 6x 120mm (Remove 480mm bracket)<\/p>\n<p>Qu\u1ea1t h\u1ed7 tr\u1ee3 &#8211; Tr\u01b0\u1edbc<span> <\/span>2x 200mm<\/p>\n<p>Qu\u1ea1t h\u1ed7 tr\u1ee3 &#8211; Sau<span> <\/span>2x 120mm<\/p>\n<p>Qu\u1ea1t h\u1ed7 tr\u1ee3 &#8211; D\u01b0\u1edbi<span> <\/span>3x 120\/140mm<\/p>\n<p>Qu\u1ea1t h\u1ed7 tr\u1ee3 &#8211; H\u00f4ng<span> <\/span>4x 120mm \/ 3x 140mm<\/p>\n<p>K\u00e9t n\u01b0\u1edbt h\u1ed7 tr\u1ee3 &#8211; Tr\u00ean<span> <\/span>Up to 2x 360mm \/ 1x 420mm<\/p>\n<p>K\u00e9t n\u01b0\u1edbc h\u1ed7 tr\u1ee3 &#8211; Sau<span> <\/span>Up to 240mm<\/p>\n<p>K\u00e9t n\u01b0\u1edbc h\u1ed7 tr\u1ee3 &#8211; D\u01b0\u1edbi<span> <\/span>Up to 420\/360mm<\/p>\n<p>Radiator Support &#8211; Side<span> <\/span>Up to 480\/420\/360mm<\/p>\n<p>Chi\u1ec1u cao &#8211; T\u1ea3n nhi\u1ec7t kh\u00ed CPU<span> <\/span>166mm \/ 6.53 inch<\/p>\n<p>Chi\u1ec1u d\u00e0i &#8211; PSU Ngu\u1ed3n m\u00e1y t\u00ednh<span> <\/span>200mm \/ 7.87&#8243;<\/p>\n<p>Kh\u00f4ng gian l\u1eafp \u0111\u1eb7t &#8211; GFX<span> <\/span>490mm<\/p>\n<p>\u0110\u1ecbnh tuy\u1ebfn c\u00e1p &#8211; Ph\u00eda sau khay bo m\u1ea1ch ch\u1ee7<span> <\/span>90-101mm<\/p>\n<p>Included Accessories<span> <\/span>1x Rotatable Radiator Bracket, 1x LED Controller A1 (ARGB Gen2), 1x ARGB\/PWM Hub<\/p>\n<p>T\u1ea5m l\u1ecdc b\u1ee5i<span> <\/span>D\u01b0\u1edbi, Right side<\/p>\n<p>Ngu\u1ed3n m\u00e1y t\u00ednh h\u1ed7 tr\u1ee3<span> <\/span>D\u01b0\u1edbi c\u00f9ng, ATX<\/p>\n<p>Size<span> <\/span>Full Tower<\/p>\n<\/p><\/div>\n<p>                            <!--                            <\/p>\n<div class=\"xemthem_id_r\">--><br \/>\n                            <!--                                <a><!--\/show\/?token=--><br \/>\n                            <!--\"--><br \/>\n                            <!--                                   class=\"preview fancybox fancybox.ajax\" rel=\"nofollow\"&gt;Xem th&#234;m th&#244;ng s&#7889; k&#7929; thu&#7853;t<\/a>--><br \/>\n                            <!--                            <\/div>\n<p>-->\n                        <\/p><\/div>\n<\/p><\/div>","protected":false},"excerpt":{"rendered":"<ul>\n<p>Kh\u1ea3 n\u0103ng h\u1ed7 tr\u1ee3 ph\u1ea7n c\u1ee9ng v\u00e0 l\u00e0m m\u00e1t v\u00f4 t\u1eadn<\/p>\n<p>H\u1ed7 tr\u1ee3 t\u1ea3n nhi\u1ec7t n\u01b0\u1edbc Custom m\u1ea1nh m\u1ebd<\/p>\n<p>Kh\u00f4ng ngh\u1ec7 l\u1eafp r\u00e1p kh\u00f4ng c\u1ea7n dung c\u1ee5<\/p>\n<p>ARGB Gen2 \u0111\u00e3 s\u1eb5n s\u00e0ng c\u00f9ng v\u1edbi MasterPlus+<\/p>\n<\/ul>","protected":false},"featured_media":14537,"comment_status":"closed","ping_status":"closed","template":"","meta":[],"pwb-brand":[],"product_cat":[2916],"product_tag":[2841],"class_list":{"0":"post-14536","1":"product","2":"type-product","3":"status-publish","4":"has-post-thumbnail","6":"product_cat-linh-kien-may-chu","7":"product_tag-hdd","9":"first","10":"instock","11":"shipping-taxable","12":"product-type-simple"},"brands":[],"_links":{"self":[{"href":"https:\/\/serverhot.vn\/ur\/wp-json\/wp\/v2\/product\/14536","targetHints":{"allow":["GET"]}}],"collection":[{"href":"https:\/\/serverhot.vn\/ur\/wp-json\/wp\/v2\/product"}],"about":[{"href":"https:\/\/serverhot.vn\/ur\/wp-json\/wp\/v2\/types\/product"}],"replies":[{"embeddable":true,"href":"https:\/\/serverhot.vn\/ur\/wp-json\/wp\/v2\/comments?post=14536"}],"wp:featuredmedia":[{"embeddable":true,"href":"https:\/\/serverhot.vn\/ur\/wp-json\/wp\/v2\/media\/14537"}],"wp:attachment":[{"href":"https:\/\/serverhot.vn\/ur\/wp-json\/wp\/v2\/media?parent=14536"}],"wp:term":[{"taxonomy":"pwb-brand","embeddable":true,"href":"https:\/\/serverhot.vn\/ur\/wp-json\/wp\/v2\/pwb-brand?post=14536"},{"taxonomy":"product_cat","embeddable":true,"href":"https:\/\/serverhot.vn\/ur\/wp-json\/wp\/v2\/product_cat?post=14536"},{"taxonomy":"product_tag","embeddable":true,"href":"https:\/\/serverhot.vn\/ur\/wp-json\/wp\/v2\/product_tag?post=14536"}],"curies":[{"name":"wp","href":"https:\/\/api.w.org\/{rel}","templated":true}]}}