{"id":14575,"date":"2025-01-15T19:00:07","date_gmt":"2025-01-15T12:00:07","guid":{"rendered":"https:\/\/serverhot.vn\/-product-\/may-tinh-de-ban-hp-200-pro-g4-aio-core-i5-1235u-8gb-ram-512gb-ssd-intel-graphics-21-5fhd-webcam-wlan-acbt-usb-keyboard-mouse-win11-home-64-01year-74s25pa-ma-san-pham-74s25pa\/"},"modified":"2025-01-15T19:00:10","modified_gmt":"2025-01-15T12:00:10","slug":"may-tinh-de-ban-hp-200-pro-g4-aio-core-i5-1235u-8gb-ram-512gb-ssd-intel-graphics-21-5fhd-webcam-wlan-acbt-usb-keyboard-mouse-win11-home-64-01year-74s25pa-ma-san-pham-74s25pa","status":"publish","type":"product","link":"https:\/\/serverhot.vn\/ur\/-product-\/may-tinh-de-ban-hp-200-pro-g4-aio-core-i5-1235u-8gb-ram-512gb-ssd-intel-graphics-21-5fhd-webcam-wlan-acbt-usb-keyboard-mouse-win11-home-64-01year-74s25pa-ma-san-pham-74s25pa\/","title":{"rendered":"M\u00e1y t\u00ednh \u0111\u1ec3 b\u00e0n HP 200 Pro G4 AIO, Core i5-1235U, 8GB RAM, 512GB SSD, Intel Graphics, 21.5&#8243;FHD, Webcam, Wlan ac+BT, USB Keyboard &amp; Mouse, Win11 Home 64, 01Year 74S25PA M\u00e3 s\u1ea3n ph\u1ea9m: 74S25PA"},"content":{"rendered":"<div class=\"showText tabs\" id=\"tab2\">\n                                    <\/div>","protected":false},"excerpt":{"rendered":"<ul>\n                                                    <\/ul>","protected":false},"featured_media":14576,"comment_status":"closed","ping_status":"closed","template":"","meta":[],"pwb-brand":[],"product_cat":[2887],"product_tag":[],"class_list":{"0":"post-14575","1":"product","2":"type-product","3":"status-publish","4":"has-post-thumbnail","6":"product_cat-hp","8":"first","9":"instock","10":"shipping-taxable","11":"product-type-simple"},"brands":[],"_links":{"self":[{"href":"https:\/\/serverhot.vn\/ur\/wp-json\/wp\/v2\/product\/14575","targetHints":{"allow":["GET"]}}],"collection":[{"href":"https:\/\/serverhot.vn\/ur\/wp-json\/wp\/v2\/product"}],"about":[{"href":"https:\/\/serverhot.vn\/ur\/wp-json\/wp\/v2\/types\/product"}],"replies":[{"embeddable":true,"href":"https:\/\/serverhot.vn\/ur\/wp-json\/wp\/v2\/comments?post=14575"}],"wp:featuredmedia":[{"embeddable":true,"href":"https:\/\/serverhot.vn\/ur\/wp-json\/wp\/v2\/media\/14576"}],"wp:attachment":[{"href":"https:\/\/serverhot.vn\/ur\/wp-json\/wp\/v2\/media?parent=14575"}],"wp:term":[{"taxonomy":"pwb-brand","embeddable":true,"href":"https:\/\/serverhot.vn\/ur\/wp-json\/wp\/v2\/pwb-brand?post=14575"},{"taxonomy":"product_cat","embeddable":true,"href":"https:\/\/serverhot.vn\/ur\/wp-json\/wp\/v2\/product_cat?post=14575"},{"taxonomy":"product_tag","embeddable":true,"href":"https:\/\/serverhot.vn\/ur\/wp-json\/wp\/v2\/product_tag?post=14575"}],"curies":[{"name":"wp","href":"https:\/\/api.w.org\/{rel}","templated":true}]}}