{"id":14839,"date":"2025-04-11T08:00:16","date_gmt":"2025-04-11T01:00:16","guid":{"rendered":"https:\/\/serverhot.vn\/-product-\/may-tinh-tram-workstation-dell-precision-3680-tower-intel-core-i7-14700-16gb-2x8-ddr5-256gb-ssd_-4tb-hdd-vga-t400-4gb-kb_-m-300w-psu-non-os-3y-wty-_-71058808-ma-san-pham-71058808\/"},"modified":"2025-04-11T08:00:21","modified_gmt":"2025-04-11T01:00:21","slug":"may-tinh-tram-workstation-dell-precision-3680-tower-intel-core-i7-14700-16gb-2x8-ddr5-256gb-ssd_-4tb-hdd-vga-t400-4gb-kb_-m-300w-psu-non-os-3y-wty-_-71058808-ma-san-pham-71058808","status":"publish","type":"product","link":"https:\/\/serverhot.vn\/ur\/-product-\/may-tinh-tram-workstation-dell-precision-3680-tower-intel-core-i7-14700-16gb-2x8-ddr5-256gb-ssd_-4tb-hdd-vga-t400-4gb-kb_-m-300w-psu-non-os-3y-wty-_-71058808-ma-san-pham-71058808\/","title":{"rendered":"M\u00e1y t\u00ednh tr\u1ea1m Workstation Dell Precision 3680 Tower (Intel Core i7-14700 | 16GB (2&#215;8) DDR5 | 256GB SSD_ 4TB HDD | VGA T400 4GB | KB_ M | 300W PSU | Non OS| 3Y WTY) _ 71058808 M\u00e3 s\u1ea3n ph\u1ea9m: 71058808"},"content":{"rendered":"<div class=\"showText tabs\" id=\"tab2\">\n                                    <\/div>","protected":false},"excerpt":{"rendered":"<ul>\n<ul>\n<li>CPU: Intel Core i7-14700 (33 MB cache, 20C\/28T,2.1 GHz to 5.4 GHz, 65W)<\/li>\n<li>RAM: 16GB (2 x8GB) DDR5 4400MHz (x4 khe c\u1eafm)<\/li>\n<li>\u1ed4 c\u1ee9ng: 256GB SSD NVME M2 + 4TB HDD 3.5&#8243; Sata (x2 SSD m2 PICE NVME + x3 HDD 3.5&#8243; sata)<\/li>\n<li>K\u1ebft n\u1ed1i m\u1ea1ng: Lan gigabit (kh\u00f4ng c\u00f3 wifi + bluetooth)<\/li>\n<li>VGA: NVIDIA T400 4GB, 4 GB GDDR6, 3 mDP<\/li>\n<li>Chu\u1ed9t ph\u00edm: \u0111i k\u00e8m theo m\u00e1y<\/li>\n<li>Ngu\u1ed3n: 300W<\/li>\n<li>H\u1ec7 \u0111i\u1ec1u h\u00e0nh: Non OS<\/li>\n<\/ul>\n<\/ul>","protected":false},"featured_media":14840,"comment_status":"closed","ping_status":"closed","template":"","meta":[],"pwb-brand":[],"product_cat":[2886],"product_tag":[2841],"class_list":{"0":"post-14839","1":"product","2":"type-product","3":"status-publish","4":"has-post-thumbnail","6":"product_cat-dell-workstation","7":"product_tag-hdd","9":"first","10":"instock","11":"shipping-taxable","12":"product-type-simple"},"brands":[],"_links":{"self":[{"href":"https:\/\/serverhot.vn\/ur\/wp-json\/wp\/v2\/product\/14839","targetHints":{"allow":["GET"]}}],"collection":[{"href":"https:\/\/serverhot.vn\/ur\/wp-json\/wp\/v2\/product"}],"about":[{"href":"https:\/\/serverhot.vn\/ur\/wp-json\/wp\/v2\/types\/product"}],"replies":[{"embeddable":true,"href":"https:\/\/serverhot.vn\/ur\/wp-json\/wp\/v2\/comments?post=14839"}],"wp:featuredmedia":[{"embeddable":true,"href":"https:\/\/serverhot.vn\/ur\/wp-json\/wp\/v2\/media\/14840"}],"wp:attachment":[{"href":"https:\/\/serverhot.vn\/ur\/wp-json\/wp\/v2\/media?parent=14839"}],"wp:term":[{"taxonomy":"pwb-brand","embeddable":true,"href":"https:\/\/serverhot.vn\/ur\/wp-json\/wp\/v2\/pwb-brand?post=14839"},{"taxonomy":"product_cat","embeddable":true,"href":"https:\/\/serverhot.vn\/ur\/wp-json\/wp\/v2\/product_cat?post=14839"},{"taxonomy":"product_tag","embeddable":true,"href":"https:\/\/serverhot.vn\/ur\/wp-json\/wp\/v2\/product_tag?post=14839"}],"curies":[{"name":"wp","href":"https:\/\/api.w.org\/{rel}","templated":true}]}}