{"id":14841,"date":"2025-04-11T13:31:10","date_gmt":"2025-04-11T06:31:10","guid":{"rendered":"https:\/\/serverhot.vn\/-product-\/thiet-bi-mang-switch-cisco-c9200-48t-e-ma-san-pham-c9200-48t-e\/"},"modified":"2025-04-11T13:31:28","modified_gmt":"2025-04-11T06:31:28","slug":"thiet-bi-mang-switch-cisco-c9200-48t-e-ma-san-pham-c9200-48t-e","status":"publish","type":"product","link":"https:\/\/serverhot.vn\/ur\/-product-\/thiet-bi-mang-switch-cisco-c9200-48t-e-ma-san-pham-c9200-48t-e\/","title":{"rendered":"Thi\u1ebft B\u1ecb M\u1ea1ng Switch Cisco C9200-48T-E M\u00e3 s\u1ea3n ph\u1ea9m: C9200-48T-E"},"content":{"rendered":"<div class=\"showText tabs\" id=\"tab2\">\n<div class=\"box_right_pro_view\">\n<div class=\"thongso_pro a_technical\" style=\"max-height: fit-content\">\n<table border=\"1\">\n<tbody>\n<tr>\n<td>H\u00e3ng<\/td>\n<td>Cisco<\/td>\n<\/tr>\n<tr>\n<td>M\u00f4 h\u00ecnh<\/td>\n<td>C9200-48T-E<\/td>\n<\/tr>\n<tr>\n<td>T\u1ed5ng s\u1ed1 \u0111\u01b0\u1eddng d\u1eabn xu\u1ed1ng 10\/100\/1000 ho\u1eb7c c\u1ed5ng \u0111\u1ed3ng PoE +<\/td>\n<td>48 c\u1ed5ng d\u1eef li\u1ec7u<\/td>\n<\/tr>\n<tr>\n<td>C\u1ea5u h\u00ecnh \u0111\u01b0\u1eddng l\u00ean<\/td>\n<td>T\u00f9y ch\u1ecdn \u0111\u01b0\u1eddng l\u00ean m\u00f4-\u0111un<\/td>\n<\/tr>\n<tr>\n<td>Ngu\u1ed3n \u0111i\u1ec7n AC ch\u00ednh m\u1eb7c \u0111\u1ecbnh<\/td>\n<td>PWR-C6-125WAC<\/td>\n<\/tr>\n<tr>\n<td>Fans<\/td>\n<td>FRU d\u1ef1 ph\u00f2ng<\/td>\n<\/tr>\n<tr>\n<td>Ph\u1ea7n m\u1ec1m<\/td>\n<td>C\u01a1 b\u1ea3n v\u1ec1 M\u1ea1ng<\/td>\n<\/tr>\n<tr>\n<td>X\u1ebfp ch\u1ed3ng b\u0103ng th\u00f4ng<\/td>\n<td>160 Gb \/ gi\u00e2y<\/td>\n<\/tr>\n<tr>\n<td>DRAM<\/td>\n<td>4 GB<\/td>\n<\/tr>\n<tr>\n<td>T\u1ed1c bi\u1ebfn<\/td>\n<td>4 GB<\/td>\n<\/tr>\n<tr>\n<td>chuy\u1ec3n \u0111\u1ed5i c\u00f4ng su\u1ea5t<\/td>\n<td>176 Gb \/ gi\u00e2y<\/td>\n<\/tr>\n<tr>\n<td>T\u1ef7 l\u1ec7 chuy\u1ec3n ti\u1ebfp<\/td>\n<td>261,9 Mpps<\/td>\n<\/tr>\n<tr>\n<td>K\u00edch th\u01b0\u1edbc khung g\u1ea7m<\/td>\n<td>1,73 x 17,5 x 13,8 inch<\/td>\n<\/tr>\n<tr>\n<td>\u00a0<\/td>\n<td>4,4 x 44,5 x 35,0 cm<\/td>\n<\/tr>\n<\/tbody>\n<\/table><\/div>\n<p>                            <!--                            <\/p>\n<div class=\"xemthem_id_r\">--><br \/>\n                            <!--                                <a><!--\/show\/?token=--><br \/>\n                            <!--\"--><br \/>\n                            <!--                                   class=\"preview fancybox fancybox.ajax\" rel=\"nofollow\"&gt;Xem th&#234;m th&#244;ng s&#7889; k&#7929; thu&#7853;t<\/a>--><br \/>\n                            <!--                            <\/div>\n<p>-->\n                        <\/p><\/div>\n<\/p><\/div>","protected":false},"excerpt":{"rendered":"<ul>\n<ul>\n<li>S\u1ed1 c\u1ed5ng : 48 c\u1ed5ng RJ45 10\/100\/100 POE+<\/li>\n<li>B\u0103ng th\u00f4ng (switching capacity) : 176Gbps<\/li>\n<li>Th\u00f4ng l\u01b0\u1ee3ng chuy\u1ec3n ti\u1ebfp (Forwarding) : 130.95 Mbbs<\/li>\n<li>B\u0103ng th\u00f4ng Stacking : 160Gbps<\/li>\n<li>B\u1ed9 nh\u1edb RAM : 4GB<\/li>\n<li>B\u1ed9 nh\u1edb Flash : 4GB<\/li>\n<\/ul>\n<\/ul>","protected":false},"featured_media":14842,"comment_status":"closed","ping_status":"closed","template":"","meta":[],"pwb-brand":[],"product_cat":[2893],"product_tag":[2847,2849],"class_list":{"0":"post-14841","1":"product","2":"type-product","3":"status-publish","4":"has-post-thumbnail","6":"product_cat-cisco","7":"product_tag-cisco","8":"product_tag-switch","10":"first","11":"instock","12":"shipping-taxable","13":"product-type-simple"},"brands":[],"_links":{"self":[{"href":"https:\/\/serverhot.vn\/ur\/wp-json\/wp\/v2\/product\/14841","targetHints":{"allow":["GET"]}}],"collection":[{"href":"https:\/\/serverhot.vn\/ur\/wp-json\/wp\/v2\/product"}],"about":[{"href":"https:\/\/serverhot.vn\/ur\/wp-json\/wp\/v2\/types\/product"}],"replies":[{"embeddable":true,"href":"https:\/\/serverhot.vn\/ur\/wp-json\/wp\/v2\/comments?post=14841"}],"wp:featuredmedia":[{"embeddable":true,"href":"https:\/\/serverhot.vn\/ur\/wp-json\/wp\/v2\/media\/14842"}],"wp:attachment":[{"href":"https:\/\/serverhot.vn\/ur\/wp-json\/wp\/v2\/media?parent=14841"}],"wp:term":[{"taxonomy":"pwb-brand","embeddable":true,"href":"https:\/\/serverhot.vn\/ur\/wp-json\/wp\/v2\/pwb-brand?post=14841"},{"taxonomy":"product_cat","embeddable":true,"href":"https:\/\/serverhot.vn\/ur\/wp-json\/wp\/v2\/product_cat?post=14841"},{"taxonomy":"product_tag","embeddable":true,"href":"https:\/\/serverhot.vn\/ur\/wp-json\/wp\/v2\/product_tag?post=14841"}],"curies":[{"name":"wp","href":"https:\/\/api.w.org\/{rel}","templated":true}]}}