{"id":14843,"date":"2025-04-12T17:00:10","date_gmt":"2025-04-12T10:00:10","guid":{"rendered":"https:\/\/serverhot.vn\/-product-\/ethernet-intel-82599es-10-gigabit-ma-san-pham-82599es\/"},"modified":"2025-04-12T17:00:12","modified_gmt":"2025-04-12T10:00:12","slug":"ethernet-intel-82599es-10-gigabit-ma-san-pham-82599es","status":"publish","type":"product","link":"https:\/\/serverhot.vn\/ur\/-product-\/ethernet-intel-82599es-10-gigabit-ma-san-pham-82599es\/","title":{"rendered":"Ethernet Intel\u00ae 82599ES 10 Gigabit M\u00e3 s\u1ea3n ph\u1ea9m: 82599ES"},"content":{"rendered":"<div class=\"showText tabs\" id=\"tab2\">\n<div class=\"box_right_pro_view\">\n<div class=\"thongso_pro a_technical\" style=\"max-height: fit-content\">\n<p>Th\u00f4ng s\u1ed1 g\u00f3i<\/p>\n<p>K\u00edch th\u01b0\u1edbc g\u00f3i25mm x 25mm<\/p>\n<p>C\u00f4ng ngh\u1ec7 \u1ea3o h\u00f3a cho k\u1ebft n\u1ed1i Intel\u00ae Virtualization Technology for Connectivity<\/p>\n<p>QoS tr\u00ean chip v\u00e0 qu\u1ea3n l\u00fd l\u01b0u l\u01b0\u1ee3ngC\u00f3<\/p>\n<p>Ph\u00e2n chia c\u1ed5ng linh ho\u1ea1t C\u00f3<\/p>\n<p>Ha\u0300ng thi\u00ea\u0301t bi\u0323 ma\u0301y a\u0309o (VMDq) C\u00f3<\/p>\n<p>C\u00f3 kh\u1ea3 n\u0103ng PCI-SIG* SR-IOV C\u00f3<\/p>\n<p>C\u00e1c c\u00f4ng ngh\u1ec7 ti\u00ean ti\u1ebfn<\/p>\n<p>C\u00f4ng Ngh\u1ec7 \u1ea2o H\u00f3a cho K\u1ebft N\u1ed1i Intel\u00ae (VT-c)VMDq, SR-IOV<\/p>\n<p>K\u00eanh c\u00e1p quang tr\u00ean Ethernet C\u00f3<\/p>\n<p>MACsec IEEE 802,1 AE C\u00f3<\/p>\n<p>IEEE 1588 C\u00f3<\/p>\n<p>H\u1ed7 tr\u1ee3 theo c\u00f4ng ngh\u1ec7 Intel\u00ae vPro\u2122Kh\u00f4ng<\/p>\n<p>C\u00f4ng ngh\u1ec7 nh\u1eadp\/xu\u1ea5t d\u1eef li\u1ec7u tr\u1ef1c ti\u1ebfp Intel\u00ae C\u00f3<\/p>\n<p>T\u1ea3i xu\u1ed1ng th\u00f4ng minhC\u00f3<\/p>\n<p>L\u01b0u tr\u1eef qua EthernetiSCSI, FCoE, NFS<\/p>\n<\/p><\/div>\n<p>                            <!--                            <\/p>\n<div class=\"xemthem_id_r\">--><br \/>\n                            <!--                                <a><!--\/show\/?token=--><br \/>\n                            <!--\"--><br \/>\n                            <!--                                   class=\"preview fancybox fancybox.ajax\" rel=\"nofollow\"&gt;Xem th&#234;m th&#244;ng s&#7889; k&#7929; thu&#7853;t<\/a>--><br \/>\n                            <!--                            <\/div>\n<p>-->\n                        <\/p><\/div>\n<\/p><\/div>","protected":false},"excerpt":{"rendered":"<ul>\n<p>C\u1ea5u h\u00ecnh c\u1ed5ngDual<\/p>\n<p>T\u1ed1c \u0111\u1ed9 d\u1eef li\u1ec7u tr\u00ean m\u1ed7i c\u1ed5ng10\/1GbE<\/p>\n<p>Lo\u1ea1i h\u1ec7 th\u1ed1ng giao di\u1ec7nPCIe v2.0 (5.0 GT\/s)<\/p>\n<p>Giao di\u1ec7n d\u1ea3i l\u1ec1 NCC\u00f3<\/p>\n<p>H\u1ed7 tr\u1ee3 khung JumboC\u00f3<\/p>\n<p>C\u00f3 h\u1ed7 tr\u1ee3 giao di\u1ec7nSFI, KR, XAUI, KX, KX4, BX, CX4<\/p>\n<\/ul>","protected":false},"featured_media":14844,"comment_status":"closed","ping_status":"closed","template":"","meta":[],"pwb-brand":[],"product_cat":[2916],"product_tag":[],"class_list":{"0":"post-14843","1":"product","2":"type-product","3":"status-publish","4":"has-post-thumbnail","6":"product_cat-linh-kien-may-chu","8":"first","9":"instock","10":"shipping-taxable","11":"product-type-simple"},"brands":[],"_links":{"self":[{"href":"https:\/\/serverhot.vn\/ur\/wp-json\/wp\/v2\/product\/14843","targetHints":{"allow":["GET"]}}],"collection":[{"href":"https:\/\/serverhot.vn\/ur\/wp-json\/wp\/v2\/product"}],"about":[{"href":"https:\/\/serverhot.vn\/ur\/wp-json\/wp\/v2\/types\/product"}],"replies":[{"embeddable":true,"href":"https:\/\/serverhot.vn\/ur\/wp-json\/wp\/v2\/comments?post=14843"}],"wp:featuredmedia":[{"embeddable":true,"href":"https:\/\/serverhot.vn\/ur\/wp-json\/wp\/v2\/media\/14844"}],"wp:attachment":[{"href":"https:\/\/serverhot.vn\/ur\/wp-json\/wp\/v2\/media?parent=14843"}],"wp:term":[{"taxonomy":"pwb-brand","embeddable":true,"href":"https:\/\/serverhot.vn\/ur\/wp-json\/wp\/v2\/pwb-brand?post=14843"},{"taxonomy":"product_cat","embeddable":true,"href":"https:\/\/serverhot.vn\/ur\/wp-json\/wp\/v2\/product_cat?post=14843"},{"taxonomy":"product_tag","embeddable":true,"href":"https:\/\/serverhot.vn\/ur\/wp-json\/wp\/v2\/product_tag?post=14843"}],"curies":[{"name":"wp","href":"https:\/\/api.w.org\/{rel}","templated":true}]}}