{"id":14845,"date":"2025-04-12T18:30:07","date_gmt":"2025-04-12T11:30:07","guid":{"rendered":"https:\/\/serverhot.vn\/-product-\/camera-ip-2mp-dome-dahua-dh-ipc-hdw1230t2-s5-vn-ma-san-pham-dh-ipc-hdw1230t2-s5-vn\/"},"modified":"2025-04-12T18:30:09","modified_gmt":"2025-04-12T11:30:09","slug":"camera-ip-2mp-dome-dahua-dh-ipc-hdw1230t2-s5-vn-ma-san-pham-dh-ipc-hdw1230t2-s5-vn","status":"publish","type":"product","link":"https:\/\/serverhot.vn\/ur\/-product-\/camera-ip-2mp-dome-dahua-dh-ipc-hdw1230t2-s5-vn-ma-san-pham-dh-ipc-hdw1230t2-s5-vn\/","title":{"rendered":"Camera IP 2MP Dome DAHUA DH-IPC-HDW1230T2-S5-VN M\u00e3 s\u1ea3n ph\u1ea9m: DH-IPC-HDW1230T2-S5-VN"},"content":{"rendered":"<div class=\"showText tabs\" id=\"tab2\">\n<div class=\"box_right_pro_view\">\n<div class=\"thongso_pro a_technical\" style=\"max-height: fit-content\">\n<p>\u0110\u1ed9 ph\u00e2n gi\u1ea3i 1\/2.8\u2033 CMOS 2 MP (1920 \u00d7 1080)@25\/30 fps<\/p>\n<p>Chu\u1ea9n n\u00e9n H.265+, si\u00eau ti\u1ebft ki\u1ec7m b\u0103ng th\u00f4ng v\u00e0 \u1ed5 c\u1ee9ng<\/p>\n<p>\u1ed0ng k\u00ednh c\u1ed1 \u0111\u1ecbnh 2.8mm (102\u00b0H)<\/p>\n<p>T\u1ea7m xa h\u1ed3ng ngo\u1ea1i 30m, ch\u1ebf \u0111\u1ed9 h\u1ed3ng ngo\u1ea1i th\u00f4ng minh<\/p>\n<p>DWDR, 3D NR, HLC, BLC, AWB, AGC, Day\/night mode, ROI\u2026<\/p>\n<p>H\u1ed7 tr\u1ee3 chu\u1ea9n ONVIF<\/p>\n<p>Ch\u1ed1ng b\u1ee5i n\u01b0\u1edbc IP 67<\/p>\n<p>\u00a0<\/p>\n<\/p><\/div>\n<p>                            <!--                            <\/p>\n<div class=\"xemthem_id_r\">--><br \/>\n                            <!--                                <a><!--\/show\/?token=--><br \/>\n                            <!--\"--><br \/>\n                            <!--                                   class=\"preview fancybox fancybox.ajax\" rel=\"nofollow\"&gt;Xem th&#234;m th&#244;ng s&#7889; k&#7929; thu&#7853;t<\/a>--><br \/>\n                            <!--                            <\/div>\n<p>-->\n                        <\/p><\/div>\n<\/p><\/div>","protected":false},"excerpt":{"rendered":"<ul>\n<p>\u0110\u1ed9 ph\u00e2n gi\u1ea3i 1\/2.8\u2033 CMOS 2 MP (1920 \u00d7 1080)@25\/30 fps<\/p>\n<p>Chu\u1ea9n n\u00e9n H.265+, si\u00eau ti\u1ebft ki\u1ec7m b\u0103ng th\u00f4ng v\u00e0 \u1ed5 c\u1ee9ng<\/p>\n<p>\u1ed0ng k\u00ednh c\u1ed1 \u0111\u1ecbnh 2.8mm (102\u00b0H)<\/p>\n<p>T\u1ea7m xa h\u1ed3ng ngo\u1ea1i 30m, ch\u1ebf \u0111\u1ed9 h\u1ed3ng ngo\u1ea1i th\u00f4ng minh<\/p>\n<p>DWDR, 3D NR, HLC, BLC, AWB, AGC, Day\/night mode, ROI\u2026<\/p>\n<p>H\u1ed7 tr\u1ee3 chu\u1ea9n ONVIF<\/p>\n<p>Ch\u1ed1ng b\u1ee5i n\u01b0\u1edbc IP 67<\/p>\n<p>\u00a0<\/p>\n<\/ul>","protected":false},"featured_media":14846,"comment_status":"closed","ping_status":"closed","template":"","meta":[],"pwb-brand":[],"product_cat":[2911],"product_tag":[],"class_list":{"0":"post-14845","1":"product","2":"type-product","3":"status-publish","4":"has-post-thumbnail","6":"product_cat-thiet-bi-camera","8":"first","9":"instock","10":"shipping-taxable","11":"product-type-simple"},"brands":[],"_links":{"self":[{"href":"https:\/\/serverhot.vn\/ur\/wp-json\/wp\/v2\/product\/14845","targetHints":{"allow":["GET"]}}],"collection":[{"href":"https:\/\/serverhot.vn\/ur\/wp-json\/wp\/v2\/product"}],"about":[{"href":"https:\/\/serverhot.vn\/ur\/wp-json\/wp\/v2\/types\/product"}],"replies":[{"embeddable":true,"href":"https:\/\/serverhot.vn\/ur\/wp-json\/wp\/v2\/comments?post=14845"}],"wp:featuredmedia":[{"embeddable":true,"href":"https:\/\/serverhot.vn\/ur\/wp-json\/wp\/v2\/media\/14846"}],"wp:attachment":[{"href":"https:\/\/serverhot.vn\/ur\/wp-json\/wp\/v2\/media?parent=14845"}],"wp:term":[{"taxonomy":"pwb-brand","embeddable":true,"href":"https:\/\/serverhot.vn\/ur\/wp-json\/wp\/v2\/pwb-brand?post=14845"},{"taxonomy":"product_cat","embeddable":true,"href":"https:\/\/serverhot.vn\/ur\/wp-json\/wp\/v2\/product_cat?post=14845"},{"taxonomy":"product_tag","embeddable":true,"href":"https:\/\/serverhot.vn\/ur\/wp-json\/wp\/v2\/product_tag?post=14845"}],"curies":[{"name":"wp","href":"https:\/\/api.w.org\/{rel}","templated":true}]}}